{"id":535,"date":"2019-12-12T15:59:08","date_gmt":"2019-12-12T12:59:08","guid":{"rendered":"http:\/\/conference.cag.edu.tr\/doguakdeniz\/?page_id=535"},"modified":"2023-07-19T19:09:47","modified_gmt":"2023-07-19T16:09:47","slug":"bildiri-ozet-gonderme","status":"publish","type":"page","link":"http:\/\/conference.cag.edu.tr\/doguakdeniz\/bildiri-ozet-gonderme\/","title":{"rendered":"Bildiri \u00d6zet G\u00f6nderme"},"content":{"rendered":"\n<p>Bildiri \u00f6zet g\u00f6nderme son tarihi:  3 Kas\u0131m 2023 olarak belirlenmi\u015ftir. <\/p>\n\n\n\n<p><\/p>\n","protected":false},"excerpt":{"rendered":"<p>Bildiri \u00f6zet g\u00f6nderme son tarihi: 3 Kas\u0131m 2023 olarak belirlenmi\u015ftir.<\/p>\n","protected":false},"author":1,"featured_media":0,"parent":0,"menu_order":0,"comment_status":"closed","ping_status":"closed","template":"","meta":[],"_links":{"self":[{"href":"http:\/\/conference.cag.edu.tr\/doguakdeniz\/wp-json\/wp\/v2\/pages\/535"}],"collection":[{"href":"http:\/\/conference.cag.edu.tr\/doguakdeniz\/wp-json\/wp\/v2\/pages"}],"about":[{"href":"http:\/\/conference.cag.edu.tr\/doguakdeniz\/wp-json\/wp\/v2\/types\/page"}],"author":[{"embeddable":true,"href":"http:\/\/conference.cag.edu.tr\/doguakdeniz\/wp-json\/wp\/v2\/users\/1"}],"replies":[{"embeddable":true,"href":"http:\/\/conference.cag.edu.tr\/doguakdeniz\/wp-json\/wp\/v2\/comments?post=535"}],"version-history":[{"count":9,"href":"http:\/\/conference.cag.edu.tr\/doguakdeniz\/wp-json\/wp\/v2\/pages\/535\/revisions"}],"predecessor-version":[{"id":881,"href":"http:\/\/conference.cag.edu.tr\/doguakdeniz\/wp-json\/wp\/v2\/pages\/535\/revisions\/881"}],"wp:attachment":[{"href":"http:\/\/conference.cag.edu.tr\/doguakdeniz\/wp-json\/wp\/v2\/media?parent=535"}],"curies":[{"name":"wp","href":"https:\/\/api.w.org\/{rel}","templated":true}]}}