{"id":537,"date":"2023-07-12T15:59:23","date_gmt":"2023-07-12T12:59:23","guid":{"rendered":"http:\/\/conference.cag.edu.tr\/doguakdeniz\/?page_id=537"},"modified":"2024-03-05T15:37:40","modified_gmt":"2024-03-05T12:37:40","slug":"kongre-gunleri","status":"publish","type":"page","link":"http:\/\/conference.cag.edu.tr\/doguakdeniz\/kongre-gunleri\/","title":{"rendered":"Kongre Hakk\u0131nda"},"content":{"rendered":"\n<p><\/p>\n\n\n\n<p>D<strong>e\u011ferli Bilim \u0130nsanlar\u0131,<\/strong> <\/p>\n\n\n\n<p><strong>&nbsp;<\/strong>8 Mart 2024 tarihinde d\u00fczenlenecek olan II. Uluslararas\u0131 Do\u011fu Akdeniz Kongresi: Rekabet, \u0130\u015fbirli\u011fi ve S\u00fcrd\u00fcr\u00fclebilirlik<strong> <\/strong>kongresinde sizleri a\u011f\u0131rlayacak olmaktan dolay\u0131 mutluluk duyuyoruz. Kongremiz \u00c7a\u011f \u00dcniversitesi, \u00c7ukurova \u00dcniversitesi, Mersin \u00dcniversitesi i\u015fbirli\u011fi ile \u00c7ukurova \u00dcniversitesi\u2019nde ger\u00e7ekle\u015ftirilecektir. Kongre hem y\u00fcz y\u00fcze hem de online olacak \u015fekilde hibrit olarak ger\u00e7ekle\u015ftirilecektir.<\/p>\n\n\n\n<p class=\"has-text-align-left\"><strong>\u201cII. Uluslararas\u0131 Do\u011fu Akdeniz Kongresi Rekabet, \u0130\u015fbirli\u011fi ve S\u00fcrd\u00fcr\u00fclebilirlik<\/strong> kongremizin temel amac\u0131, Sosyal ve Be\u015feri Bilimler alan\u0131nda Uluslararas\u0131 \u0130li\u015fkiler b\u00f6l\u00fcm\u00fcne y\u00f6nelik bilimsel \u00e7al\u0131\u015fma, uygulama ve deneyimlerin payla\u015f\u0131lmas\u0131na, geli\u015ftirilmesine ve yeni perspektiflerin olu\u015fmas\u0131na arac\u0131l\u0131k ederek Uluslararas\u0131 \u0130li\u015fkiler alan\u0131 ba\u015fta olmak \u00fczere di\u011fer sosyal bilimler alanlar\u0131na katk\u0131da bulunmakt\u0131r. <\/p>\n\n\n\n<p class=\"has-text-align-left\">B\u00f6ylelikle kongreyle, b\u00f6lgenin \u00f6neminin ve g\u00fcvenlik sorunlar\u0131n\u0131n ele al\u0131nd\u0131\u011f\u0131 ilk kongreden farkl\u0131la\u015farak, g\u00fcncel geli\u015fmeler \u0131\u015f\u0131\u011f\u0131nda b\u00f6lgedeki mevcut i\u015fbirli\u011fi, rekabet ve s\u00fcrd\u00fcr\u00fclebilirlik alanlar\u0131 ele al\u0131nacakt\u0131r. Arap-\u0130srail bar\u0131\u015f\u0131 konusunda ilerlemelerin ya\u015fanmas\u0131, Suriye\u2019deki kar\u0131\u015f\u0131kl\u0131klar\u0131n kontrol alt\u0131na girme yolunda olmas\u0131, Ukrayna\u2019da sorunlar nedeniyle Rusya\u2019n\u0131n b\u00f6lge \u00fczerinde daha az g\u00f6r\u00fcn\u00fcr olmas\u0131 gibi uluslararas\u0131 g\u00fcndemde ya\u015fanan geli\u015fmeler, kongrenin temas\u0131na \u201ci\u015fbirli\u011fi\u201d alan\u0131n\u0131n eklenmesinin gerekli oldu\u011funu g\u00f6stermi\u015ftir. Ayr\u0131ca, her ne kadar Do\u011fu Akdeniz b\u00f6lgesinde i\u015fbirli\u011fi \u00f6ne \u00e7\u0131kmaya ba\u015flasa da, \u00c7in\u2019in \u00f6nemli bir akt\u00f6r olarak b\u00f6lgede yeni giri\u015fimlere y\u00f6nelmesi (b\u00f6lgeye ilgisinin artmas\u0131) ve Amerika\u2019n\u0131n Orta Do\u011fu b\u00f6lgesine daha fazla e\u011filmesi benzeri geli\u015fmeler, b\u00f6lgenin bir \u201crekabet\u201d alan\u0131 olabilece\u011finin dikkate al\u0131nmas\u0131n\u0131 gerektirmi\u015ftir. Dolay\u0131s\u0131yla kongrenin ikincisi, b\u00f6lgesel akt\u00f6rleri ele alan ilk kongreden farkl\u0131la\u015farak, k\u00fcresel akt\u00f6rlerin giri\u015fimlerini de de\u011ferlendirecektir.<\/p>\n\n\n\n<p>G\u00fcncel geli\u015fmeler \u0131\u015f\u0131\u011f\u0131nda, Do\u011fu Akdeniz\u2019deki rekabetin i\u015fbirli\u011fine nas\u0131l d\u00f6nebilece\u011fi, b\u00f6lgedeki normalle\u015fme dinamiklerinin neler oldu\u011fu ve artan rekabet alanlar\u0131 de\u011ferlendirilecektir. Bu kapsamda kongre, eyleme ge\u00e7irilebilir sonu\u00e7lar \u00fcretmeyi, disiplinler aras\u0131 i\u015fbirli\u011fini te\u015fvik etmeyi ve b\u00f6lgenin kar\u015f\u0131la\u015ft\u0131\u011f\u0131 zorluklara yenilik\u00e7i \u00e7\u00f6z\u00fcmlerin geli\u015ftirilmesine katk\u0131da bulunmay\u0131 hedeflemektedir.<\/p>\n\n\n\n<p>Kongre hakemli olarak d\u00fczenlenecektir. Bu kapsamda bildiriler kongre i\u00e7in d\u00fczenlenmi\u015f web sitesi \u00fczerinden toplanacakt\u0131r. G\u00f6nderilen bildiriler <strong>hakem de\u011ferlendirmesinden (peer review \/ blind review-gizli) <\/strong>ge\u00e7ecektir. Bildirilerin hakem de\u011ferlendirmesinden ge\u00e7mesi durumunda kat\u0131l\u0131mc\u0131ya bildirimde bulunulacakt\u0131r.<\/p>\n\n\n\n<p>Kongrede sunulan bildiriler K\u0131sa \u00d6zet olarak kongre e-kitap\u00e7\u0131\u011f\u0131nda bas\u0131lacakt\u0131r.<\/p>\n\n\n\n<figure class=\"wp-block-image\"><img loading=\"lazy\" width=\"160\" height=\"118\" src=\"https:\/\/conference.cag.edu.tr\/doguakdeniz\/wp-content\/uploads\/2019\/12\/logodak.png\" alt=\"\" class=\"wp-image-761\"\/><\/figure>\n\n\n\n<figure class=\"wp-block-image\"><img loading=\"lazy\" width=\"150\" height=\"150\" src=\"https:\/\/conference.cag.edu.tr\/doguakdeniz\/wp-content\/uploads\/2019\/12\/foto1-Copy-2.jpg\" alt=\"\" class=\"wp-image-714\"\/><\/figure>\n\n\n\n<figure class=\"wp-block-image\"><img loading=\"lazy\" width=\"150\" height=\"150\" src=\"https:\/\/conference.cag.edu.tr\/doguakdeniz\/wp-content\/uploads\/2019\/12\/ayatekla-Copy-2.jpg\" alt=\"\" class=\"wp-image-715\"\/><\/figure>\n\n\n\n<figure class=\"wp-block-image\"><img loading=\"lazy\" width=\"150\" height=\"150\" src=\"https:\/\/conference.cag.edu.tr\/doguakdeniz\/wp-content\/uploads\/2019\/12\/Narlikuyu-Copy-2.jpg\" alt=\"\" class=\"wp-image-716\"\/><\/figure>\n\n\n\n<p><\/p>\n\n\n\n<p><strong>KONGRE KONULARI<\/strong><\/p>\n\n\n\n<p>Enerji<\/p>\n\n\n\n<p>K\u0131br\u0131s<\/p>\n\n\n\n<p>G\u00f6\u00e7<\/p>\n\n\n\n<p>G\u00fcvenlik<\/p>\n\n\n\n<p>D\u0131\u015f Politika<\/p>\n\n\n\n<p>Uluslararas\u0131 Hukuk<\/p>\n\n\n\n<p>\u0130nsan Haklar\u0131<\/p>\n\n\n\n<p>Ter\u00f6rizm<\/p>\n\n\n\n<p>\u00c7evre<\/p>\n\n\n\n<p>\u0130klim De\u011fi\u015fikli\u011fi<\/p>\n\n\n\n<p>Ekonomi<\/p>\n\n\n\n<p><strong>KONGRE PROGRAMI <\/strong><\/p>\n\n\n\n<p>\u0130kincisini d\u00fczenleyece\u011fimiz kongrenin  program\u0131 ise a\u015fa\u011f\u0131daki \u015fekildedir. <\/p>\n\n\n\n<div class=\"wp-block-columns\">\n<div class=\"wp-block-column\" style=\"flex-basis:100%\">\n<figure class=\"wp-block-image size-large is-resized\"><img loading=\"lazy\" src=\"https:\/\/conference.cag.edu.tr\/doguakdeniz\/wp-content\/uploads\/2024\/03\/ll_Sayfa_1-749x1024.png\" alt=\"\" class=\"wp-image-955\" width=\"841\" height=\"1150\" srcset=\"http:\/\/conference.cag.edu.tr\/doguakdeniz\/wp-content\/uploads\/2024\/03\/ll_Sayfa_1-749x1024.png 749w, http:\/\/conference.cag.edu.tr\/doguakdeniz\/wp-content\/uploads\/2024\/03\/ll_Sayfa_1-219x300.png 219w, http:\/\/conference.cag.edu.tr\/doguakdeniz\/wp-content\/uploads\/2024\/03\/ll_Sayfa_1-768x1050.png 768w, http:\/\/conference.cag.edu.tr\/doguakdeniz\/wp-content\/uploads\/2024\/03\/ll_Sayfa_1-1123x1536.png 1123w, http:\/\/conference.cag.edu.tr\/doguakdeniz\/wp-content\/uploads\/2024\/03\/ll_Sayfa_1-9x12.png 9w, http:\/\/conference.cag.edu.tr\/doguakdeniz\/wp-content\/uploads\/2024\/03\/ll_Sayfa_1.png 1497w\" sizes=\"(max-width: 841px) 100vw, 841px\" \/><\/figure>\n<\/div>\n<\/div>\n\n\n\n<figure class=\"wp-block-image size-large is-resized\"><img loading=\"lazy\" src=\"https:\/\/conference.cag.edu.tr\/doguakdeniz\/wp-content\/uploads\/2024\/03\/ll_Sayfa_2-724x1024.png\" alt=\"\" class=\"wp-image-956\" width=\"843\" height=\"1192\" srcset=\"http:\/\/conference.cag.edu.tr\/doguakdeniz\/wp-content\/uploads\/2024\/03\/ll_Sayfa_2-724x1024.png 724w, http:\/\/conference.cag.edu.tr\/doguakdeniz\/wp-content\/uploads\/2024\/03\/ll_Sayfa_2-212x300.png 212w, http:\/\/conference.cag.edu.tr\/doguakdeniz\/wp-content\/uploads\/2024\/03\/ll_Sayfa_2-768x1086.png 768w, http:\/\/conference.cag.edu.tr\/doguakdeniz\/wp-content\/uploads\/2024\/03\/ll_Sayfa_2-1086x1536.png 1086w, http:\/\/conference.cag.edu.tr\/doguakdeniz\/wp-content\/uploads\/2024\/03\/ll_Sayfa_2-1448x2048.png 1448w, http:\/\/conference.cag.edu.tr\/doguakdeniz\/wp-content\/uploads\/2024\/03\/ll_Sayfa_2-8x12.png 8w, http:\/\/conference.cag.edu.tr\/doguakdeniz\/wp-content\/uploads\/2024\/03\/ll_Sayfa_2.png 1654w\" sizes=\"(max-width: 843px) 100vw, 843px\" \/><\/figure>\n","protected":false},"excerpt":{"rendered":"<p>De\u011ferli Bilim \u0130nsanlar\u0131, &nbsp;8 Mart 2024 tarihinde d\u00fczenlenecek olan II. Uluslararas\u0131 Do\u011fu Akdeniz Kongresi: Rekabet, \u0130\u015fbirli\u011fi ve S\u00fcrd\u00fcr\u00fclebilirlik kongresinde sizleri a\u011f\u0131rlayacak olmaktan dolay\u0131 mutluluk duyuyoruz. Kongremiz \u00c7a\u011f \u00dcniversitesi, \u00c7ukurova \u00dcniversitesi, Mersin \u00dcniversitesi i\u015fbirli\u011fi ile \u00c7ukurova \u00dcniversitesi\u2019nde ger\u00e7ekle\u015ftirilecektir. Kongre hem y\u00fcz y\u00fcze hem de online olacak \u015fekilde hibrit olarak ger\u00e7ekle\u015ftirilecektir. \u201cII. Uluslararas\u0131 Do\u011fu Akdeniz Kongresi Rekabet, [&hellip;]<\/p>\n","protected":false},"author":2,"featured_media":0,"parent":0,"menu_order":0,"comment_status":"closed","ping_status":"closed","template":"","meta":[],"_links":{"self":[{"href":"http:\/\/conference.cag.edu.tr\/doguakdeniz\/wp-json\/wp\/v2\/pages\/537"}],"collection":[{"href":"http:\/\/conference.cag.edu.tr\/doguakdeniz\/wp-json\/wp\/v2\/pages"}],"about":[{"href":"http:\/\/conference.cag.edu.tr\/doguakdeniz\/wp-json\/wp\/v2\/types\/page"}],"author":[{"embeddable":true,"href":"http:\/\/conference.cag.edu.tr\/doguakdeniz\/wp-json\/wp\/v2\/users\/2"}],"replies":[{"embeddable":true,"href":"http:\/\/conference.cag.edu.tr\/doguakdeniz\/wp-json\/wp\/v2\/comments?post=537"}],"version-history":[{"count":27,"href":"http:\/\/conference.cag.edu.tr\/doguakdeniz\/wp-json\/wp\/v2\/pages\/537\/revisions"}],"predecessor-version":[{"id":959,"href":"http:\/\/conference.cag.edu.tr\/doguakdeniz\/wp-json\/wp\/v2\/pages\/537\/revisions\/959"}],"wp:attachment":[{"href":"http:\/\/conference.cag.edu.tr\/doguakdeniz\/wp-json\/wp\/v2\/media?parent=537"}],"curies":[{"name":"wp","href":"https:\/\/api.w.org\/{rel}","templated":true}]}}