{"id":538,"date":"2019-12-12T15:59:36","date_gmt":"2019-12-12T12:59:36","guid":{"rendered":"http:\/\/conference.cag.edu.tr\/doguakdeniz\/?page_id=538"},"modified":"2023-07-19T03:46:29","modified_gmt":"2023-07-19T00:46:29","slug":"kongre-yeri","status":"publish","type":"page","link":"http:\/\/conference.cag.edu.tr\/doguakdeniz\/kongre-yeri\/","title":{"rendered":"Kongre Yeri"},"content":{"rendered":"\n<p>\u00c7ukurova \u00dcniversitesi&#8217;nde hibrit bir \u015fekilde ger\u00e7ekle\u015ftirilecektir. <\/p>\n","protected":false},"excerpt":{"rendered":"<p>\u00c7ukurova \u00dcniversitesi&#8217;nde hibrit bir \u015fekilde ger\u00e7ekle\u015ftirilecektir.<\/p>\n","protected":false},"author":1,"featured_media":0,"parent":0,"menu_order":0,"comment_status":"closed","ping_status":"closed","template":"","meta":[],"_links":{"self":[{"href":"http:\/\/conference.cag.edu.tr\/doguakdeniz\/wp-json\/wp\/v2\/pages\/538"}],"collection":[{"href":"http:\/\/conference.cag.edu.tr\/doguakdeniz\/wp-json\/wp\/v2\/pages"}],"about":[{"href":"http:\/\/conference.cag.edu.tr\/doguakdeniz\/wp-json\/wp\/v2\/types\/page"}],"author":[{"embeddable":true,"href":"http:\/\/conference.cag.edu.tr\/doguakdeniz\/wp-json\/wp\/v2\/users\/1"}],"replies":[{"embeddable":true,"href":"http:\/\/conference.cag.edu.tr\/doguakdeniz\/wp-json\/wp\/v2\/comments?post=538"}],"version-history":[{"count":2,"href":"http:\/\/conference.cag.edu.tr\/doguakdeniz\/wp-json\/wp\/v2\/pages\/538\/revisions"}],"predecessor-version":[{"id":857,"href":"http:\/\/conference.cag.edu.tr\/doguakdeniz\/wp-json\/wp\/v2\/pages\/538\/revisions\/857"}],"wp:attachment":[{"href":"http:\/\/conference.cag.edu.tr\/doguakdeniz\/wp-json\/wp\/v2\/media?parent=538"}],"curies":[{"name":"wp","href":"https:\/\/api.w.org\/{rel}","templated":true}]}}