{"id":543,"date":"2019-12-12T16:00:13","date_gmt":"2019-12-12T13:00:13","guid":{"rendered":"http:\/\/conference.cag.edu.tr\/doguakdeniz\/?page_id=543"},"modified":"2023-07-20T13:57:39","modified_gmt":"2023-07-20T10:57:39","slug":"onur-kurulu","status":"publish","type":"page","link":"http:\/\/conference.cag.edu.tr\/doguakdeniz\/onur-kurulu\/","title":{"rendered":"Onur Kurulu"},"content":{"rendered":"\n<p>Prof. Dr. \u00dcnal Ay-\u00c7a\u011f \u00dcniversitesi Rekt\u00f6r\u00fc <\/p>\n\n\n\n<p><\/p>\n\n\n\n<p><\/p>\n\n\n\n<p>Prof. Dr. Erol Ya\u015far &#8211; Mersin \u00dcniversitesi<\/p>\n\n\n\n<p>Prof. Dr. Adnan Sofuo\u011flu-Atat\u00fcrk K\u00fclt\u00fcr Dil ve Tarih Y\u00fcksek Kurumu Atat\u00fcrk Ara\u015ft\u0131rma Merkezi Ba\u015fkan\u0131                                                                                                  <\/p>\n\n\n\n<p>                                       <\/p>\n","protected":false},"excerpt":{"rendered":"<p>Prof. Dr. \u00dcnal Ay-\u00c7a\u011f \u00dcniversitesi Rekt\u00f6r\u00fc Prof. Dr. Erol Ya\u015far &#8211; Mersin \u00dcniversitesi Prof. Dr. Adnan Sofuo\u011flu-Atat\u00fcrk K\u00fclt\u00fcr Dil ve Tarih Y\u00fcksek Kurumu Atat\u00fcrk Ara\u015ft\u0131rma Merkezi Ba\u015fkan\u0131<\/p>\n","protected":false},"author":1,"featured_media":0,"parent":0,"menu_order":0,"comment_status":"closed","ping_status":"closed","template":"","meta":[],"_links":{"self":[{"href":"http:\/\/conference.cag.edu.tr\/doguakdeniz\/wp-json\/wp\/v2\/pages\/543"}],"collection":[{"href":"http:\/\/conference.cag.edu.tr\/doguakdeniz\/wp-json\/wp\/v2\/pages"}],"about":[{"href":"http:\/\/conference.cag.edu.tr\/doguakdeniz\/wp-json\/wp\/v2\/types\/page"}],"author":[{"embeddable":true,"href":"http:\/\/conference.cag.edu.tr\/doguakdeniz\/wp-json\/wp\/v2\/users\/1"}],"replies":[{"embeddable":true,"href":"http:\/\/conference.cag.edu.tr\/doguakdeniz\/wp-json\/wp\/v2\/comments?post=543"}],"version-history":[{"count":7,"href":"http:\/\/conference.cag.edu.tr\/doguakdeniz\/wp-json\/wp\/v2\/pages\/543\/revisions"}],"predecessor-version":[{"id":903,"href":"http:\/\/conference.cag.edu.tr\/doguakdeniz\/wp-json\/wp\/v2\/pages\/543\/revisions\/903"}],"wp:attachment":[{"href":"http:\/\/conference.cag.edu.tr\/doguakdeniz\/wp-json\/wp\/v2\/media?parent=543"}],"curies":[{"name":"wp","href":"https:\/\/api.w.org\/{rel}","templated":true}]}}