{"id":554,"date":"2019-12-12T16:00:29","date_gmt":"2019-12-12T13:00:29","guid":{"rendered":"http:\/\/conference.cag.edu.tr\/doguakdeniz\/?page_id=554"},"modified":"2023-07-19T19:36:16","modified_gmt":"2023-07-19T16:36:16","slug":"yayin-olanaklari","status":"publish","type":"page","link":"http:\/\/conference.cag.edu.tr\/doguakdeniz\/yayin-olanaklari\/","title":{"rendered":"YAYIN OLANAKLARI"},"content":{"rendered":"\n<p><\/p>\n\n\n\n<p>Kongre hakemli olarak d\u00fczenlenecektir. Bu kapsamda bildiriler kongre i\u00e7in d\u00fczenlenmi\u015f web sitesi \u00fczerinden toplanacakt\u0131r. G\u00f6nderilen bildiriler <strong>hakem de\u011ferlendirmesinden (peer review \/ blind review-gizli) <\/strong>ge\u00e7ecektir. Bildirilerin hakem de\u011ferlendirmesinden ge\u00e7mesi durumunda kat\u0131l\u0131mc\u0131ya bildirimde bulunulacakt\u0131r.<\/p>\n\n\n\n<p>Kongrede sunulan bildiriler K\u0131sa \u00d6zet olarak kongre e-kitap\u00e7\u0131\u011f\u0131nda bas\u0131lacakt\u0131r. <\/p>\n\n\n\n<p><\/p>\n","protected":false},"excerpt":{"rendered":"<p>Kongre hakemli olarak d\u00fczenlenecektir. Bu kapsamda bildiriler kongre i\u00e7in d\u00fczenlenmi\u015f web sitesi \u00fczerinden toplanacakt\u0131r. G\u00f6nderilen bildiriler hakem de\u011ferlendirmesinden (peer review \/ blind review-gizli) ge\u00e7ecektir. Bildirilerin hakem de\u011ferlendirmesinden ge\u00e7mesi durumunda kat\u0131l\u0131mc\u0131ya bildirimde bulunulacakt\u0131r. Kongrede sunulan bildiriler K\u0131sa \u00d6zet olarak kongre e-kitap\u00e7\u0131\u011f\u0131nda bas\u0131lacakt\u0131r.<\/p>\n","protected":false},"author":1,"featured_media":0,"parent":0,"menu_order":0,"comment_status":"closed","ping_status":"closed","template":"","meta":[],"_links":{"self":[{"href":"http:\/\/conference.cag.edu.tr\/doguakdeniz\/wp-json\/wp\/v2\/pages\/554"}],"collection":[{"href":"http:\/\/conference.cag.edu.tr\/doguakdeniz\/wp-json\/wp\/v2\/pages"}],"about":[{"href":"http:\/\/conference.cag.edu.tr\/doguakdeniz\/wp-json\/wp\/v2\/types\/page"}],"author":[{"embeddable":true,"href":"http:\/\/conference.cag.edu.tr\/doguakdeniz\/wp-json\/wp\/v2\/users\/1"}],"replies":[{"embeddable":true,"href":"http:\/\/conference.cag.edu.tr\/doguakdeniz\/wp-json\/wp\/v2\/comments?post=554"}],"version-history":[{"count":10,"href":"http:\/\/conference.cag.edu.tr\/doguakdeniz\/wp-json\/wp\/v2\/pages\/554\/revisions"}],"predecessor-version":[{"id":889,"href":"http:\/\/conference.cag.edu.tr\/doguakdeniz\/wp-json\/wp\/v2\/pages\/554\/revisions\/889"}],"wp:attachment":[{"href":"http:\/\/conference.cag.edu.tr\/doguakdeniz\/wp-json\/wp\/v2\/media?parent=554"}],"curies":[{"name":"wp","href":"https:\/\/api.w.org\/{rel}","templated":true}]}}