{"id":556,"date":"2019-12-12T16:00:43","date_gmt":"2019-12-12T13:00:43","guid":{"rendered":"http:\/\/conference.cag.edu.tr\/doguakdeniz\/?page_id=556"},"modified":"2023-07-19T19:34:39","modified_gmt":"2023-07-19T16:34:39","slug":"konaklama","status":"publish","type":"page","link":"http:\/\/conference.cag.edu.tr\/doguakdeniz\/konaklama\/","title":{"rendered":"KONAKLAMA"},"content":{"rendered":"\n<p>Olas\u0131 sorular\u0131n\u0131z\u0131  dakdeniz@cag.edu.tr  adresi arac\u0131l\u0131\u011f\u0131yla sorabilirsiniz. <\/p>\n\n\n\n<figure class=\"wp-block-gallery aligncenter columns-4\"><ul class=\"blocks-gallery-grid\"><li class=\"blocks-gallery-item\"><figure><img loading=\"lazy\" width=\"493\" height=\"400\" src=\"http:\/\/conference.cag.edu.tr\/doguakdeniz\/wp-content\/uploads\/2019\/12\/logoo.png\" alt=\"\" data-id=\"758\" data-full-url=\"http:\/\/conference.cag.edu.tr\/doguakdeniz\/wp-content\/uploads\/2019\/12\/logoo.png\" data-link=\"http:\/\/conference.cag.edu.tr\/doguakdeniz\/logoo\/\" class=\"wp-image-758\" srcset=\"http:\/\/conference.cag.edu.tr\/doguakdeniz\/wp-content\/uploads\/2019\/12\/logoo.png 493w, http:\/\/conference.cag.edu.tr\/doguakdeniz\/wp-content\/uploads\/2019\/12\/logoo-300x243.png 300w\" sizes=\"(max-width: 493px) 100vw, 493px\" \/><\/figure><\/li><li class=\"blocks-gallery-item\"><figure><img loading=\"lazy\" width=\"400\" height=\"420\" src=\"http:\/\/conference.cag.edu.tr\/doguakdeniz\/wp-content\/uploads\/2019\/12\/ayatekla-Copy-1.jpg\" alt=\"\" data-id=\"707\" data-full-url=\"http:\/\/conference.cag.edu.tr\/doguakdeniz\/wp-content\/uploads\/2019\/12\/ayatekla-Copy-1.jpg\" data-link=\"http:\/\/conference.cag.edu.tr\/doguakdeniz\/konaklama\/ayatekla-copy-1\/\" class=\"wp-image-707\" srcset=\"http:\/\/conference.cag.edu.tr\/doguakdeniz\/wp-content\/uploads\/2019\/12\/ayatekla-Copy-1.jpg 400w, http:\/\/conference.cag.edu.tr\/doguakdeniz\/wp-content\/uploads\/2019\/12\/ayatekla-Copy-1-286x300.jpg 286w\" sizes=\"(max-width: 400px) 100vw, 400px\" \/><\/figure><\/li><li class=\"blocks-gallery-item\"><figure><img loading=\"lazy\" width=\"400\" height=\"420\" src=\"http:\/\/conference.cag.edu.tr\/doguakdeniz\/wp-content\/uploads\/2019\/12\/foto1-Copy-1.jpg\" alt=\"\" data-id=\"708\" data-full-url=\"http:\/\/conference.cag.edu.tr\/doguakdeniz\/wp-content\/uploads\/2019\/12\/foto1-Copy-1.jpg\" data-link=\"http:\/\/conference.cag.edu.tr\/doguakdeniz\/konaklama\/foto1-copy-1\/\" class=\"wp-image-708\" srcset=\"http:\/\/conference.cag.edu.tr\/doguakdeniz\/wp-content\/uploads\/2019\/12\/foto1-Copy-1.jpg 400w, http:\/\/conference.cag.edu.tr\/doguakdeniz\/wp-content\/uploads\/2019\/12\/foto1-Copy-1-286x300.jpg 286w\" sizes=\"(max-width: 400px) 100vw, 400px\" \/><\/figure><\/li><li class=\"blocks-gallery-item\"><figure><img loading=\"lazy\" width=\"400\" height=\"420\" src=\"http:\/\/conference.cag.edu.tr\/doguakdeniz\/wp-content\/uploads\/2019\/12\/Narlikuyu-Copy-1.jpg\" alt=\"\" data-id=\"709\" data-full-url=\"http:\/\/conference.cag.edu.tr\/doguakdeniz\/wp-content\/uploads\/2019\/12\/Narlikuyu-Copy-1.jpg\" data-link=\"http:\/\/conference.cag.edu.tr\/doguakdeniz\/konaklama\/narlikuyu-copy-1\/\" class=\"wp-image-709\" srcset=\"http:\/\/conference.cag.edu.tr\/doguakdeniz\/wp-content\/uploads\/2019\/12\/Narlikuyu-Copy-1.jpg 400w, http:\/\/conference.cag.edu.tr\/doguakdeniz\/wp-content\/uploads\/2019\/12\/Narlikuyu-Copy-1-286x300.jpg 286w\" sizes=\"(max-width: 400px) 100vw, 400px\" \/><\/figure><\/li><li class=\"blocks-gallery-item\"><figure><img loading=\"lazy\" width=\"1024\" height=\"157\" src=\"http:\/\/conference.cag.edu.tr\/doguakdeniz\/wp-content\/uploads\/2019\/12\/Ekran-Al\u0131nt\u0131s\u013111-1024x157.jpg\" alt=\"\" data-id=\"711\" data-full-url=\"http:\/\/conference.cag.edu.tr\/doguakdeniz\/wp-content\/uploads\/2019\/12\/Ekran-Al\u0131nt\u0131s\u013111.jpg\" data-link=\"http:\/\/conference.cag.edu.tr\/doguakdeniz\/konaklama\/ekran-alintisi11\/\" class=\"wp-image-711\" srcset=\"http:\/\/conference.cag.edu.tr\/doguakdeniz\/wp-content\/uploads\/2019\/12\/Ekran-Al\u0131nt\u0131s\u013111-1024x157.jpg 1024w, http:\/\/conference.cag.edu.tr\/doguakdeniz\/wp-content\/uploads\/2019\/12\/Ekran-Al\u0131nt\u0131s\u013111-300x46.jpg 300w, http:\/\/conference.cag.edu.tr\/doguakdeniz\/wp-content\/uploads\/2019\/12\/Ekran-Al\u0131nt\u0131s\u013111-768x118.jpg 768w, http:\/\/conference.cag.edu.tr\/doguakdeniz\/wp-content\/uploads\/2019\/12\/Ekran-Al\u0131nt\u0131s\u013111.jpg 1298w\" sizes=\"(max-width: 1024px) 100vw, 1024px\" \/><\/figure><\/li><\/ul><\/figure>\n","protected":false},"excerpt":{"rendered":"<p>Olas\u0131 sorular\u0131n\u0131z\u0131 dakdeniz@cag.edu.tr adresi arac\u0131l\u0131\u011f\u0131yla sorabilirsiniz.<\/p>\n","protected":false},"author":1,"featured_media":0,"parent":0,"menu_order":0,"comment_status":"closed","ping_status":"closed","template":"","meta":[],"_links":{"self":[{"href":"http:\/\/conference.cag.edu.tr\/doguakdeniz\/wp-json\/wp\/v2\/pages\/556"}],"collection":[{"href":"http:\/\/conference.cag.edu.tr\/doguakdeniz\/wp-json\/wp\/v2\/pages"}],"about":[{"href":"http:\/\/conference.cag.edu.tr\/doguakdeniz\/wp-json\/wp\/v2\/types\/page"}],"author":[{"embeddable":true,"href":"http:\/\/conference.cag.edu.tr\/doguakdeniz\/wp-json\/wp\/v2\/users\/1"}],"replies":[{"embeddable":true,"href":"http:\/\/conference.cag.edu.tr\/doguakdeniz\/wp-json\/wp\/v2\/comments?post=556"}],"version-history":[{"count":12,"href":"http:\/\/conference.cag.edu.tr\/doguakdeniz\/wp-json\/wp\/v2\/pages\/556\/revisions"}],"predecessor-version":[{"id":887,"href":"http:\/\/conference.cag.edu.tr\/doguakdeniz\/wp-json\/wp\/v2\/pages\/556\/revisions\/887"}],"wp:attachment":[{"href":"http:\/\/conference.cag.edu.tr\/doguakdeniz\/wp-json\/wp\/v2\/media?parent=556"}],"curies":[{"name":"wp","href":"https:\/\/api.w.org\/{rel}","templated":true}]}}