{"id":562,"date":"2019-12-12T16:00:58","date_gmt":"2019-12-12T13:00:58","guid":{"rendered":"http:\/\/conference.cag.edu.tr\/doguakdeniz\/?page_id=562"},"modified":"2023-07-19T04:12:48","modified_gmt":"2023-07-19T01:12:48","slug":"iletisim","status":"publish","type":"page","link":"http:\/\/conference.cag.edu.tr\/doguakdeniz\/iletisim\/","title":{"rendered":"\u0130LET\u0130\u015e\u0130M"},"content":{"rendered":"","protected":false},"excerpt":{"rendered":"","protected":false},"author":1,"featured_media":0,"parent":0,"menu_order":0,"comment_status":"closed","ping_status":"closed","template":"","meta":[],"_links":{"self":[{"href":"http:\/\/conference.cag.edu.tr\/doguakdeniz\/wp-json\/wp\/v2\/pages\/562"}],"collection":[{"href":"http:\/\/conference.cag.edu.tr\/doguakdeniz\/wp-json\/wp\/v2\/pages"}],"about":[{"href":"http:\/\/conference.cag.edu.tr\/doguakdeniz\/wp-json\/wp\/v2\/types\/page"}],"author":[{"embeddable":true,"href":"http:\/\/conference.cag.edu.tr\/doguakdeniz\/wp-json\/wp\/v2\/users\/1"}],"replies":[{"embeddable":true,"href":"http:\/\/conference.cag.edu.tr\/doguakdeniz\/wp-json\/wp\/v2\/comments?post=562"}],"version-history":[{"count":5,"href":"http:\/\/conference.cag.edu.tr\/doguakdeniz\/wp-json\/wp\/v2\/pages\/562\/revisions"}],"predecessor-version":[{"id":878,"href":"http:\/\/conference.cag.edu.tr\/doguakdeniz\/wp-json\/wp\/v2\/pages\/562\/revisions\/878"}],"wp:attachment":[{"href":"http:\/\/conference.cag.edu.tr\/doguakdeniz\/wp-json\/wp\/v2\/media?parent=562"}],"curies":[{"name":"wp","href":"https:\/\/api.w.org\/{rel}","templated":true}]}}