{"id":820,"date":"2023-07-17T23:50:23","date_gmt":"2023-07-17T20:50:23","guid":{"rendered":"https:\/\/conference.cag.edu.tr\/doguakdeniz\/?page_id=820"},"modified":"2023-12-20T14:48:02","modified_gmt":"2023-12-20T11:48:02","slug":"820-2","status":"publish","type":"page","link":"http:\/\/conference.cag.edu.tr\/doguakdeniz\/820-2\/","title":{"rendered":"2021- I. Uuslararas\u0131 Do\u011fu Akdeniz Kongresi"},"content":{"rendered":"\n<p><strong> I. Uuslararas\u0131 Do\u011fu Akdeniz Kongresi G\u00fcvenlik Bar\u0131\u015f ve \u0130stikrar temas\u0131yla <\/strong>\u00c7a\u011f \u00dcniversitesi, \u00c7ukurova \u00dcniversitesi, Mersin \u00dcniversitesi ve Atat\u00fcrk Ara\u015ft\u0131rma Merkezi i\u015fbirli\u011fi ile \u00c7a\u011f \u00dcniversitesi\u2019nde ger\u00e7ekle\u015ftirilmi\u015ftir. \u201cUluslararas\u0131 Do\u011fu Akdeniz Kongresi: G\u00fcvenlik, Bar\u0131\u015f ve \u0130stikrar\u201d ba\u015fl\u0131\u011f\u0131 alt\u0131nda d\u00fczenlenen ilk kongrede, T\u00fcrkiye-Yunanistan ili\u015fkileri, Do\u011fu Akdeniz sorununun g\u00fcvenlik, enerji ve uluslararas\u0131 hukuk boyutlar\u0131 gibi \u00e7e\u015fitli konular ele al\u0131nm\u0131\u015ft\u0131r. S\u00f6z konusu bu ilk kongrede, b\u00f6lgenin \u00f6neminin ve sorunlar\u0131n\u0131n ele al\u0131nmas\u0131 ama\u00e7lanm\u0131\u015ft\u0131r. Ayr\u0131ca bu sorunlar, uluslararas\u0131 hukuk perspektifinden de\u011ferlendirilmi\u015ftir.<\/p>\n\n\n\n<figure class=\"wp-block-image size-full\"><img loading=\"lazy\" width=\"445\" height=\"541\" src=\"https:\/\/conference.cag.edu.tr\/doguakdeniz\/wp-content\/uploads\/2023\/12\/past-congress.png\" alt=\"\" class=\"wp-image-913\" srcset=\"http:\/\/conference.cag.edu.tr\/doguakdeniz\/wp-content\/uploads\/2023\/12\/past-congress.png 445w, http:\/\/conference.cag.edu.tr\/doguakdeniz\/wp-content\/uploads\/2023\/12\/past-congress-247x300.png 247w, http:\/\/conference.cag.edu.tr\/doguakdeniz\/wp-content\/uploads\/2023\/12\/past-congress-10x12.png 10w\" sizes=\"(max-width: 445px) 100vw, 445px\" \/><\/figure>\n\n\n\n<figure class=\"wp-block-image size-full is-resized\"><img loading=\"lazy\" src=\"https:\/\/conference.cag.edu.tr\/doguakdeniz\/wp-content\/uploads\/2023\/12\/past-congress-2-1.png\" alt=\"\" class=\"wp-image-914\" width=\"767\" height=\"341\" srcset=\"http:\/\/conference.cag.edu.tr\/doguakdeniz\/wp-content\/uploads\/2023\/12\/past-congress-2-1.png 343w, http:\/\/conference.cag.edu.tr\/doguakdeniz\/wp-content\/uploads\/2023\/12\/past-congress-2-1-300x133.png 300w, http:\/\/conference.cag.edu.tr\/doguakdeniz\/wp-content\/uploads\/2023\/12\/past-congress-2-1-18x8.png 18w\" sizes=\"(max-width: 767px) 100vw, 767px\" \/><\/figure>\n\n\n\n<p><strong>2021 YILI D\u00dcZENLEME KURULU <\/strong><\/p>\n\n\n\n<figure class=\"wp-block-table\"><table><tbody><tr><td>Prof. Dr.<\/td><td>Ali Engin Oba<\/td><td>\u00c7a\u011f \u00dcniversitesi<\/td><\/tr><tr><td>Prof. Dr.<\/td><td>Esat Arslan<\/td><td>\u00c7a\u011f \u00dcniversitesi<\/td><\/tr><tr><td>Prof. Dr.<\/td><td>Harun Ar\u0131kan<\/td><td>\u00c7ukurova \u00dcniversitesi<\/td><\/tr><tr><td>Dr. \u00d6\u011fr. \u00dcyesi<\/td><td>Azime Telli<\/td><td>Mersin \u00dcniversitesi<\/td><\/tr><tr><td>Dr. \u00d6\u011fr. \u00dcyesi<\/td><td>Onur \u015een<\/td><td>Mersin \u00dcniversitesi<\/td><\/tr><tr><td>Dr. \u00d6\u011fr. \u00dcyesi<\/td><td>Sami Do\u011fru<\/td><td>\u00c7a\u011f \u00dcniversitesi<\/td><\/tr><tr><td>Dr. \u00d6\u011fr. \u00dcyesi<\/td><td>Sevgi Balkan \u015eahin<\/td><td>\u00c7a\u011f \u00dcniversitesi<\/td><\/tr><tr><td>Dr. \u00d6\u011fr. \u00dcyesi<\/td><td>Saffet Akkaya<\/td><td>\u00c7a\u011f \u00dcniversitesi<\/td><\/tr><tr><td>Ar\u015f. G\u00f6r.<\/td><td>\u00d6zge \u00c7etiner<\/td><td>\u00c7a\u011f \u00dcniversitesi<\/td><\/tr><tr><td>Ar\u015f. G\u00f6r.<\/td><td>\u0130lke Ta\u015fdemir<\/td><td>\u00c7a\u011f \u00dcniversitesi<\/td><\/tr><\/tbody><\/table><\/figure>\n\n\n\n<h4><strong>2021 YILI B\u0130L\u0130M KURULU <\/strong><\/h4>\n\n\n\n<figure class=\"wp-block-table\"><table><tbody><tr><td>rof. Dr.<\/td><td>\u015e\u00fckr\u00fc Sina G\u00fcrel<\/td><td>At\u0131l\u0131m \u00dcniversitesi<\/td><\/tr><tr><td>Prof. Dr.<\/td><td>H\u00fcseyin Pazarc\u0131<\/td><td>Yak\u0131n Do\u011fu \u00dcniversitesi<\/td><\/tr><tr><td>B\u00fcy\u00fckel\u00e7i (E)<\/td><td>Yi\u011fit Alpogan<\/td><td>Avrasya \u0130ncelemeleri Merkezi<\/td><\/tr><tr><td>Prof. Dr.<\/td><td>\u00dcnal Ay<\/td><td>\u00c7a\u011f \u00dcniversitesi&nbsp;<\/td><\/tr><tr><td>Prof. Dr.<\/td><td>Halil \u00c7etin Bedestenci<\/td><td>\u00c7a\u011f \u00dcniversitesi&nbsp;<\/td><\/tr><tr><td>Prof. Dr.<\/td><td>Y\u00fccel Ertekin<\/td><td>\u00c7a\u011f \u00dcniversitesi&nbsp;<\/td><\/tr><tr><td>Prof. Dr.<\/td><td>Mustafa Ba\u015faran<\/td><td>&nbsp;\u00c7a\u011f \u00dcniversitesi<\/td><\/tr><tr><td>Prof. Dr.<\/td><td>Fikret D\u00fclger<\/td><td>\u00c7ukurova \u00dcniversitesi<\/td><\/tr><tr><td>Prof. Dr.<\/td><td>Mehmet \u0130smail Ya\u011fc\u0131<\/td><td>Mersin \u00dcniversitesi<\/td><\/tr><tr><td>Prof. Dr.<\/td><td>S\u00fcleyman De\u011firmen<\/td><td>Mersin \u00dcniversitesi<\/td><\/tr><tr><td>Prof. Dr.<\/td><td>M. Tevfik Odman<\/td><td>\u00c7a\u011f \u00dcniversitesi&nbsp;<\/td><\/tr><\/tbody><\/table><\/figure>\n\n\n\n<p><strong>2021 YILI ONUR KURULU <\/strong><\/p>\n\n\n\n<p>Prof. Dr. \u00dcnal Ay-\u00c7a\u011f \u00dcniversitesi Rekt\u00f6r\u00fc<\/p>\n\n\n\n<p>Prof. Dr. Musta Kibar-\u00c7ukurova \u00dcniversitesi Rekt\u00f6r\u00fc<\/p>\n\n\n\n<p>Prof. Dr.Ahmet \u00c7amsar\u0131-Mersin \u00dcniversitesi Rekt\u00f6r\u00fc<\/p>\n\n\n\n<p>Prof. Dr. Adnan Sofuo\u011flu-Atat\u00fcrk K\u00fclt\u00fcr Dil ve Tarih Y\u00fcksek Kurumu Atat\u00fcrk Ara\u015ft\u0131rma Merkezi Ba\u015fkan\u0131<\/p>\n","protected":false},"excerpt":{"rendered":"<p>I. Uuslararas\u0131 Do\u011fu Akdeniz Kongresi G\u00fcvenlik Bar\u0131\u015f ve \u0130stikrar temas\u0131yla \u00c7a\u011f \u00dcniversitesi, \u00c7ukurova \u00dcniversitesi, Mersin \u00dcniversitesi ve Atat\u00fcrk Ara\u015ft\u0131rma Merkezi i\u015fbirli\u011fi ile \u00c7a\u011f \u00dcniversitesi\u2019nde ger\u00e7ekle\u015ftirilmi\u015ftir. \u201cUluslararas\u0131 Do\u011fu Akdeniz Kongresi: G\u00fcvenlik, Bar\u0131\u015f ve \u0130stikrar\u201d ba\u015fl\u0131\u011f\u0131 alt\u0131nda d\u00fczenlenen ilk kongrede, T\u00fcrkiye-Yunanistan ili\u015fkileri, Do\u011fu Akdeniz sorununun g\u00fcvenlik, enerji ve uluslararas\u0131 hukuk boyutlar\u0131 gibi \u00e7e\u015fitli konular ele al\u0131nm\u0131\u015ft\u0131r. S\u00f6z [&hellip;]<\/p>\n","protected":false},"author":1,"featured_media":0,"parent":0,"menu_order":0,"comment_status":"closed","ping_status":"closed","template":"","meta":[],"_links":{"self":[{"href":"http:\/\/conference.cag.edu.tr\/doguakdeniz\/wp-json\/wp\/v2\/pages\/820"}],"collection":[{"href":"http:\/\/conference.cag.edu.tr\/doguakdeniz\/wp-json\/wp\/v2\/pages"}],"about":[{"href":"http:\/\/conference.cag.edu.tr\/doguakdeniz\/wp-json\/wp\/v2\/types\/page"}],"author":[{"embeddable":true,"href":"http:\/\/conference.cag.edu.tr\/doguakdeniz\/wp-json\/wp\/v2\/users\/1"}],"replies":[{"embeddable":true,"href":"http:\/\/conference.cag.edu.tr\/doguakdeniz\/wp-json\/wp\/v2\/comments?post=820"}],"version-history":[{"count":12,"href":"http:\/\/conference.cag.edu.tr\/doguakdeniz\/wp-json\/wp\/v2\/pages\/820\/revisions"}],"predecessor-version":[{"id":915,"href":"http:\/\/conference.cag.edu.tr\/doguakdeniz\/wp-json\/wp\/v2\/pages\/820\/revisions\/915"}],"wp:attachment":[{"href":"http:\/\/conference.cag.edu.tr\/doguakdeniz\/wp-json\/wp\/v2\/media?parent=820"}],"curies":[{"name":"wp","href":"https:\/\/api.w.org\/{rel}","templated":true}]}}