{"id":848,"date":"2024-01-30T13:22:26","date_gmt":"2024-01-30T10:22:26","guid":{"rendered":"https:\/\/conference.cag.edu.tr\/sfais2024\/?page_id=848"},"modified":"2024-03-11T10:41:20","modified_gmt":"2024-03-11T07:41:20","slug":"registration-payment","status":"publish","type":"page","link":"http:\/\/conference.cag.edu.tr\/sfais2024\/registration-payment\/","title":{"rendered":"Kay\u0131t &amp; Kay\u0131t \u00dccreti"},"content":{"rendered":"<!--themify_builder_content-->\n<div id=\"themify_builder_content-848\" data-postid=\"848\" class=\"themify_builder_content themify_builder_content-848 themify_builder tf_clear\">\n                    <div  data-lazy=\"1\" class=\"module_row themify_builder_row tb_qbcf499 tb_first tf_w\">\n                        <div class=\"row_inner col_align_top tb_col_count_1 tf_box tf_rel\">\n                        <div  data-lazy=\"1\" class=\"module_column tb-column col-full tb_tdvs499 first\">\n                            <div  data-lazy=\"1\" class=\"module_subrow themify_builder_sub_row tf_w col_align_top tb_col_count_1 tb_24w8499\">\n                <div  data-lazy=\"1\" class=\"module_column sub_column col-full tb_o0y4500 first\">\n                    <!-- module plain text -->\n<div  class=\"module module-plain-text tb_1aaa500 \" data-lazy=\"1\">\n        <div class=\"tb_text_wrap\">\n    Kay\u0131t &#038; Kay\u0131t \u00dccreti    <\/div>\n<\/div>\n<!-- \/module plain text -->        <\/div>\n                    <\/div>\n                <div  data-lazy=\"1\" class=\"module_subrow themify_builder_sub_row tf_w col_align_top tb_col_count_1 tb_1hlj500\">\n                <div  data-lazy=\"1\" class=\"module_column sub_column col-full tb_g9rb501 first\">\n                    <!-- module text -->\n<div  class=\"module module-text tb_u9cz501   \" data-lazy=\"1\">\n        <div  class=\"tb_text_wrap\">\n        <table width=\"895\">\n<tbody>\n<tr>\n<td width=\"718\">\n<h3><strong>Kay\u0131t \u00dccreti ( Y\u00fcz y\u00fcze)<\/strong><\/h3>\n<\/td>\n<td width=\"177\">\n<h3><strong>100 \u20ac<\/strong><\/h3>\n<\/td>\n<\/tr>\n<tr>\n<td width=\"718\">\n<h3><strong>Kay\u0131t \u00dccreti Online\u00a0<\/strong><\/h3>\n<\/td>\n<td width=\"177\">\n<h3><strong>50\u00a0\u20ac<\/strong><\/h3>\n<\/td>\n<\/tr>\n<tr>\n<td width=\"718\">\n<h3><strong>\u00d6\u011frenci<\/strong><\/h3>\n<\/td>\n<td width=\"177\">\n<h3><strong>50\u00a0\u20ac<\/strong><\/h3>\n<\/td>\n<\/tr>\n<\/tbody>\n<\/table>\n<p>Hesap No: TR53 0006 2000 6600 0009 0881 80 (Euro)<\/p>\n<p>Banka: Garanti BBVA<\/p>\n<p>Hesap Ad\u0131: SFAIS-2024 Conf&#8230;<\/p>\n<p>Swift: TGBATRISXXX<\/p>    <\/div>\n<\/div>\n<!-- \/module text -->        <\/div>\n                    <\/div>\n                <\/div>\n                        <\/div>\n        <\/div>\n        <\/div>\n<!--\/themify_builder_content-->","protected":false},"excerpt":{"rendered":"<p>Kay\u0131t &#038; Kay\u0131t \u00dccreti Kay\u0131t \u00dccreti ( Y\u00fcz y\u00fcze) 100 \u20ac Kay\u0131t \u00dccreti Online\u00a0 50\u00a0\u20ac \u00d6\u011frenci 50\u00a0\u20ac Hesap No: TR53 0006 2000 6600 0009 0881 80 (Euro) Banka: Garanti BBVA Hesap Ad\u0131: SFAIS-2024 Conf&#8230; Swift: TGBATRISXXX<\/p>\n","protected":false},"author":1,"featured_media":0,"parent":0,"menu_order":0,"comment_status":"closed","ping_status":"closed","template":"","meta":{"footnotes":""},"class_list":["post-848","page","type-page","status-publish","hentry"],"builder_content":"Kay\u0131t & Kay\u0131t \u00dccreti\n<table width=\"895\"> <tbody> <tr> <td width=\"718\"> <h3><strong>Kay\u0131t \u00dccreti ( Y\u00fcz y\u00fcze)<\/strong><\/h3> <\/td> <td width=\"177\"> <h3><strong>100 \u20ac<\/strong><\/h3> <\/td> <\/tr> <tr> <td width=\"718\"> <h3><strong>Kay\u0131t \u00dccreti Online\u00a0<\/strong><\/h3> <\/td> <td width=\"177\"> <h3><strong>50\u00a0\u20ac<\/strong><\/h3> <\/td> <\/tr> <tr> <td width=\"718\"> <h3><strong>\u00d6\u011frenci<\/strong><\/h3> <\/td> <td width=\"177\"> <h3><strong>50\u00a0\u20ac<\/strong><\/h3> <\/td> <\/tr> <\/tbody> <\/table> <p>Hesap No: TR53 0006 2000 6600 0009 0881 80 (Euro)<\/p> <p>Banka: Garanti BBVA<\/p> <p>Hesap Ad\u0131: SFAIS-2024 Conf...<\/p> <p>Swift: TGBATRISXXX<\/p>","_links":{"self":[{"href":"http:\/\/conference.cag.edu.tr\/sfais2024\/wp-json\/wp\/v2\/pages\/848","targetHints":{"allow":["GET"]}}],"collection":[{"href":"http:\/\/conference.cag.edu.tr\/sfais2024\/wp-json\/wp\/v2\/pages"}],"about":[{"href":"http:\/\/conference.cag.edu.tr\/sfais2024\/wp-json\/wp\/v2\/types\/page"}],"author":[{"embeddable":true,"href":"http:\/\/conference.cag.edu.tr\/sfais2024\/wp-json\/wp\/v2\/users\/1"}],"replies":[{"embeddable":true,"href":"http:\/\/conference.cag.edu.tr\/sfais2024\/wp-json\/wp\/v2\/comments?post=848"}],"version-history":[{"count":34,"href":"http:\/\/conference.cag.edu.tr\/sfais2024\/wp-json\/wp\/v2\/pages\/848\/revisions"}],"predecessor-version":[{"id":1224,"href":"http:\/\/conference.cag.edu.tr\/sfais2024\/wp-json\/wp\/v2\/pages\/848\/revisions\/1224"}],"wp:attachment":[{"href":"http:\/\/conference.cag.edu.tr\/sfais2024\/wp-json\/wp\/v2\/media?parent=848"}],"curies":[{"name":"wp","href":"https:\/\/api.w.org\/{rel}","templated":true}]}}