{"id":537,"date":"2023-07-12T15:59:23","date_gmt":"2023-07-12T12:59:23","guid":{"rendered":"http:\/\/conference.cag.edu.tr\/doguakdeniz\/?page_id=537"},"modified":"2025-02-13T14:10:32","modified_gmt":"2025-02-13T11:10:32","slug":"kongre-gunleri","status":"publish","type":"page","link":"http:\/\/conference.cag.edu.tr\/statecraft\/kongre-gunleri","title":{"rendered":"\u00c7al\u0131\u015ftay Hakk\u0131nda"},"content":{"rendered":"\n<p class=\"has-text-align-center\" style=\"font-size:clamp(18.959px, 1.185rem + ((1vw - 3.2px) * 1.255), 30px);\"><em><strong>\u00c7al\u0131\u015ftay Hakk\u0131nda<\/strong><\/em><\/p>\n\n\n\n<p>Statecraft Sim\u00fclasyon \u00c7al\u0131\u015ftay\u0131, sosyal bilimlerde genelde monolog tarzda ve \u00f6\u011fretmenden \u00f6\u011frenciye do\u011fru tek y\u00f6nl\u00fc olarak ger\u00e7ekle\u015fen bilgi ak\u0131\u015f\u0131na \u00e7ok y\u00f6nl\u00fc bir dizi beceri ve yenilik\u00e7i bak\u0131\u015f a\u00e7\u0131s\u0131 geli\u015ftirmeye odaklanmakta, ele\u015ftirel d\u00fc\u015f\u00fcnme, etkili ileti\u015fim ve yarat\u0131c\u0131l\u0131k a\u00e7\u0131s\u0131ndan \u00f6\u011frencilere katk\u0131 sa\u011flamay\u0131 ama\u00e7lamaktad\u0131r.<\/p>\n\n\n\n<p>Bu e\u011fitim program\u0131 \u00f6ncelikli olarak \u015funlar\u0131 hedeflemektedir:<\/p>\n\n\n\n<p>\u2022&nbsp;&nbsp;&nbsp;&nbsp;&nbsp;&nbsp;&nbsp;&nbsp;&nbsp; K\u00fcresel, b\u00f6lgesel ve yerel sorunlar\u0131 g\u00fcvenlik perspektifi alt\u0131nda inceleyerek bu sorunlar\u0131na y\u00f6nelik fark\u0131ndal\u0131\u011f\u0131 artt\u0131rmak,<\/p>\n\n\n\n<p>\u2022&nbsp;&nbsp;&nbsp;&nbsp;&nbsp;&nbsp;&nbsp;&nbsp;&nbsp; Dijital e\u011fitim \u00f6\u011fretim alan\u0131nda uzmanla\u015fmak,<\/p>\n\n\n\n<p>\u2022&nbsp;&nbsp;&nbsp;&nbsp;&nbsp;&nbsp;&nbsp;&nbsp;&nbsp; Uluslararas\u0131 ili\u015fkilerde uygulamal\u0131 e\u011fitimi yayg\u0131nla\u015ft\u0131rmak,&nbsp;<\/p>\n\n\n\n<p>\u2022&nbsp;&nbsp;&nbsp;&nbsp;&nbsp;&nbsp;&nbsp;&nbsp;&nbsp; Uluslararas\u0131 \u0130li\u015fkiler b\u00f6l\u00fcm\u00fc \u00f6\u011frencilerinin daha donan\u0131ml\u0131 olmas\u0131n\u0131 sa\u011flamak,<\/p>\n\n\n\n<p>\u2022&nbsp;&nbsp;&nbsp;&nbsp;&nbsp;&nbsp;&nbsp;&nbsp;&nbsp; K\u00fcresel, b\u00f6lgesel ve yerel sorunlara y\u00f6nelik fark\u0131ndal\u0131\u011f\u0131 artt\u0131rarak bu sorunlar\u0131n \u00e7\u00f6z\u00fcm\u00fcne saha \u00e7al\u0131\u015fmas\u0131nda katk\u0131 sa\u011flayabilecek mezunlar yeti\u015ftirmek<\/p>\n\n\n\n<p>Bu kapsamda 22-23 May\u0131s 2025 tarihleri aras\u0131nda 8 farkl\u0131 \u00fcniversitenin i\u015f birli\u011fi ile \u00c7a\u011f \u00dcniversitesi \u0130lhan Y\u00fccel Salonu\u2019nda Dr. \u00d6\u011fretim \u00dcyesi Saffet Akkaya y\u00fcr\u00fct\u00fcc\u00fcl\u00fc\u011f\u00fcnde <strong><em>Statecraft Sim\u00fclasyon \u00c7al\u0131\u015ftay\u0131 <\/em><\/strong>d\u00fczenlenecektir.<\/p>\n\n\n\n<p>Kat\u0131l\u0131mc\u0131lar \u0130ngilizce yabanc\u0131 dil seviyelerinin \u00fcst d\u00fczeyde olmas\u0131na, Uluslararas\u0131 \u0130li\u015fkiler b\u00f6l\u00fcm\u00fcnde e\u011fitim g\u00f6r\u00fcyor olmalar\u0131na, Uluslararas\u0131 \u0130li\u015fkiler 3 veya 4.nc\u00fc s\u0131n\u0131f \u00f6\u011frencileri olmalar\u0131na ve niyet mektuplar\u0131na dikkat edilelerek se\u00e7ilecektir.&nbsp;<\/p>\n\n\n\n<p>Se\u00e7ilecek olan \u00f6\u011frencilerin konaklamalar\u0131 kar\u015f\u0131lanacak olup, faturaland\u0131rmalar\u0131 halinde 2500 TL\u2019ye kadar ula\u015f\u0131m deste\u011fi sa\u011flanacakt\u0131r.<\/p>\n","protected":false},"excerpt":{"rendered":"<p>\u00c7al\u0131\u015ftay Hakk\u0131nda Statecraft Sim\u00fclasyon \u00c7al\u0131\u015ftay\u0131, sosyal bilimlerde genelde monolog tarzda ve \u00f6\u011fretmenden \u00f6\u011frenciye do\u011fru tek y\u00f6nl\u00fc olarak ger\u00e7ekle\u015fen bilgi ak\u0131\u015f\u0131na \u00e7ok y\u00f6nl\u00fc bir dizi beceri ve yenilik\u00e7i bak\u0131\u015f a\u00e7\u0131s\u0131 geli\u015ftirmeye odaklanmakta, ele\u015ftirel d\u00fc\u015f\u00fcnme, etkili ileti\u015fim ve yarat\u0131c\u0131l\u0131k a\u00e7\u0131s\u0131ndan \u00f6\u011frencilere katk\u0131 sa\u011flamay\u0131 ama\u00e7lamaktad\u0131r. Bu e\u011fitim program\u0131 \u00f6ncelikli olarak \u015funlar\u0131 hedeflemektedir: \u2022&nbsp;&nbsp;&nbsp;&nbsp;&nbsp;&nbsp;&nbsp;&nbsp;&nbsp; K\u00fcresel, b\u00f6lgesel ve yerel sorunlar\u0131 [&hellip;]<\/p>\n","protected":false},"author":2,"featured_media":0,"parent":0,"menu_order":0,"comment_status":"closed","ping_status":"closed","template":"","meta":{"footnotes":""},"class_list":["post-537","page","type-page","status-publish","hentry"],"_links":{"self":[{"href":"http:\/\/conference.cag.edu.tr\/statecraft\/wp-json\/wp\/v2\/pages\/537","targetHints":{"allow":["GET"]}}],"collection":[{"href":"http:\/\/conference.cag.edu.tr\/statecraft\/wp-json\/wp\/v2\/pages"}],"about":[{"href":"http:\/\/conference.cag.edu.tr\/statecraft\/wp-json\/wp\/v2\/types\/page"}],"author":[{"embeddable":true,"href":"http:\/\/conference.cag.edu.tr\/statecraft\/wp-json\/wp\/v2\/users\/2"}],"replies":[{"embeddable":true,"href":"http:\/\/conference.cag.edu.tr\/statecraft\/wp-json\/wp\/v2\/comments?post=537"}],"version-history":[{"count":33,"href":"http:\/\/conference.cag.edu.tr\/statecraft\/wp-json\/wp\/v2\/pages\/537\/revisions"}],"predecessor-version":[{"id":1047,"href":"http:\/\/conference.cag.edu.tr\/statecraft\/wp-json\/wp\/v2\/pages\/537\/revisions\/1047"}],"wp:attachment":[{"href":"http:\/\/conference.cag.edu.tr\/statecraft\/wp-json\/wp\/v2\/media?parent=537"}],"curies":[{"name":"wp","href":"https:\/\/api.w.org\/{rel}","templated":true}]}}