{"id":541,"date":"2019-12-12T16:00:01","date_gmt":"2019-12-12T13:00:01","guid":{"rendered":"http:\/\/conference.cag.edu.tr\/doguakdeniz\/?page_id=541"},"modified":"2025-02-13T14:16:30","modified_gmt":"2025-02-13T11:16:30","slug":"duzeleme-kurulu","status":"publish","type":"page","link":"http:\/\/conference.cag.edu.tr\/statecraft\/duzeleme-kurulu","title":{"rendered":"D\u00fczenleme Kurulu"},"content":{"rendered":"\n<p class=\"has-text-align-center\" style=\"font-size:clamp(18.959px, 1.185rem + ((1vw - 3.2px) * 1.255), 30px);\"><strong><em>D\u00fczenleme Kurulu<\/em><\/strong><\/p>\n\n\n\n<p><strong>Prof. Dr. Makbule Didem Buhari<\/strong><\/p>\n\n\n\n<p>\u0130K\u00c7\u00dc Siyasi Tarih Anabilim Dal\u0131 Ba\u015fkan\u0131<\/p>\n\n\n\n<p>Avrupa Birli\u011fi ve B\u00f6lgesel \u00c7al\u0131\u015fmalar\u0131, Uluslararas\u0131 \u0130li\u015fkiler, K\u00fcreselle\u015fme<\/p>\n\n\n\n<p><strong>Prof. Dr. Harun Ar\u0131kan<\/strong><\/p>\n\n\n\n<p>\u00c7ukurova \u00dcniversitesi Siyaset Bilimi ve Uluslararas\u0131 \u0130li\u015fkiler B\u00f6l\u00fcm\u00fc \/ B\u00f6l\u00fcm Ba\u015fkan\u0131<\/p>\n\n\n\n<p><strong>Dr. \u00d6\u011fretim \u00dcyesi Saffet Akkaya<\/strong><\/p>\n\n\n\n<p>\u00c7a\u011f \u00dcniversitesi, Uluslararas\u0131 \u0130li\u015fkiler B\u00f6l\u00fcm\u00fc \u00d6\u011fretim \u00dcyesi<\/p>\n\n\n\n<p><strong>Ar. G\u00f6r. \u0130lke Ta\u015fdemir<\/strong><\/p>\n\n\n\n<p>\u00c7a\u011f \u00dcniversitesi, Uluslararas\u0131 \u0130li\u015fkiler B\u00f6l\u00fcm\u00fc Ara\u015ft\u0131rma G\u00f6revlisi<\/p>\n\n\n\n<p><\/p>\n","protected":false},"excerpt":{"rendered":"<p>D\u00fczenleme Kurulu Prof. Dr. Makbule Didem Buhari \u0130K\u00c7\u00dc Siyasi Tarih Anabilim Dal\u0131 Ba\u015fkan\u0131 Avrupa Birli\u011fi ve B\u00f6lgesel \u00c7al\u0131\u015fmalar\u0131, Uluslararas\u0131 \u0130li\u015fkiler, K\u00fcreselle\u015fme Prof. Dr. Harun Ar\u0131kan \u00c7ukurova \u00dcniversitesi Siyaset Bilimi ve Uluslararas\u0131 \u0130li\u015fkiler B\u00f6l\u00fcm\u00fc \/ B\u00f6l\u00fcm Ba\u015fkan\u0131 Dr. \u00d6\u011fretim \u00dcyesi Saffet Akkaya \u00c7a\u011f \u00dcniversitesi, Uluslararas\u0131 \u0130li\u015fkiler B\u00f6l\u00fcm\u00fc \u00d6\u011fretim \u00dcyesi Ar. G\u00f6r. \u0130lke Ta\u015fdemir \u00c7a\u011f \u00dcniversitesi, Uluslararas\u0131 [&hellip;]<\/p>\n","protected":false},"author":1,"featured_media":0,"parent":0,"menu_order":0,"comment_status":"closed","ping_status":"closed","template":"","meta":{"footnotes":""},"class_list":["post-541","page","type-page","status-publish","hentry"],"_links":{"self":[{"href":"http:\/\/conference.cag.edu.tr\/statecraft\/wp-json\/wp\/v2\/pages\/541","targetHints":{"allow":["GET"]}}],"collection":[{"href":"http:\/\/conference.cag.edu.tr\/statecraft\/wp-json\/wp\/v2\/pages"}],"about":[{"href":"http:\/\/conference.cag.edu.tr\/statecraft\/wp-json\/wp\/v2\/types\/page"}],"author":[{"embeddable":true,"href":"http:\/\/conference.cag.edu.tr\/statecraft\/wp-json\/wp\/v2\/users\/1"}],"replies":[{"embeddable":true,"href":"http:\/\/conference.cag.edu.tr\/statecraft\/wp-json\/wp\/v2\/comments?post=541"}],"version-history":[{"count":20,"href":"http:\/\/conference.cag.edu.tr\/statecraft\/wp-json\/wp\/v2\/pages\/541\/revisions"}],"predecessor-version":[{"id":1056,"href":"http:\/\/conference.cag.edu.tr\/statecraft\/wp-json\/wp\/v2\/pages\/541\/revisions\/1056"}],"wp:attachment":[{"href":"http:\/\/conference.cag.edu.tr\/statecraft\/wp-json\/wp\/v2\/media?parent=541"}],"curies":[{"name":"wp","href":"https:\/\/api.w.org\/{rel}","templated":true}]}}