{"id":543,"date":"2019-12-12T16:00:13","date_gmt":"2019-12-12T13:00:13","guid":{"rendered":"http:\/\/conference.cag.edu.tr\/doguakdeniz\/?page_id=543"},"modified":"2025-02-13T14:14:09","modified_gmt":"2025-02-13T11:14:09","slug":"onur-kurulu","status":"publish","type":"page","link":"http:\/\/conference.cag.edu.tr\/statecraft\/onur-kurulu","title":{"rendered":"Dan\u0131\u015fma Kurulu"},"content":{"rendered":"\n<p class=\"has-text-align-center\" style=\"font-size:clamp(18.959px, 1.185rem + ((1vw - 3.2px) * 1.255), 30px);\"><em><strong>Dan\u0131\u015fma Kurulu<\/strong><\/em><\/p>\n\n\n\n<p><strong>Prof.Dr. Makbule Didem Buhari<\/strong><\/p>\n\n\n\n<p>\u0130K\u00c7\u00dc Siyasi Tarih Anabilim Dal\u0131 Ba\u015fkan\u0131<\/p>\n\n\n\n<p>Avrupa Birli\u011fi ve B\u00f6lgesel \u00c7al\u0131\u015fmalar\u0131, Uluslararas\u0131 \u0130li\u015fkiler, K\u00fcreselle\u015fme<\/p>\n\n\n\n<p><strong>Prof.Dr. Haldun Yal\u00e7\u0131nkaya<\/strong><\/p>\n\n\n\n<p>TOBB ET\u00dc Uluslararas\u0131 \u0130li\u015fkiler ve Siyaset Bilimi B\u00f6l\u00fcm\u00fc \/ B\u00f6l\u00fcm Ba\u015fkan\u0131<\/p>\n\n\n\n<p>Uluslararas\u0131 G\u00fcvenlik, Uluslararas\u0131 \u0130li\u015fkiler Kuramlar\u0131, K\u00fcresel Ter\u00f6rizm, AB ve G\u00f6\u00e7 Politikalar\u0131,<\/p>\n\n\n\n<p><strong>Prof.Dr. Co\u015fkun topal<\/strong><\/p>\n\n\n\n<p>KT\u00dc Uluslararas\u0131 \u0130li\u015fkiler B\u00f6l\u00fcm Ba\u015fkan\u0131\/Trabzon<\/p>\n\n\n\n<p>Uluslararas\u0131 \u0130li\u015fkiler, Siyasi Tarih, T\u00fcrkiye-Avrupa Birli\u011fi \u0130li\u015fkileri, Ortado\u011fu Ara\u015ft\u0131rmalar\u0131,<\/p>\n\n\n\n<p>Asya \u00c7al\u0131\u015fmalar\u0131, G\u00fcvenlik Bilimleri<\/p>\n\n\n\n<p><strong>Prof.Dr. Harun Ar\u0131kan<\/strong><\/p>\n\n\n\n<p>\u00c7ukurova \u00dcniversitesi Siyaset Bilimi ve Uluslararas\u0131 \u0130li\u015fkiler B\u00f6l\u00fcm\u00fc \/ B\u00f6l\u00fcm Ba\u015fkan\u0131<\/p>\n\n\n\n<p>Uluslararas\u0131 \u0130li\u015fkiler, AB Siyaseti ve Uluslararas\u0131 \u0130li\u015fkiler, Avrupa B\u00fct\u00fcnle\u015fmesi, G\u00fcvenlik Bilimleri<\/p>\n\n\n\n<p><strong>Prof.Dr. Neziha Musao\u011flu<\/strong><\/p>\n\n\n\n<p>Geli\u015fim \u00dcniversitesi Uluslararas\u0131 \u0130li\u015fkiler B\u00f6l\u00fcm\u00fc B\u00f6l\u00fcm Ba\u015fkan\u0131<\/p>\n\n\n\n<p>Uluslararas\u0131 Hukuk, Rusya Federasyonu Politikalar\u0131, Orta Asya Cumhuriyetleri Politikalar\u0131, Rusya-AB \u0130li\u015fkileri<\/p>\n\n\n\n<p><strong>Do\u00e7 Dr. S\u00fcleyman Sezgin Mercan<\/strong><\/p>\n\n\n\n<p>Ba\u015fkent \u00dcniversitesi Siyaset Bilimi ve Uluslararas\u0131 \u0130li\u015fkiler B\u00f6l\u00fcm\u00fc \/ B\u00f6l\u00fcm Ba\u015fkan\u0131<\/p>\n\n\n\n<p>Uluslararas\u0131 G\u00fcvenlik, Uluslararas\u0131 \u0130li\u015fkiler Kuramlar\u0131, T\u00fcrk D\u0131\u015f Politikas\u0131, Avrupa ve B\u00f6lge \u00c7al\u0131\u015fmalar\u0131<\/p>\n\n\n\n<p><strong>Do\u00e7 Dr. Elif Uzg\u00f6ren<\/strong><\/p>\n\n\n\n<p>Dokuz Eyl\u00fcl \u00dcniversitesi Siyaset Bilimi ve Uluslararas\u0131 \u0130li\u015fkiler \u00d6\u011fretim \u00dcyesi\/\u0130zmir<\/p>\n\n\n\n<p>&nbsp;&nbsp;&nbsp;&nbsp; AB Politikalar\u0131, K\u00fcreselle\u015fme, G\u00f6\u00e7 ve \u0130klim De\u011fi\u015fikli\u011fi<\/p>\n\n\n\n<p><strong>Dr. \u00d6\u011fretim \u00dcyesi Saffet Akkaya<\/strong><\/p>\n\n\n\n<p>\u00c7a\u011f \u00dcniversitesi, Uluslararas\u0131 \u0130li\u015fkiler \u00d6\u011fretim \u00dcyesi\/Mersin<\/p>\n\n\n\n<p>Uzmanl\u0131k Alanlar\u0131: Uluslararas\u0131 \u0130li\u015fkiler Kuramlar\u0131, K\u00fcresel G\u00fcvenlik, Ortado\u011fu Politikalar\u0131, Uluslararas\u0131 \u0130li\u015fkilerde&nbsp; Sim\u00fclasyon, \u00c7evre sorunlar\u0131<\/p>\n\n\n\n<p><\/p>\n","protected":false},"excerpt":{"rendered":"<p>Dan\u0131\u015fma Kurulu Prof.Dr. Makbule Didem Buhari \u0130K\u00c7\u00dc Siyasi Tarih Anabilim Dal\u0131 Ba\u015fkan\u0131 Avrupa Birli\u011fi ve B\u00f6lgesel \u00c7al\u0131\u015fmalar\u0131, Uluslararas\u0131 \u0130li\u015fkiler, K\u00fcreselle\u015fme Prof.Dr. Haldun Yal\u00e7\u0131nkaya TOBB ET\u00dc Uluslararas\u0131 \u0130li\u015fkiler ve Siyaset Bilimi B\u00f6l\u00fcm\u00fc \/ B\u00f6l\u00fcm Ba\u015fkan\u0131 Uluslararas\u0131 G\u00fcvenlik, Uluslararas\u0131 \u0130li\u015fkiler Kuramlar\u0131, K\u00fcresel Ter\u00f6rizm, AB ve G\u00f6\u00e7 Politikalar\u0131, Prof.Dr. Co\u015fkun topal KT\u00dc Uluslararas\u0131 \u0130li\u015fkiler B\u00f6l\u00fcm Ba\u015fkan\u0131\/Trabzon Uluslararas\u0131 \u0130li\u015fkiler, [&hellip;]<\/p>\n","protected":false},"author":1,"featured_media":0,"parent":0,"menu_order":0,"comment_status":"closed","ping_status":"closed","template":"","meta":{"footnotes":""},"class_list":["post-543","page","type-page","status-publish","hentry"],"_links":{"self":[{"href":"http:\/\/conference.cag.edu.tr\/statecraft\/wp-json\/wp\/v2\/pages\/543","targetHints":{"allow":["GET"]}}],"collection":[{"href":"http:\/\/conference.cag.edu.tr\/statecraft\/wp-json\/wp\/v2\/pages"}],"about":[{"href":"http:\/\/conference.cag.edu.tr\/statecraft\/wp-json\/wp\/v2\/types\/page"}],"author":[{"embeddable":true,"href":"http:\/\/conference.cag.edu.tr\/statecraft\/wp-json\/wp\/v2\/users\/1"}],"replies":[{"embeddable":true,"href":"http:\/\/conference.cag.edu.tr\/statecraft\/wp-json\/wp\/v2\/comments?post=543"}],"version-history":[{"count":10,"href":"http:\/\/conference.cag.edu.tr\/statecraft\/wp-json\/wp\/v2\/pages\/543\/revisions"}],"predecessor-version":[{"id":1053,"href":"http:\/\/conference.cag.edu.tr\/statecraft\/wp-json\/wp\/v2\/pages\/543\/revisions\/1053"}],"wp:attachment":[{"href":"http:\/\/conference.cag.edu.tr\/statecraft\/wp-json\/wp\/v2\/media?parent=543"}],"curies":[{"name":"wp","href":"https:\/\/api.w.org\/{rel}","templated":true}]}}