{"id":557,"date":"2019-12-12T16:00:49","date_gmt":"2019-12-12T13:00:49","guid":{"rendered":"http:\/\/conference.cag.edu.tr\/doguakdeniz\/?page_id=557"},"modified":"2025-02-11T09:20:56","modified_gmt":"2025-02-11T06:20:56","slug":"ulasim","status":"publish","type":"page","link":"http:\/\/conference.cag.edu.tr\/statecraft\/ulasim\/","title":{"rendered":"Ula\u015f\u0131m"},"content":{"rendered":"\n<p class=\"has-text-align-center\" style=\"font-size:clamp(18.959px, 1.185rem + ((1vw - 3.2px) * 1.255), 30px);\"><strong><em>Ula\u015f\u0131m<\/em><\/strong><\/p>\n\n\n\n<p><\/p>\n\n\n\n<p><strong>Mersin, Tarsus Ve Adana\u2019dan \u00dcniversitemize Gelen Minib\u00fcs Seferleri<\/strong><\/p>\n\n\n\n<p><strong>Tarsus Otob\u00fcs\u00e7\u00fcleri Kooperatifi Minib\u00fcsleri \u00c7al\u0131\u015fma Saatleri<\/strong><\/p>\n\n\n\n<p>Tarsus Otob\u00fcs\u00e7\u00fcleri Kooperatifi\u2019nin Mersin, Tarsus ve Adana seferleri ile ileti\u015fim bilgileri a\u015fa\u011f\u0131da belirtilmi\u015ftir.<\/p>\n\n\n\n<p>Mersin Eski Otogardan 5.45 ile ak\u015fam 19.30 saatleri aras\u0131nda her 10 dakikada bir hareket eden ara\u00e7lar, \u00c7a\u011f \u00dcniversitesi\u2019ne geli\u015f\/gidi\u015f yapmaktad\u0131r<\/p>\n\n\n\n<p>Tarsus Demirkap\u0131 ve Tarsus Kleopatra Dura\u011f\u0131\u2019ndan, sabah 05.30 ile ak\u015fam 20.00 saatleri aras\u0131nda her 10 dakikada bir kalkan ara\u00e7lar, \u00c7a\u011f \u00dcniversitesi\u2019ne geli\u015f\/gidi\u015f yapmaktad\u0131r.<\/p>\n\n\n\n<p>Adana Merkez Otogardan sabah 05.45 ile ak\u015fam 20.00 saatleri aras\u0131nda her 10 dakikada bir hareket eden ara\u00e7lar,&nbsp;&nbsp; \u00c7a\u011f \u00dcniversitesi\u2019ne geli\u015f\/gidi\u015f yapmaktad\u0131r.&nbsp; Ayr\u0131ca, Adana\u2019da sabah 06.10\u2019dan ba\u015flayarak Merkez Otogar, Atilla Alt\u0131kat ve Y\u00fcre\u011fir Otogar\u0131na,&nbsp; kooperatifin \u00fccretsiz servisleri de bulunmaktad\u0131r.<\/p>\n\n\n\n<p>\u0130leti\u015fim:<\/p>\n\n\n\n<p>Mersin Per\u015fembe Dura\u011f\u0131: 0 530 498 74 42<\/p>\n\n\n\n<p>Tarsus Kleopatra Dura\u011f\u0131: 0 530 498 74 48<\/p>\n\n\n\n<p>Tarsus Demirkap\u0131 Dura\u011f\u0131: 0 538 262 19 66<\/p>\n\n\n\n<p>Adana Otogar: 0 530 498 74 43<\/p>\n\n\n\n<p><strong>\u00d6ZKO\u00c7&nbsp; \/ KO\u00c7 \/ ASKO\u00c7 Kooperatifleri \u00c7al\u0131\u015fma Saatleri<\/strong><\/p>\n\n\n\n<p>\u00d6ZKO\u00c7&nbsp; \/ KO\u00c7 \/ ASKO\u00c7 Kooperatifleri\u2019nin Mersin, Tarsus ve Adana seferleri ile ileti\u015fim bilgileri a\u015fa\u011f\u0131da belirtilmi\u015ftir.<\/p>\n\n\n\n<p>Mersin Karayollar\u0131 5.B\u00f6lge M\u00fcd\u00fcrl\u00fc\u011f\u00fc kar\u015f\u0131s\u0131ndan sabah 05.30 ile ak\u015fam 19.30 saatleri aras\u0131nda her 10 dakikada bir hareket eden ara\u00e7lar,&nbsp; \u00c7a\u011f \u00dcniversitesi\u2019ne geli\u015f\/gidi\u015f yapmaktad\u0131r.<\/p>\n\n\n\n<p>Tarsus Mersin istikametinden gelen ara\u00e7lar 06.25\u2019ten ba\u015flayarak her 10 dakikada bir \u00c7a\u011f \u00dcniversitesi\u2019ne geli\u015f\/gidi\u015f yapmaktad\u0131r.<\/p>\n\n\n\n<p>Adana Merkez Otogar\u0131ndan sabah 05.45 ile ak\u015fam 19.30 saatleri aras\u0131nda her 10 dakikada bir hareket eden ara\u00e7lar, \u00c7a\u011f \u00dcniversitesi\u2019ne geli\u015f\/gidi\u015f yapmaktad\u0131r. Adana Otogar\u0131\u2019ndan Atilla Alt\u0131kat ve Y\u00fcre\u011fir Otogar\u0131\u2019na kooperatifin \u00fccretsiz servisleri bulunmaktad\u0131r.<\/p>\n\n\n\n<p>\u0130leti\u015fim:<\/p>\n\n\n\n<p>\u00d6zko\u00e7 Koop: 0 532 291 06<\/p>\n\n\n\n<p>Ko\u00e7 Koop: 0 530 498 74 48<\/p>\n\n\n\n<p>Asko\u00e7 Koop: 0 538 262 19 66<\/p>\n\n\n\n<p><strong>Mersin, Tarsus Ve Adana\u2019dan \u00dcniversitemize Gelen Belediye Otob\u00fcsleri Seferleri<\/strong><\/p>\n\n\n\n<p>Adana\u2019dan 300 numaral\u0131 belediye otob\u00fcs\u00fc, Mersin\u2019den 141 numaral\u0131 belediye otob\u00fcs\u00fc ve Tarsus\u2019tan 141 ve 264 numaral\u0131 belediye otob\u00fcs\u00fc \u00fcniversitemize geli\u015f gidi\u015f yapmaktad\u0131r.<\/p>\n\n\n\n<p>G\u00fczergah ve saatler hakk\u0131nda detayl\u0131 bilgi ve g\u00fcncellemelere; ALO 153\u2019\u00fc arayarak, Mersin ve Tarsus i\u00e7in, https:\/\/ulasim.mersin.bel.tr web sitesinden veya Teksin Mersin uygulamas\u0131n\u0131 indirerek; Adana i\u00e7in ise, https:\/\/ulasimbilgi.adana.bel.tr\/Otobusler web sitesinden veya Ak\u0131ll\u0131 Kent uygulamas\u0131ndan takip ederek ula\u015fabilirsiniz.<\/p>\n\n\n\n<p><\/p>\n","protected":false},"excerpt":{"rendered":"<p>Ula\u015f\u0131m Mersin, Tarsus Ve Adana\u2019dan \u00dcniversitemize Gelen Minib\u00fcs Seferleri Tarsus Otob\u00fcs\u00e7\u00fcleri Kooperatifi Minib\u00fcsleri \u00c7al\u0131\u015fma Saatleri Tarsus Otob\u00fcs\u00e7\u00fcleri Kooperatifi\u2019nin Mersin, Tarsus ve Adana seferleri ile ileti\u015fim bilgileri a\u015fa\u011f\u0131da belirtilmi\u015ftir. Mersin Eski Otogardan 5.45 ile ak\u015fam 19.30 saatleri aras\u0131nda her 10 dakikada bir hareket eden ara\u00e7lar, \u00c7a\u011f \u00dcniversitesi\u2019ne geli\u015f\/gidi\u015f yapmaktad\u0131r Tarsus Demirkap\u0131 ve Tarsus Kleopatra Dura\u011f\u0131\u2019ndan, sabah [&hellip;]<\/p>\n","protected":false},"author":1,"featured_media":0,"parent":0,"menu_order":0,"comment_status":"closed","ping_status":"closed","template":"","meta":{"footnotes":""},"class_list":["post-557","page","type-page","status-publish","hentry"],"_links":{"self":[{"href":"http:\/\/conference.cag.edu.tr\/statecraft\/wp-json\/wp\/v2\/pages\/557","targetHints":{"allow":["GET"]}}],"collection":[{"href":"http:\/\/conference.cag.edu.tr\/statecraft\/wp-json\/wp\/v2\/pages"}],"about":[{"href":"http:\/\/conference.cag.edu.tr\/statecraft\/wp-json\/wp\/v2\/types\/page"}],"author":[{"embeddable":true,"href":"http:\/\/conference.cag.edu.tr\/statecraft\/wp-json\/wp\/v2\/users\/1"}],"replies":[{"embeddable":true,"href":"http:\/\/conference.cag.edu.tr\/statecraft\/wp-json\/wp\/v2\/comments?post=557"}],"version-history":[{"count":9,"href":"http:\/\/conference.cag.edu.tr\/statecraft\/wp-json\/wp\/v2\/pages\/557\/revisions"}],"predecessor-version":[{"id":1042,"href":"http:\/\/conference.cag.edu.tr\/statecraft\/wp-json\/wp\/v2\/pages\/557\/revisions\/1042"}],"wp:attachment":[{"href":"http:\/\/conference.cag.edu.tr\/statecraft\/wp-json\/wp\/v2\/media?parent=557"}],"curies":[{"name":"wp","href":"https:\/\/api.w.org\/{rel}","templated":true}]}}