{"id":562,"date":"2019-12-12T16:00:58","date_gmt":"2019-12-12T13:00:58","guid":{"rendered":"http:\/\/conference.cag.edu.tr\/doguakdeniz\/?page_id=562"},"modified":"2025-02-10T16:50:06","modified_gmt":"2025-02-10T13:50:06","slug":"iletisim","status":"publish","type":"page","link":"http:\/\/conference.cag.edu.tr\/statecraft\/iletisim\/","title":{"rendered":"\u0130LET\u0130\u015e\u0130M"},"content":{"rendered":"\n<h1>\u0130leti\u015fim<\/h1>\n\n<div><iframe loading=\"lazy\" allowfullscreen=\"\" frameborder=\"0\" height=\"500\" src=\"https:\/\/www.google.com\/maps\/embed?pb=!1m14!1m8!1m3!1d25499.432958052545!2d35.076988!3d36.975689!3m2!1i1024!2i768!4f13.1!3m3!1m2!1s0x0%3A0xeae20470d03e0a02!2zw4dhxJ8gw5xuaXZlcnNpdGVzaQ!5e0!3m2!1str!2sus!4v1500104478316\" style=\"border:0\" width=\"100%\"><\/iframe><\/div>\n\n<div class=\"table-responsive\">\n<table class=\"table table-bordered table-hover\">\n\t<tbody>\n\t\t<tr>\n\t\t\t<td><strong>Adres<\/strong><\/td>\n\t\t\t<td><i class=\"fa fa-map-marker\"><\/i><\/td>\n\t\t\t<td>\n\t\t\t<p>\u00c7a\u011f \u00dcniversitesi Ya\u015far Baybo\u011fan Kamp\u00fcs\u00fc Adana-Mersin Karayolu \u00fczeri 33800 Yenice\/MERS\u0130N<\/p>\n\t\t\t<\/td>\n\t\t<\/tr>\n\t\t<tr>\n\t\t\t<td><strong>Telefon<\/strong><\/td>\n\t\t\t<td><i class=\"fa fa-phone\"><\/i><\/td>\n\t\t\t<td>\n\t\t\t<p>+90 324 651 48 00<\/p>\n\t\t\t<\/td>\n\t\t<\/tr>\n\t\t<tr>\n\t\t\t<td><strong>Fax<\/strong><\/td>\n\t\t\t<td><i class=\"fa fa-fax\"><\/i><\/td>\n\t\t\t<td>\n\t\t\t<p>+90 324 651 48 11<\/p>\n\t\t\t<\/td>\n\t\t<\/tr>\n\t\t<tr>\n\t\t\t<td><strong>Email<\/strong><\/td>\n\t\t\t<td><i class=\"fa fa-envelope\"><\/i><\/td>\n\t\t\t<td>\n\t\t\t<p>statecraft@cag.edu.tr &#8211; sakkaya@cag.edu.tr\n<\/p>\n\t\t\t<\/td>\n\t\t<\/tr>\n\t<\/tbody>\n<\/table>\n<\/div>\n","protected":false},"excerpt":{"rendered":"<p>\u0130leti\u015fim Adres \u00c7a\u011f \u00dcniversitesi Ya\u015far Baybo\u011fan Kamp\u00fcs\u00fc Adana-Mersin Karayolu \u00fczeri 33800 Yenice\/MERS\u0130N Telefon +90 324 651 48 00 Fax +90 324 651 48 11 Email statecraft@cag.edu.tr &#8211; sakkaya@cag.edu.tr<\/p>\n","protected":false},"author":1,"featured_media":0,"parent":0,"menu_order":0,"comment_status":"closed","ping_status":"closed","template":"","meta":{"footnotes":""},"class_list":["post-562","page","type-page","status-publish","hentry"],"_links":{"self":[{"href":"http:\/\/conference.cag.edu.tr\/statecraft\/wp-json\/wp\/v2\/pages\/562","targetHints":{"allow":["GET"]}}],"collection":[{"href":"http:\/\/conference.cag.edu.tr\/statecraft\/wp-json\/wp\/v2\/pages"}],"about":[{"href":"http:\/\/conference.cag.edu.tr\/statecraft\/wp-json\/wp\/v2\/types\/page"}],"author":[{"embeddable":true,"href":"http:\/\/conference.cag.edu.tr\/statecraft\/wp-json\/wp\/v2\/users\/1"}],"replies":[{"embeddable":true,"href":"http:\/\/conference.cag.edu.tr\/statecraft\/wp-json\/wp\/v2\/comments?post=562"}],"version-history":[{"count":11,"href":"http:\/\/conference.cag.edu.tr\/statecraft\/wp-json\/wp\/v2\/pages\/562\/revisions"}],"predecessor-version":[{"id":1023,"href":"http:\/\/conference.cag.edu.tr\/statecraft\/wp-json\/wp\/v2\/pages\/562\/revisions\/1023"}],"wp:attachment":[{"href":"http:\/\/conference.cag.edu.tr\/statecraft\/wp-json\/wp\/v2\/media?parent=562"}],"curies":[{"name":"wp","href":"https:\/\/api.w.org\/{rel}","templated":true}]}}