{"id":820,"date":"2023-07-17T23:50:23","date_gmt":"2023-07-17T20:50:23","guid":{"rendered":"https:\/\/conference.cag.edu.tr\/doguakdeniz\/?page_id=820"},"modified":"2025-02-11T09:21:43","modified_gmt":"2025-02-11T06:21:43","slug":"820-2","status":"publish","type":"page","link":"http:\/\/conference.cag.edu.tr\/statecraft\/820-2\/","title":{"rendered":"Statacraft Sim\u00fclasyonu \u00c7al\u0131\u015ftay\u0131"},"content":{"rendered":"\n<p><\/p>\n\n\n\n<p class=\"has-text-align-center\" style=\"font-size:clamp(18.959px, 1.185rem + ((1vw - 3.2px) * 1.255), 30px);\"><strong><em>\u00c7al\u0131\u015ftay Hakk\u0131nda<\/em><\/strong><\/p>\n\n\n\n<p><\/p>\n\n\n\n<p><\/p>\n\n\n\n<figure class=\"wp-block-image size-large\"><img loading=\"lazy\" decoding=\"async\" width=\"1020\" height=\"1024\" src=\"http:\/\/conference.cag.edu.tr\/statecraft\/wp-content\/uploads\/2025\/02\/afis-gorsel-1020x1024.jpeg\" alt=\"\" class=\"wp-image-964\" srcset=\"http:\/\/conference.cag.edu.tr\/statecraft\/wp-content\/uploads\/2025\/02\/afis-gorsel-1020x1024.jpeg 1020w, http:\/\/conference.cag.edu.tr\/statecraft\/wp-content\/uploads\/2025\/02\/afis-gorsel-300x300.jpeg 300w, http:\/\/conference.cag.edu.tr\/statecraft\/wp-content\/uploads\/2025\/02\/afis-gorsel-150x150.jpeg 150w, http:\/\/conference.cag.edu.tr\/statecraft\/wp-content\/uploads\/2025\/02\/afis-gorsel-768x771.jpeg 768w, http:\/\/conference.cag.edu.tr\/statecraft\/wp-content\/uploads\/2025\/02\/afis-gorsel-1529x1536.jpeg 1529w, http:\/\/conference.cag.edu.tr\/statecraft\/wp-content\/uploads\/2025\/02\/afis-gorsel.jpeg 1593w\" sizes=\"auto, (max-width: 1020px) 100vw, 1020px\" \/><\/figure>\n","protected":false},"excerpt":{"rendered":"<p>\u00c7al\u0131\u015ftay Hakk\u0131nda<\/p>\n","protected":false},"author":1,"featured_media":0,"parent":0,"menu_order":0,"comment_status":"closed","ping_status":"closed","template":"","meta":{"footnotes":""},"class_list":["post-820","page","type-page","status-publish","hentry"],"_links":{"self":[{"href":"http:\/\/conference.cag.edu.tr\/statecraft\/wp-json\/wp\/v2\/pages\/820","targetHints":{"allow":["GET"]}}],"collection":[{"href":"http:\/\/conference.cag.edu.tr\/statecraft\/wp-json\/wp\/v2\/pages"}],"about":[{"href":"http:\/\/conference.cag.edu.tr\/statecraft\/wp-json\/wp\/v2\/types\/page"}],"author":[{"embeddable":true,"href":"http:\/\/conference.cag.edu.tr\/statecraft\/wp-json\/wp\/v2\/users\/1"}],"replies":[{"embeddable":true,"href":"http:\/\/conference.cag.edu.tr\/statecraft\/wp-json\/wp\/v2\/comments?post=820"}],"version-history":[{"count":15,"href":"http:\/\/conference.cag.edu.tr\/statecraft\/wp-json\/wp\/v2\/pages\/820\/revisions"}],"predecessor-version":[{"id":1043,"href":"http:\/\/conference.cag.edu.tr\/statecraft\/wp-json\/wp\/v2\/pages\/820\/revisions\/1043"}],"wp:attachment":[{"href":"http:\/\/conference.cag.edu.tr\/statecraft\/wp-json\/wp\/v2\/media?parent=820"}],"curies":[{"name":"wp","href":"https:\/\/api.w.org\/{rel}","templated":true}]}}