{"id":497,"date":"2019-12-02T11:51:08","date_gmt":"2019-12-02T08:51:08","guid":{"rendered":"http:\/\/conference.cag.edu.tr\/?page_id=497"},"modified":"2021-03-03T18:46:52","modified_gmt":"2021-03-03T15:46:52","slug":"iletisim","status":"publish","type":"page","link":"https:\/\/conference.cag.edu.tr\/conference-2\/iletisim\/","title":{"rendered":"\u0130LET\u0130\u015e\u0130M"},"content":{"rendered":"\n<h1>\u0130leti\u015fim<\/h1>\n\n<div><iframe loading=\"lazy\" allowfullscreen=\"\" frameborder=\"0\" height=\"500\" src=\"https:\/\/www.google.com\/maps\/embed?pb=!1m14!1m8!1m3!1d25499.432958052545!2d35.076988!3d36.975689!3m2!1i1024!2i768!4f13.1!3m3!1m2!1s0x0%3A0xeae20470d03e0a02!2zw4dhxJ8gw5xuaXZlcnNpdGVzaQ!5e0!3m2!1str!2sus!4v1500104478316\" style=\"border:0\" width=\"100%\"><\/iframe><\/div>\n\n<div class=\"table-responsive\">\n<table class=\"table table-bordered table-hover\">\n\t<tbody>\n\t\t<tr>\n\t\t\t<td><strong>Adres<\/strong><\/td>\n\t\t\t<td><i class=\"fa fa-map-marker\"><\/i><\/td>\n\t\t\t<td>\n\t\t\t<p>\u00c7a\u011f \u00dcniversitesi Ya\u015far Baybo\u011fan Kamp\u00fcs\u00fc Adana-Mersin Karayolu \u00fczeri 33800 Yenice\/MERS\u0130N<\/p>\n\t\t\t<\/td>\n\t\n\t\t<\/tr>\n<td><strong>Whatsapp \u0130leti\u015fim <\/strong><\/td>\n\t\t\t<td><i class=\"fa fa-phone\"><\/i><\/td>\n\t\t\t<td>\n\t\t\t<p>+90 (0) 542 447 56 23 <\/p>\n\t\t\t<\/td>\n\t\t\n\t\t<tr>\n\t\t\t<td><strong>Email<\/strong><\/td>\n\t\t\t<td><i class=\"fa fa-envelope\"><\/i><\/td>\n\t\t\t<td>\n\t\t\t<p>ssc@cag.edu.tr &#8211; gencdiplomatlar.ssc@gmail.com \n <\/p>\n\t\t\t<\/td>\n\t\t<\/tr>\n\t<\/tbody>\n<\/table>\n<\/div>\n\n<div class=\"table-responsive\">\n<table border=\"0\" cellpadding=\"0\" cellspacing=\"0\" class=\"table table-bordered table-hover table-sm table-striped\">\n\t<tbody>\n\t\t<tr>\n\t\t\t<td colspan=\"2\">\n\t\t\t<h3 style=\"text-align: center;\"><br>\n\t\t\tAKADEM\u0130K B\u0130R\u0130MLER<\/h3>\n\t\t\t<\/td>\n\t\t<\/tr>\n\t\t<tr>\n\t\t\t<td>\n\t\t\t<p><strong>B\u0130R\u0130M<\/strong><\/p>\n\t\t\t<\/td>\n\t\t\t<td>\n\t\t\t<p><strong>DAH\u0130L\u0130<\/strong><\/p>\n\t\t\t<\/td>\n\t\t<\/tr>\n\t\t<tr>\n\t\t\t<td>\n\t\t\t<p>Hukuk Fak\u00fcltesi Dekanl\u0131\u011f\u0131<\/p>\n\t\t\t<\/td>\n\t\t\t<td>\n\t\t\t<p>2001-1174<\/p>\n\t\t\t<\/td>\n\t\t<\/tr>\n\t\t<tr>\n\t\t\t<td>\n\t\t\t<p>Fen-Edebiyat Fak\u00fcltesi Dekanl\u0131\u011f\u0131<\/p>\n\t\t\t<\/td>\n\t\t\t<td>\n\t\t\t<p>2004-1164<\/p>\n\t\t\t<\/td>\n\t\t<\/tr>\n\t\t<tr>\n\t\t\t<td>\n\t\t\t<p>\u0130ktisadi ve \u0130dari Bilimler Fak\u00fcltesi Dekanl\u0131\u011f\u0131<\/p>\n\t\t\t<\/td>\n\t\t\t<td>\n\t\t\t<p>2002-1192<\/p>\n\t\t\t<\/td>\n\t\t<\/tr>\n\t\t<tr>\n\t\t\t<td>\n\t\t\t<p>Meslek Y\u00fcksekokulu M\u00fcd\u00fcrl\u00fc\u011f\u00fc<\/p>\n\t\t\t<\/td>\n\t\t\t<td>\n\t\t\t<p>1246-2006<\/p>\n\t\t\t<\/td>\n\t\t<\/tr>\n\t\t<tr>\n\t\t\t<td>\n\t\t\t<p>Sosyal Bilimler Enstit\u00fcs\u00fc M\u00fcd\u00fcrl\u00fc\u011f\u00fc<\/p>\n\t\t\t<\/td>\n\t\t\t<td>\n\t\t\t<p>1237-2005<\/p>\n\t\t\t<\/td>\n\t\t<\/tr>\n\t\t<tr>\n\t\t\t<td>Yabanc\u0131 Diller Y\u00fcksek Okulu<\/td>\n\t\t\t<td>\n\t\t\t<p>2003-1271<\/p>\n\t\t\t<\/td>\n\t\t<\/tr>\n\t\t<tr>\n\t\t\t<td colspan=\"2\">\n\t\t\t<h3 style=\"text-align: center;\"><br>\n\t\t\t<strong>\u0130DAR\u0130 B\u0130R\u0130MLER<\/strong><\/h3>\n\t\t\t<\/td>\n\t\t<\/tr>\n\t\t<tr>\n\t\t\t<td><strong>B\u0130R\u0130M<\/strong><\/td>\n\t\t\t<td><strong>DAH\u0130L\u0130<\/strong><\/td>\n\t\t<\/tr>\n\t\t<tr>\n\t\t\t<td>\n\t\t\t<p>Rekt\u00f6rl\u00fck \u00d6zel Kalem<\/p>\n\t\t\t<\/td>\n\t\t\t<td>\n\t\t\t<p>0-1117-2506-2507<\/p>\n\t\t\t<\/td>\n\t\t<\/tr>\n\t\t<tr>\n\t\t\t<td>\n\t\t\t<p>Genel Sekreterlik<\/p>\n\t\t\t<\/td>\n\t\t\t<td>\n\t\t\t<p>2000-1170-1171<\/p>\n\t\t\t<\/td>\n\t\t<\/tr>\n\t\t<tr>\n\t\t\t<td>\n\t\t\t<p>Personel Daire Ba\u015fkanl\u0131\u011f\u0131<\/p>\n\t\t\t<\/td>\n\t\t\t<td>\n\t\t\t<p>1132<\/p>\n\t\t\t<\/td>\n\t\t<\/tr>\n\t\t<tr>\n\t\t\t<td>K\u00fclt\u00fcr Hlk. \u0130l\u015f. Spor ve Sa\u011fl\u0131k Daire Ba\u015fkanl\u0131\u011f\u0131<\/td>\n\t\t\t<td>\n\t\t\t<p>1295-1301-1129-1141<\/p>\n\t\t\t<\/td>\n\t\t<\/tr>\n\t\t<tr>\n\t\t\t<td>\n\t\t\t<p>\u00d6\u011frenci \u0130\u015fleri Daire Ba\u015fkanl\u0131\u011f\u0131<\/p>\n\t\t\t<\/td>\n\t\t\t<td>\n\t\t\t<p>1110-1114-1115<\/p>\n\t\t\t<\/td>\n\t\t<\/tr>\n\t\t<tr>\n\t\t\t<td>\n\t\t\t<p>Mali \u0130\u015fler Daire Ba\u015fkanl\u0131\u011f\u0131<\/p>\n\t\t\t<\/td>\n\t\t\t<td>\n\t\t\t<p>1118-1123<\/p>\n\t\t\t<\/td>\n\t\t<\/tr>\n\t\t<tr>\n\t\t\t<td>\n\t\t\t<p>K\u00fct\u00fcphane Daire Ba\u015fkanl\u0131\u011f\u0131<\/p>\n\t\t\t<\/td>\n\t\t\t<td>\n\t\t\t<p>1233-1234<\/p>\n\t\t\t<\/td>\n\t\t<\/tr>\n\t\t<tr>\n\t\t\t<td>\n\t\t\t<p>Spor M\u00fcd\u00fcrl\u00fc\u011f\u00fc<\/p>\n\t\t\t<\/td>\n\t\t\t<td>\n\t\t\t<p>1159<\/p>\n\t\t\t<\/td>\n\t\t<\/tr>\n\t\t<tr>\n\t\t\t<td>\n\t\t\t<p>Bilgi \u0130\u015flem Daire Ba\u015fkanl\u0131\u011f\u0131<\/p>\n\t\t\t<\/td>\n\t\t\t<td>\n\t\t\t<p>1225-1226-1227<\/p>\n\t\t\t<\/td>\n\t\t<\/tr>\n\t\t<tr>\n\t\t\t<td>Destek ve Yap\u0131 \u0130\u015fleri Daire Ba\u015fkanl\u0131\u011f\u0131<\/td>\n\t\t\t<td>\n\t\t\t<p>1142-1161<\/p>\n\t\t\t<\/td>\n\t\t<\/tr>\n\t\t<tr>\n\t\t\t<td>\n\t\t\t<p>Koruma ve G\u00fcvenlik Amirli\u011fi<\/p>\n\t\t\t<\/td>\n\t\t\t<td>\n\t\t\t<p>1167-1151<\/p>\n\t\t\t<\/td>\n\t\t<\/tr>\n\t\t<tr>\n\t\t\t<td>\n\t\t\t<p>Sa\u011fl\u0131k Ofisi<\/p>\n\t\t\t<\/td>\n\t\t\t<td>\n\t\t\t<p>1112<\/p>\n\t\t\t<\/td>\n\t\t<\/tr>\n\t\t<tr>\n\t\t\t<td>\n\t\t\t<p>Uluslararas\u0131 \u0130li\u015fkiler Ofisi<\/p>\n\t\t\t<\/td>\n\t\t\t<td>\n\t\t\t<p>1241<\/p>\n\t\t\t<\/td>\n\t\t<\/tr>\n\t\t<tr>\n\t\t\t<td>\n\t\t\t<p>Servis (Ula\u015ft\u0131rma) Ofisi<\/p>\n\t\t\t<\/td>\n\t\t\t<td>\n\t\t\t<p>1201<\/p>\n\t\t\t<\/td>\n\t\t<\/tr>\n\t<\/tbody>\n<\/table>\n<\/div>\n\n<p>&nbsp;<\/p>\n","protected":false},"excerpt":{"rendered":"<p>\u0130leti\u015fim Adres \u00c7a\u011f \u00dcniversitesi Ya\u015far Baybo\u011fan Kamp\u00fcs\u00fc Adana-Mersin Karayolu \u00fczeri 33800 Yenice\/MERS\u0130N Whatsapp \u0130leti\u015fim +90 (0) 542 447 56 23 Email ssc@cag.edu.tr &#8211; gencdiplomatlar.ssc@gmail.com AKADEM\u0130K B\u0130R\u0130MLER B\u0130R\u0130M DAH\u0130L\u0130 Hukuk Fak\u00fcltesi Dekanl\u0131\u011f\u0131 2001-1174 Fen-Edebiyat Fak\u00fcltesi Dekanl\u0131\u011f\u0131 2004-1164 \u0130ktisadi ve \u0130dari Bilimler Fak\u00fcltesi Dekanl\u0131\u011f\u0131 2002-1192 Meslek Y\u00fcksekokulu M\u00fcd\u00fcrl\u00fc\u011f\u00fc 1246-2006 Sosyal Bilimler Enstit\u00fcs\u00fc M\u00fcd\u00fcrl\u00fc\u011f\u00fc 1237-2005 Yabanc\u0131 Diller Y\u00fcksek [&hellip;]<\/p>\n","protected":false},"author":1,"featured_media":0,"parent":0,"menu_order":0,"comment_status":"closed","ping_status":"closed","template":"","meta":{"footnotes":""},"class_list":["post-497","page","type-page","status-publish","hentry"],"_links":{"self":[{"href":"https:\/\/conference.cag.edu.tr\/conference-2\/wp-json\/wp\/v2\/pages\/497","targetHints":{"allow":["GET"]}}],"collection":[{"href":"https:\/\/conference.cag.edu.tr\/conference-2\/wp-json\/wp\/v2\/pages"}],"about":[{"href":"https:\/\/conference.cag.edu.tr\/conference-2\/wp-json\/wp\/v2\/types\/page"}],"author":[{"embeddable":true,"href":"https:\/\/conference.cag.edu.tr\/conference-2\/wp-json\/wp\/v2\/users\/1"}],"replies":[{"embeddable":true,"href":"https:\/\/conference.cag.edu.tr\/conference-2\/wp-json\/wp\/v2\/comments?post=497"}],"version-history":[{"count":9,"href":"https:\/\/conference.cag.edu.tr\/conference-2\/wp-json\/wp\/v2\/pages\/497\/revisions"}],"predecessor-version":[{"id":695,"href":"https:\/\/conference.cag.edu.tr\/conference-2\/wp-json\/wp\/v2\/pages\/497\/revisions\/695"}],"wp:attachment":[{"href":"https:\/\/conference.cag.edu.tr\/conference-2\/wp-json\/wp\/v2\/media?parent=497"}],"curies":[{"name":"wp","href":"https:\/\/api.w.org\/{rel}","templated":true}]}}