{"id":528,"date":"2021-03-03T13:48:45","date_gmt":"2021-03-03T10:48:45","guid":{"rendered":"http:\/\/conference.cag.edu.tr\/conference-2\/?page_id=528"},"modified":"2021-03-26T11:17:12","modified_gmt":"2021-03-26T08:17:12","slug":"konferansa-davet","status":"publish","type":"page","link":"https:\/\/conference.cag.edu.tr\/conference-2\/konferansa-davet\/","title":{"rendered":"KONFERANSA DAVET"},"content":{"rendered":"\n<p class=\"has-text-align-center has-text-color has-medium-font-size\" style=\"color:#da291c\">DAVET METN\u0130<\/p>\n\n\n\n<div class=\"wp-block-group\"><div class=\"wp-block-group__inner-container is-layout-flow wp-block-group-is-layout-flow\">\n<div style=\"text-align:justify\">T\u00fcrkiye ve Rusya Federasyonu aras\u0131ndaki ili\u015fkilerin\nk\u00f6kl\u00fc bir ge\u00e7mi\u015fe sahiptir ve Rusya\nFederasyonu ile T\u00fcrkiye\naras\u0131nda ki ili\u015fkiler, Kafkasya,\nOrtado\u011fu ve Karadeniz havzas\u0131nda etkin b\u00f6lgesel akt\u00f6rler olmalar\u0131 nedeniyle\ng\u00fcn\u00fcm\u00fczde hi\u00e7 olmad\u0131\u011f\u0131 kadar \u00f6nem arz etmektedir. \u00c7\u00fcnk\u00fc her iki \u00fclkenin de\nbahse konu b\u00f6lgelerde hem ortak \u00e7\u0131karlar\u0131 hem de belli ba\u015fl\u0131 konularda \u00e7\u0131kar\n\u00e7at\u0131\u015fmalar\u0131 mevcuttur. T\u00fcrkiye ve Rusya aras\u0131nda ki ili\u015fkiler So\u011fuk Sava\u015f sonras\u0131 d\u00fcnya d\u00fczenindeki\nde\u011fi\u015fikli\u011fin etkisiyle, iki \u00fclkenin de b\u00fcy\u00fck \u00f6l\u00e7\u00fcde g\u00fcvenlik alg\u0131lar\u0131n\u0131n da\nd\u00f6n\u00fc\u015f\u00fcm\u00fcyle, So\u011fuk Sava\u015f d\u00f6nemine k\u0131yasla (T\u00fcrkiye\u2019nin NATO \u00fclkesi olmas\u0131na\nra\u011fmen) ikili ili\u015fkiler kar\u015f\u0131l\u0131kl\u0131 ba\u011f\u0131ml\u0131l\u0131k noktas\u0131nda dinamizm kazanm\u0131\u015f, bu\ndinamizmin etkisiyle bir\u00e7ok ortak \u00e7al\u0131\u015fma alan\u0131 (Savunma, G\u00fcvenlik, Diplomasi\ngibi) ve enerji, turizm, ticaret gibi gittik\u00e7e artan yeni i\u015f birli\u011fi f\u0131rsatlar\u0131\nortaya \u00e7\u0131km\u0131\u015ft\u0131r. \u0130ki \u00fclkede \u00e7\u0131karlar\u0131 \u00e7at\u0131\u015fma alanlar\u0131ndan daha \u00fcst\u00fcn tutsa da\n\u00f6zellikle son d\u00f6nemde siyasi liderler Erdo\u011fan ve Putin\u2019in g\u00fc\u00e7l\u00fc ki\u015filikleri\nalt\u0131nda yak\u0131n bir diyalog tesis edilmi\u015f ve ortak \u00e7\u0131kar alanlar\u0131 artt\u0131r\u0131lm\u0131\u015ft\u0131r.\nAyn\u0131 zamanda iki \u00fclkenin de i\u015fbirli\u011fi kurmas\u0131n\u0131 zorla\u015ft\u0131ran, rekabete sebep\nolan pek \u00e7ok konu ba\u015fl\u0131\u011f\u0131 ve \u00e7at\u0131\u015fma alanlar\u0131 da bulunmaktad\u0131r. Yak\u0131n d\u00f6nem\nikili ili\u015fkilerinde g\u00f6r\u00fclece\u011fi \u00fczere, Suriye meselesinde pek \u00e7ok g\u00f6r\u00fc\u015f ayr\u0131l\u0131\u011f\u0131\nve gerginlik ya\u015fansa da T\u00fcrkiye ve Rusya Federasyonu\u2019nun hem sahada ortak\ndevriyeler ger\u00e7ekle\u015ftirmesi hem de masada Astana, So\u00e7i gibi diplomatik alanlarda\niki garant\u00f6r \u00fclke rol\u00fcnde uzla\u015f\u0131 giri\u015fimlerinde bulunmas\u0131 taraflar\u0131n diyalog\ni\u00e7erisinde kalma ve ortak hareket alan\u0131 yaratma gayretinin g\u00f6stergeleridir.\nBenzer olarak Libya sahas\u0131nda da taraflar farkl\u0131 saflarda yer almalar\u0131na ra\u011fmen\nb\u00f6lgede iki \u00f6nemli akt\u00f6r olan T\u00fcrkiye ve Rusya Federasyonu m\u00fczakere s\u00fcrecinde\n\u00e7\u00f6z\u00fcm aray\u0131\u015flar\u0131n\u0131 s\u00fcrd\u00fcrerek ortak bir zeminde bulu\u015fma \u00e7abas\u0131 g\u00f6stermektedir.\nSon olarak G\u00fcney Kafkasya\u2019da g\u00fc\u00e7 dengelerini temelinden de\u011fi\u015ftiren\nAzerbaycan-Ermenistan aras\u0131nda ki Da\u011fl\u0131k Karaba\u011f \u00e7at\u0131\u015fmalar\u0131nda, T\u00fcrkiye ve\nRusya Federasyonu\u2019nun krize m\u00fcdahaleleri \u00f6nem kazanm\u0131\u015f ve taraflar\u0131n\nyakla\u015f\u0131mlar\u0131 diplomatik giri\u015fimleri tekrardan etkin hale getirmi\u015f ve \u00f6nce\nate\u015fkes tesis edilmi\u015f, ar\u0131ndan da kal\u0131c\u0131 bar\u0131\u015f i\u00e7in ilk ad\u0131mlar at\u0131lm\u0131\u015ft\u0131r.\nG\u00f6r\u00fclece\u011fi \u00fczere, T\u00fcrkiye-Rusya Federasyonu ili\u015fkileri hem b\u00f6lgesel hem de k\u00fcresel\ndengeleri \u015fekillendirici ve belirleyici rol oynayan bir yap\u0131dad\u0131r.<\/p>\n<\/div><\/div>\n\n\n\n<p>B\u00fct\u00fcn bu b\u00f6lgesel ve k\u00fcresel etkiler \u0131\u015f\u0131\u011f\u0131nda d\u00fczenlemi\u015f oldu\u011fumuz <\/p>\n\n\n\n<p class=\"has-text-color\" style=\"color:#da291c\">\u201c<strong><em>1. Uluslararas\u0131 T\u00fcrkiye-Rusya \u0130li\u015fkileri Konferans\u0131<\/em><\/strong>\u201d ba\u015fl\u0131kl\u0131 etkinli\u011fimiz;<\/p>\n\n\n\n<ul class=\"wp-block-list\"><li>Tarihi\nve Stratejik A\u00e7\u0131dan T\u00fcrkiye-Rusya \u0130li\u015fkileri<\/li><li>T\u00fcrkiye-Rusya\nili\u015fkilerinde Siyasi ve Ekonomik Meseleler<\/li><li>T\u00fcrkiye-Rusya\n\u0130li\u015fkilerinin Gelece\u011fi,<\/li><li>Bir\nKu\u015fak Bir Yol Projesi A\u00e7\u0131s\u0131ndan T\u00fcrkiye-Rusya \u0130li\u015fkilerinin De\u011ferlendirilmesi<\/li><li>T\u00fcrkiye-Rusya\n\u0130li\u015fkilerinin B\u00f6lgesel ve K\u00fcresel Etkileri<\/li><li>\u00c7at\u0131\u015fma\nB\u00f6lgelerinde Potansiyel T\u00fcrkiye-Rusya \u0130\u015fbirli\u011fi Alanlar\u0131,<\/li><\/ul>\n\n\n\n<p>Gibi konular\u0131 kapsamas\u0131 a\u00e7\u0131s\u0131ndan\nT\u00fcrkiye-Rusya ili\u015fkilerinin d\u00fcn\u00fc,bug\u00fcn\u00fc ve yar\u0131n\u0131na \u0131\u015f\u0131k tutacak bir \u00e7er\u00e7evede organize\nedilmi\u015ftir. Bu \u00f6nemli etkinlikte sizleri de aram\u0131zda g\u00f6rmekten b\u00fcy\u00fck mutluluk\nve memnuniyet duyaca\u011f\u0131m\u0131z\u0131 belirtmek isteriz.<\/p>\n\n\n\n<p>Sayg\u0131lar\u0131m\u0131zla.<\/p>\n","protected":false},"excerpt":{"rendered":"<p>DAVET METN\u0130 T\u00fcrkiye ve Rusya Federasyonu aras\u0131ndaki ili\u015fkilerin k\u00f6kl\u00fc bir ge\u00e7mi\u015fe sahiptir ve Rusya Federasyonu ile T\u00fcrkiye aras\u0131nda ki ili\u015fkiler, Kafkasya, Ortado\u011fu ve Karadeniz havzas\u0131nda etkin b\u00f6lgesel akt\u00f6rler olmalar\u0131 nedeniyle g\u00fcn\u00fcm\u00fczde hi\u00e7 olmad\u0131\u011f\u0131 kadar \u00f6nem arz etmektedir. \u00c7\u00fcnk\u00fc her iki \u00fclkenin de bahse konu b\u00f6lgelerde hem ortak \u00e7\u0131karlar\u0131 hem de belli ba\u015fl\u0131 konularda \u00e7\u0131kar \u00e7at\u0131\u015fmalar\u0131 [&hellip;]<\/p>\n","protected":false},"author":1,"featured_media":0,"parent":0,"menu_order":0,"comment_status":"closed","ping_status":"closed","template":"","meta":{"footnotes":""},"class_list":["post-528","page","type-page","status-publish","hentry"],"_links":{"self":[{"href":"https:\/\/conference.cag.edu.tr\/conference-2\/wp-json\/wp\/v2\/pages\/528","targetHints":{"allow":["GET"]}}],"collection":[{"href":"https:\/\/conference.cag.edu.tr\/conference-2\/wp-json\/wp\/v2\/pages"}],"about":[{"href":"https:\/\/conference.cag.edu.tr\/conference-2\/wp-json\/wp\/v2\/types\/page"}],"author":[{"embeddable":true,"href":"https:\/\/conference.cag.edu.tr\/conference-2\/wp-json\/wp\/v2\/users\/1"}],"replies":[{"embeddable":true,"href":"https:\/\/conference.cag.edu.tr\/conference-2\/wp-json\/wp\/v2\/comments?post=528"}],"version-history":[{"count":17,"href":"https:\/\/conference.cag.edu.tr\/conference-2\/wp-json\/wp\/v2\/pages\/528\/revisions"}],"predecessor-version":[{"id":686,"href":"https:\/\/conference.cag.edu.tr\/conference-2\/wp-json\/wp\/v2\/pages\/528\/revisions\/686"}],"wp:attachment":[{"href":"https:\/\/conference.cag.edu.tr\/conference-2\/wp-json\/wp\/v2\/media?parent=528"}],"curies":[{"name":"wp","href":"https:\/\/api.w.org\/{rel}","templated":true}]}}