{"id":544,"date":"2021-03-03T13:51:26","date_gmt":"2021-03-03T10:51:26","guid":{"rendered":"http:\/\/conference.cag.edu.tr\/conference-2\/?page_id=544"},"modified":"2021-03-03T18:49:46","modified_gmt":"2021-03-03T15:49:46","slug":"universitemiz","status":"publish","type":"page","link":"https:\/\/conference.cag.edu.tr\/conference-2\/universitemiz\/","title":{"rendered":"\u00dcN\u0130VERS\u0130TEM\u0130Z"},"content":{"rendered":"\n<h3 class=\"has-text-color wp-block-heading\" style=\"color:#0033a0\"><\/h3>\n\n\n\n<h4 class=\"has-text-color wp-block-heading\" style=\"color:#c22429\">\u00c7a\u011f \u00dcniversitesi&#8217;nin M\u0130SYONU<\/h4>\n\n\n\n<div style=\"text-align:justify\"><p>Bilgi \u00fcretim ve payla\u015f\u0131m merkezi olarak Atat\u00fcrk\u00e7\u00fc d\u00fc\u015f\u00fcnce sistemi do\u011frultusunda,<\/p>\n\n\n\n<p>\u00b7&nbsp;&nbsp;&nbsp;&nbsp;&nbsp;&nbsp;&nbsp;&nbsp;&nbsp;D\u00fcnya standartlar\u0131nda e\u011fitim ve \u00f6\u011fretim vererek,<\/p>\n\n\n\n<p>\u00b7&nbsp;&nbsp;&nbsp;&nbsp;&nbsp;&nbsp;&nbsp;&nbsp;&nbsp;Ara\u015ft\u0131rmac\u0131, sorgulay\u0131c\u0131, giri\u015fimci,<\/p>\n\n\n\n<p>\u00b7&nbsp;&nbsp;&nbsp;&nbsp;&nbsp;&nbsp;&nbsp;&nbsp;&nbsp;Evrensel de\u011ferler \u00e7er\u00e7evesinde topluma ve \u00e7evreye duyarl\u0131,<\/p>\n\n\n\n<p>\u00b7&nbsp;&nbsp;&nbsp;&nbsp;&nbsp;&nbsp;&nbsp;&nbsp;&nbsp;Sosyal sorumluluk bilincine sahip, etik de\u011ferleri g\u00f6z \u00f6n\u00fcnde bulunduran,<\/p>\n\n\n\n<p>\u00b7&nbsp;&nbsp;&nbsp;&nbsp;&nbsp;&nbsp;&nbsp;&nbsp;&nbsp;\u00d6zg\u00fcveni y\u00fcksek, kendini ifade edebilen,&nbsp;<em>ya\u015fama haz\u0131r bireyler yeti\u015ftirmek.<\/em><\/p>\n\n\n\n<figure class=\"wp-block-gallery columns-3 is-cropped wp-block-gallery-1 is-layout-flex wp-block-gallery-is-layout-flex\"><ul class=\"blocks-gallery-grid\"><li class=\"blocks-gallery-item\"><figure><img loading=\"lazy\" decoding=\"async\" width=\"480\" height=\"320\" src=\"http:\/\/conference.cag.edu.tr\/conference-2\/wp-content\/uploads\/2019\/10\/icon-ogrenci-isleri.jpg\" alt=\"\" data-id=\"103\" data-full-url=\"http:\/\/conference.cag.edu.tr\/conference-2\/wp-content\/uploads\/2019\/10\/icon-ogrenci-isleri.jpg\" data-link=\"http:\/\/conference.cag.edu.tr\/conference-2\/icon-ogrenci-isleri\/\" class=\"wp-image-103\" srcset=\"https:\/\/conference.cag.edu.tr\/conference-2\/wp-content\/uploads\/2019\/10\/icon-ogrenci-isleri.jpg 480w, https:\/\/conference.cag.edu.tr\/conference-2\/wp-content\/uploads\/2019\/10\/icon-ogrenci-isleri-300x200.jpg 300w\" sizes=\"auto, (max-width: 480px) 100vw, 480px\" \/><\/figure><\/li><li class=\"blocks-gallery-item\"><figure><img loading=\"lazy\" decoding=\"async\" width=\"300\" height=\"200\" src=\"http:\/\/conference.cag.edu.tr\/conference-2\/wp-content\/uploads\/2021\/03\/iiTqbcvz1CV6dbaR.jpg\" alt=\"\" data-id=\"579\" data-full-url=\"http:\/\/conference.cag.edu.tr\/conference-2\/wp-content\/uploads\/2021\/03\/iiTqbcvz1CV6dbaR.jpg\" data-link=\"http:\/\/conference.cag.edu.tr\/conference-2\/universitemiz\/iitqbcvz1cv6dbar\/\" class=\"wp-image-579\"\/><\/figure><\/li><li class=\"blocks-gallery-item\"><figure><img loading=\"lazy\" decoding=\"async\" width=\"1024\" height=\"228\" src=\"http:\/\/conference.cag.edu.tr\/conference-2\/wp-content\/uploads\/2019\/11\/Mtkf6zed3ndCRO6y-Copy-Copy-1024x228.jpg\" alt=\"\" data-id=\"318\" data-full-url=\"http:\/\/conference.cag.edu.tr\/conference-2\/wp-content\/uploads\/2019\/11\/Mtkf6zed3ndCRO6y-Copy-Copy.jpg\" data-link=\"http:\/\/conference.cag.edu.tr\/conference-2\/mtkf6zed3ndcro6y-copy-copy\/\" class=\"wp-image-318\" srcset=\"https:\/\/conference.cag.edu.tr\/conference-2\/wp-content\/uploads\/2019\/11\/Mtkf6zed3ndCRO6y-Copy-Copy-1024x228.jpg 1024w, https:\/\/conference.cag.edu.tr\/conference-2\/wp-content\/uploads\/2019\/11\/Mtkf6zed3ndCRO6y-Copy-Copy-300x67.jpg 300w, https:\/\/conference.cag.edu.tr\/conference-2\/wp-content\/uploads\/2019\/11\/Mtkf6zed3ndCRO6y-Copy-Copy-768x171.jpg 768w, https:\/\/conference.cag.edu.tr\/conference-2\/wp-content\/uploads\/2019\/11\/Mtkf6zed3ndCRO6y-Copy-Copy.jpg 1800w\" sizes=\"auto, (max-width: 1024px) 100vw, 1024px\" \/><\/figure><\/li><li class=\"blocks-gallery-item\"><figure><img loading=\"lazy\" decoding=\"async\" width=\"1024\" height=\"455\" src=\"http:\/\/conference.cag.edu.tr\/conference-2\/wp-content\/uploads\/2019\/11\/4-Copy-1024x455.jpg\" alt=\"\" data-id=\"295\" data-full-url=\"http:\/\/conference.cag.edu.tr\/conference-2\/wp-content\/uploads\/2019\/11\/4-Copy.jpg\" data-link=\"http:\/\/conference.cag.edu.tr\/conference-2\/4-copy\/\" class=\"wp-image-295\" srcset=\"https:\/\/conference.cag.edu.tr\/conference-2\/wp-content\/uploads\/2019\/11\/4-Copy-1024x455.jpg 1024w, https:\/\/conference.cag.edu.tr\/conference-2\/wp-content\/uploads\/2019\/11\/4-Copy-300x133.jpg 300w, https:\/\/conference.cag.edu.tr\/conference-2\/wp-content\/uploads\/2019\/11\/4-Copy-768x341.jpg 768w, https:\/\/conference.cag.edu.tr\/conference-2\/wp-content\/uploads\/2019\/11\/4-Copy.jpg 1800w\" sizes=\"auto, (max-width: 1024px) 100vw, 1024px\" \/><\/figure><\/li><li class=\"blocks-gallery-item\"><figure><img loading=\"lazy\" decoding=\"async\" width=\"1024\" height=\"455\" src=\"http:\/\/conference.cag.edu.tr\/conference-2\/wp-content\/uploads\/2019\/11\/YXHYZe4AeXhdh4fE-Copy-1024x455.jpg\" alt=\"\" data-id=\"309\" data-full-url=\"http:\/\/conference.cag.edu.tr\/conference-2\/wp-content\/uploads\/2019\/11\/YXHYZe4AeXhdh4fE-Copy.jpg\" data-link=\"http:\/\/conference.cag.edu.tr\/conference-2\/yxhyze4aexhdh4fe-copy-2\/\" class=\"wp-image-309\" srcset=\"https:\/\/conference.cag.edu.tr\/conference-2\/wp-content\/uploads\/2019\/11\/YXHYZe4AeXhdh4fE-Copy-1024x455.jpg 1024w, https:\/\/conference.cag.edu.tr\/conference-2\/wp-content\/uploads\/2019\/11\/YXHYZe4AeXhdh4fE-Copy-300x133.jpg 300w, https:\/\/conference.cag.edu.tr\/conference-2\/wp-content\/uploads\/2019\/11\/YXHYZe4AeXhdh4fE-Copy-768x341.jpg 768w, https:\/\/conference.cag.edu.tr\/conference-2\/wp-content\/uploads\/2019\/11\/YXHYZe4AeXhdh4fE-Copy.jpg 1800w\" sizes=\"auto, (max-width: 1024px) 100vw, 1024px\" \/><\/figure><\/li><\/ul><\/figure>\n\n\n\n<h4 class=\"has-text-color wp-block-heading\" style=\"color:#c22429\">\u00c7a\u011f \u00dcniversitesi&#8217;nin V\u0130ZYONU<\/h4>\n\n\n\n<p>Sosyal ve be\u015feri bilimler alan\u0131nda e\u011fitim-\u00f6\u011fretim, ara\u015ft\u0131rma ve toplumsal katk\u0131 \u00e7al\u0131\u015fmalar\u0131nda T\u00fcrkiye\u2019nin \u00f6nde gelen vak\u0131f \u00fcniversitelerinden biri olmak<\/p>\n\n\n\n<h4 class=\"has-text-color wp-block-heading\" style=\"color:#c22429\">TEMEL DE\u011eERLER<\/h4>\n\n\n\n<ul class=\"wp-block-list\"><li>Adil olmak<\/li><li>Etik davranmak<\/li><li>\u015eeffafl\u0131k<\/li><li>Bilimsellik<\/li><li>Giri\u015fimcilik<\/li><li>Kalite Odakl\u0131l\u0131k<\/li><li>Payda\u015f Odakl\u0131l\u0131k<\/li><li>\u00c7evreye Duyarl\u0131l\u0131k<\/li><li>\u00c7A\u011e K\u00fclt\u00fcr\u00fcn\u00fc benimsemek<\/li><\/ul>\n\n\n\n<figure class=\"wp-block-gallery columns-3 is-cropped wp-block-gallery-2 is-layout-flex wp-block-gallery-is-layout-flex\"><ul class=\"blocks-gallery-grid\"><li class=\"blocks-gallery-item\"><figure><img loading=\"lazy\" decoding=\"async\" width=\"300\" height=\"200\" src=\"http:\/\/conference.cag.edu.tr\/conference-2\/wp-content\/uploads\/2021\/03\/PaTVcmq5GFy1vWvi.jpg\" alt=\"\" data-id=\"584\" data-full-url=\"http:\/\/conference.cag.edu.tr\/conference-2\/wp-content\/uploads\/2021\/03\/PaTVcmq5GFy1vWvi.jpg\" data-link=\"http:\/\/conference.cag.edu.tr\/conference-2\/universitemiz\/patvcmq5gfy1vwvi\/\" class=\"wp-image-584\"\/><\/figure><\/li><li class=\"blocks-gallery-item\"><figure><img loading=\"lazy\" decoding=\"async\" width=\"300\" height=\"200\" src=\"http:\/\/conference.cag.edu.tr\/conference-2\/wp-content\/uploads\/2021\/03\/kKF25kvlAg9qVoLJ.jpg\" alt=\"\" data-id=\"582\" data-full-url=\"http:\/\/conference.cag.edu.tr\/conference-2\/wp-content\/uploads\/2021\/03\/kKF25kvlAg9qVoLJ.jpg\" data-link=\"http:\/\/conference.cag.edu.tr\/conference-2\/universitemiz\/kkf25kvlag9qvolj\/\" class=\"wp-image-582\"\/><\/figure><\/li><li class=\"blocks-gallery-item\"><figure><img loading=\"lazy\" decoding=\"async\" width=\"300\" height=\"200\" src=\"http:\/\/conference.cag.edu.tr\/conference-2\/wp-content\/uploads\/2021\/03\/jN2svfULZgKTROSF.jpg\" alt=\"\" data-id=\"581\" data-full-url=\"http:\/\/conference.cag.edu.tr\/conference-2\/wp-content\/uploads\/2021\/03\/jN2svfULZgKTROSF.jpg\" data-link=\"http:\/\/conference.cag.edu.tr\/conference-2\/universitemiz\/jn2svfulzgktrosf\/\" class=\"wp-image-581\"\/><\/figure><\/li><li class=\"blocks-gallery-item\"><figure><img loading=\"lazy\" decoding=\"async\" width=\"300\" height=\"200\" src=\"http:\/\/conference.cag.edu.tr\/conference-2\/wp-content\/uploads\/2021\/03\/44mki9y5wVyg4qxq-1.jpg\" alt=\"\" data-id=\"577\" data-full-url=\"http:\/\/conference.cag.edu.tr\/conference-2\/wp-content\/uploads\/2021\/03\/44mki9y5wVyg4qxq-1.jpg\" data-link=\"http:\/\/conference.cag.edu.tr\/conference-2\/universitemiz\/44mki9y5wvyg4qxq-1\/\" class=\"wp-image-577\"\/><\/figure><\/li><li class=\"blocks-gallery-item\"><figure><img loading=\"lazy\" decoding=\"async\" width=\"300\" height=\"200\" src=\"http:\/\/conference.cag.edu.tr\/conference-2\/wp-content\/uploads\/2021\/03\/qgqxtty8qtOhxmPq.jpg\" alt=\"\" data-id=\"585\" data-full-url=\"http:\/\/conference.cag.edu.tr\/conference-2\/wp-content\/uploads\/2021\/03\/qgqxtty8qtOhxmPq.jpg\" data-link=\"http:\/\/conference.cag.edu.tr\/conference-2\/universitemiz\/qgqxtty8qtohxmpq\/\" class=\"wp-image-585\"\/><\/figure><\/li><\/ul><\/figure>\n\n\n\n<h4 class=\"has-text-color wp-block-heading\" style=\"color:#c22429\">KURUMSAL POL\u0130T\u0130KALAR<\/h4>\n\n\n\n<p class=\"has-text-color\" style=\"color:#c22429\"><strong>1.E\u011fitim Politikas\u0131<\/strong><\/p>\n\n\n\n<p>\u00c7a\u011f \u00dcniversitesi;<\/p>\n\n\n\n<ul class=\"wp-block-list\"><li>Ezbere dayal\u0131 olmayan, yarat\u0131c\u0131l\u0131\u011f\u0131 ve a\u00e7\u0131k fikirlili\u011fi ve ara\u015ft\u0131rmac\u0131 kimli\u011fi \u00f6n planda tutan bir anlay\u0131\u015f\u0131 benimsemek,<\/li><li>Ders i\u00e7eriklerinin hem mesleki bilgi birikimini sa\u011flamaya hem de \u00e7al\u0131\u015fma hayat\u0131n\u0131n taleplerini kar\u015f\u0131lamaya y\u00f6nelik olarak olu\u015fturulmas\u0131na \u00f6zen g\u00f6stermek,<\/li><li>Dersleri uygulamaya \u00f6ncelik veren bir anlay\u0131\u015fla i\u015flemek,<\/li><li>Bu temel politikalar do\u011frultusunda \u00c7a\u011f \u00dcniversitesi, a\u015fa\u011f\u0131da belirtilen \u00f6zelliklere sahip mezunlar yeti\u015ftirmeyi hedeflemektedir.<\/li><\/ul>\n\n\n\n<p>\u00c7ok y\u00f6nl\u00fc, analitik ve ele\u015ftirel d\u00fc\u015f\u00fcnebilen,<\/p>\n\n\n\n<p>Etkili ifade yetene\u011fi olan,<\/p>\n\n\n\n<p>\u0130yi d\u00fczeyde \u0130ngilizce bilen,<\/p>\n\n\n\n<p>\u0130kinci bir yabanc\u0131 dile de hakim<\/p>\n\n\n\n<p>Ara\u015ft\u0131rmac\u0131, yarat\u0131c\u0131,<\/p>\n\n\n\n<p>Geli\u015fen teknolojiyi takip eden ve kullanabilen,<\/p>\n\n\n\n<p>Yurt ve D\u00fcnya olaylar\u0131n\u0131 yak\u0131ndan izleyebilen,<\/p>\n\n\n\n<p>\u00dclkesini ve kurumunu uluslararas\u0131 alanda temsil edebilen,<\/p>\n\n\n\n<p>B\u00fct\u00fcn kesimler taraf\u0131ndan aranan ve tercih edilen,<\/p>\n\n\n\n<p>Ya\u015fam\u0131n sosyal y\u00f6nlerine de kendini haz\u0131rlam\u0131\u015f.<\/p>\n\n\n\n<p class=\"has-text-color\" style=\"color:#c22429\"><strong>2.&nbsp; Akademik Politikalar:<\/strong><\/p>\n\n\n\n<p>\u00c7a\u011f \u00dcniversitesi, yukar\u0131da belirtilen e\u011fitim politikalar\u0131n\u0131n tam zamanl\u0131 \u00f6\u011fretim eleman\u0131 kadrosuyla daha da etkin uygulanabilece\u011fi inanc\u0131ndad\u0131r. Bu nedenle \u00f6\u011fretim eleman\u0131 kadrosunun y\u00fczde 87&#8242; si tam zamanl\u0131d\u0131r.<\/p>\n\n\n\n<p>Kendine yeterli olsa bile, \u00e7evre ile ili\u015fkilerini s\u00fcrd\u00fcrmek ve bilimsel geli\u015fmelerden yararlanmak amac\u0131yla, ba\u015fka \u00fcniversitelerden yar\u0131 zamanl\u0131 \u00f6\u011fretim eleman\u0131 istihdam etmenin \u00f6\u011fretim \u00fcyesi niteli\u011finin y\u00fckseltilmesine katk\u0131 sa\u011flayaca\u011f\u0131 d\u00fc\u015f\u00fcn\u00fclmektedir.<\/p>\n\n\n\n<p class=\"has-text-color\" style=\"color:#c22429\"><strong>3.&nbsp;\u00c7evre, K\u00fclt\u00fcr ve Spor Politikalar\u0131:<\/strong><\/p>\n\n\n\n<p>\u00d6\u011frencilerin ya\u015fama tam olarak haz\u0131rlanabilmelerinin \u00f6nemli bir y\u00f6n\u00fc de, onlar\u0131n toplumsal, k\u00fclt\u00fcrel ve sportif y\u00f6nlerden geli\u015fmelerini sa\u011flamakt\u0131r. Ayr\u0131ca, \u00e7evreyi korumak geli\u015ftirmek ve g\u00fczelle\u015ftirmek en \u00f6nemli politikalar\u0131m\u0131zdan biridir. Bu anlay\u0131\u015fa dayal\u0131 olarak;<\/p>\n\n\n\n<p>\u00dcniversitemiz b\u00fcnyesinde sosyal kul\u00fcpler, \u00e7evre kul\u00fcb\u00fc ve \u00e7e\u015fitli alanlarda ger\u00e7ekle\u015fen sportif etkinlikler i\u00e7in spor tak\u0131mlar\u0131 bulunmaktad\u0131r. Bu kul\u00fcplerin organize edilmesi ve benzeri \u00e7al\u0131\u015fmalar\u0131n y\u00fcr\u00fct\u00fclmesi amac\u0131yla K\u00fclt\u00fcr M\u00fcd\u00fcrl\u00fc\u011f\u00fc \u00f6nderli\u011finde \u00e7al\u0131\u015fmalar devam etmektedir.<\/p>\n\n\n\n<figure class=\"wp-block-gallery columns-3 is-cropped wp-block-gallery-3 is-layout-flex wp-block-gallery-is-layout-flex\"><ul class=\"blocks-gallery-grid\"><li class=\"blocks-gallery-item\"><figure><img loading=\"lazy\" decoding=\"async\" width=\"480\" height=\"320\" src=\"http:\/\/conference.cag.edu.tr\/conference-2\/wp-content\/uploads\/2019\/10\/icon-kutuphane.jpg\" alt=\"\" data-id=\"102\" data-full-url=\"http:\/\/conference.cag.edu.tr\/conference-2\/wp-content\/uploads\/2019\/10\/icon-kutuphane.jpg\" data-link=\"http:\/\/conference.cag.edu.tr\/conference-2\/icon-kutuphane\/\" class=\"wp-image-102\" srcset=\"https:\/\/conference.cag.edu.tr\/conference-2\/wp-content\/uploads\/2019\/10\/icon-kutuphane.jpg 480w, https:\/\/conference.cag.edu.tr\/conference-2\/wp-content\/uploads\/2019\/10\/icon-kutuphane-300x200.jpg 300w\" sizes=\"auto, (max-width: 480px) 100vw, 480px\" \/><\/figure><\/li><li class=\"blocks-gallery-item\"><figure><img loading=\"lazy\" decoding=\"async\" width=\"480\" height=\"320\" src=\"http:\/\/conference.cag.edu.tr\/conference-2\/wp-content\/uploads\/2019\/10\/icon-ogrenci-isleri.jpg\" alt=\"\" data-id=\"103\" data-full-url=\"http:\/\/conference.cag.edu.tr\/conference-2\/wp-content\/uploads\/2019\/10\/icon-ogrenci-isleri.jpg\" data-link=\"http:\/\/conference.cag.edu.tr\/conference-2\/icon-ogrenci-isleri\/\" class=\"wp-image-103\" srcset=\"https:\/\/conference.cag.edu.tr\/conference-2\/wp-content\/uploads\/2019\/10\/icon-ogrenci-isleri.jpg 480w, https:\/\/conference.cag.edu.tr\/conference-2\/wp-content\/uploads\/2019\/10\/icon-ogrenci-isleri-300x200.jpg 300w\" sizes=\"auto, (max-width: 480px) 100vw, 480px\" \/><\/figure><\/li><li class=\"blocks-gallery-item\"><figure><img loading=\"lazy\" decoding=\"async\" width=\"480\" height=\"320\" src=\"http:\/\/conference.cag.edu.tr\/conference-2\/wp-content\/uploads\/2019\/10\/icon-uzay.jpg\" alt=\"\" data-id=\"104\" data-full-url=\"http:\/\/conference.cag.edu.tr\/conference-2\/wp-content\/uploads\/2019\/10\/icon-uzay.jpg\" data-link=\"http:\/\/conference.cag.edu.tr\/conference-2\/icon-uzay\/\" class=\"wp-image-104\" srcset=\"https:\/\/conference.cag.edu.tr\/conference-2\/wp-content\/uploads\/2019\/10\/icon-uzay.jpg 480w, https:\/\/conference.cag.edu.tr\/conference-2\/wp-content\/uploads\/2019\/10\/icon-uzay-300x200.jpg 300w\" sizes=\"auto, (max-width: 480px) 100vw, 480px\" \/><\/figure><\/li><li class=\"blocks-gallery-item\"><figure><img loading=\"lazy\" decoding=\"async\" width=\"480\" height=\"320\" src=\"http:\/\/conference.cag.edu.tr\/conference-2\/wp-content\/uploads\/2019\/10\/icon-aday-ogrenci.jpg\" alt=\"\" data-id=\"99\" data-full-url=\"http:\/\/conference.cag.edu.tr\/conference-2\/wp-content\/uploads\/2019\/10\/icon-aday-ogrenci.jpg\" data-link=\"http:\/\/conference.cag.edu.tr\/conference-2\/icon-aday-ogrenci\/\" class=\"wp-image-99\" srcset=\"https:\/\/conference.cag.edu.tr\/conference-2\/wp-content\/uploads\/2019\/10\/icon-aday-ogrenci.jpg 480w, https:\/\/conference.cag.edu.tr\/conference-2\/wp-content\/uploads\/2019\/10\/icon-aday-ogrenci-300x200.jpg 300w\" sizes=\"auto, (max-width: 480px) 100vw, 480px\" \/><\/figure><\/li><li class=\"blocks-gallery-item\"><figure><img loading=\"lazy\" decoding=\"async\" width=\"1024\" height=\"384\" src=\"http:\/\/conference.cag.edu.tr\/conference-2\/wp-content\/uploads\/2019\/10\/j0ZUldgHmZDRuOwu-Copy-1024x384.jpg\" alt=\"\" data-id=\"91\" data-full-url=\"http:\/\/conference.cag.edu.tr\/conference-2\/wp-content\/uploads\/2019\/10\/j0ZUldgHmZDRuOwu-Copy.jpg\" data-link=\"http:\/\/conference.cag.edu.tr\/conference-2\/j0zuldghmzdruowu-copy\/\" class=\"wp-image-91\" srcset=\"https:\/\/conference.cag.edu.tr\/conference-2\/wp-content\/uploads\/2019\/10\/j0ZUldgHmZDRuOwu-Copy-1024x384.jpg 1024w, https:\/\/conference.cag.edu.tr\/conference-2\/wp-content\/uploads\/2019\/10\/j0ZUldgHmZDRuOwu-Copy-300x113.jpg 300w, https:\/\/conference.cag.edu.tr\/conference-2\/wp-content\/uploads\/2019\/10\/j0ZUldgHmZDRuOwu-Copy-768x288.jpg 768w, https:\/\/conference.cag.edu.tr\/conference-2\/wp-content\/uploads\/2019\/10\/j0ZUldgHmZDRuOwu-Copy.jpg 1600w\" sizes=\"auto, (max-width: 1024px) 100vw, 1024px\" \/><\/figure><\/li><\/ul><\/figure>\n\n\n\n<p class=\"has-text-color\" style=\"color:#c22429\"><strong>4.S\u00fcrekli&nbsp; E\u011fitim ve Topluma Katk\u0131 Sa\u011flama Politikalar\u0131:<\/strong><\/p>\n\n\n\n<p>\u00c7a\u011f \u00dcniversitesi, yerel y\u00f6netimlerle, sanayi ve ticaret odalar\u0131yla, sivil toplum kurulu\u015flar\u0131 ile olu\u015fturaca\u011f\u0131 s\u00fcrekli e\u011fitim projeleriyle, i\u00e7inde bulundu\u011fu b\u00f6lgenin insan\u0131n\u0131 e\u011fitici seminerler, kurslar vb. \u00e7al\u0131\u015fmalar y\u00fcr\u00fcterek bir yandan bilginin topluma yay\u0131lmas\u0131n\u0131, \u00f6te yandan da toplumun geli\u015fmesine katk\u0131 sa\u011flamay\u0131 hedeflemektedir.<\/p>\n\n\n\n<p class=\"has-text-color\" style=\"color:#c22429\"><strong>5. Ara\u015ft\u0131rma Geli\u015ftirme Politikas\u0131:<\/strong><\/p>\n\n\n\n<p>Ara\u015ft\u0131rmak, bilgi \u00fcretmek ve ba\u015fta yak\u0131n \u00e7evresi olmak \u00fczere i\u00e7inde ya\u015fad\u0131\u011f\u0131 topluma katk\u0131da bulunmak \u00c7a\u011f \u00dcniversitesi&#8217;nin her zaman \u00f6ncelikli politikalar\u0131ndan biri olmu\u015ftur.<\/p>\n","protected":false},"excerpt":{"rendered":"<p>\u00c7a\u011f \u00dcniversitesi&#8217;nin M\u0130SYONU Bilgi \u00fcretim ve payla\u015f\u0131m merkezi olarak Atat\u00fcrk\u00e7\u00fc d\u00fc\u015f\u00fcnce sistemi do\u011frultusunda, \u00b7&nbsp;&nbsp;&nbsp;&nbsp;&nbsp;&nbsp;&nbsp;&nbsp;&nbsp;D\u00fcnya standartlar\u0131nda e\u011fitim ve \u00f6\u011fretim vererek, \u00b7&nbsp;&nbsp;&nbsp;&nbsp;&nbsp;&nbsp;&nbsp;&nbsp;&nbsp;Ara\u015ft\u0131rmac\u0131, sorgulay\u0131c\u0131, giri\u015fimci, \u00b7&nbsp;&nbsp;&nbsp;&nbsp;&nbsp;&nbsp;&nbsp;&nbsp;&nbsp;Evrensel de\u011ferler \u00e7er\u00e7evesinde topluma ve \u00e7evreye duyarl\u0131, \u00b7&nbsp;&nbsp;&nbsp;&nbsp;&nbsp;&nbsp;&nbsp;&nbsp;&nbsp;Sosyal sorumluluk bilincine sahip, etik de\u011ferleri g\u00f6z \u00f6n\u00fcnde bulunduran, \u00b7&nbsp;&nbsp;&nbsp;&nbsp;&nbsp;&nbsp;&nbsp;&nbsp;&nbsp;\u00d6zg\u00fcveni y\u00fcksek, kendini ifade edebilen,&nbsp;ya\u015fama haz\u0131r bireyler yeti\u015ftirmek. \u00c7a\u011f \u00dcniversitesi&#8217;nin V\u0130ZYONU Sosyal ve be\u015feri bilimler alan\u0131nda e\u011fitim-\u00f6\u011fretim, [&hellip;]<\/p>\n","protected":false},"author":1,"featured_media":0,"parent":0,"menu_order":0,"comment_status":"closed","ping_status":"closed","template":"","meta":{"footnotes":""},"class_list":["post-544","page","type-page","status-publish","hentry"],"_links":{"self":[{"href":"https:\/\/conference.cag.edu.tr\/conference-2\/wp-json\/wp\/v2\/pages\/544","targetHints":{"allow":["GET"]}}],"collection":[{"href":"https:\/\/conference.cag.edu.tr\/conference-2\/wp-json\/wp\/v2\/pages"}],"about":[{"href":"https:\/\/conference.cag.edu.tr\/conference-2\/wp-json\/wp\/v2\/types\/page"}],"author":[{"embeddable":true,"href":"https:\/\/conference.cag.edu.tr\/conference-2\/wp-json\/wp\/v2\/users\/1"}],"replies":[{"embeddable":true,"href":"https:\/\/conference.cag.edu.tr\/conference-2\/wp-json\/wp\/v2\/comments?post=544"}],"version-history":[{"count":33,"href":"https:\/\/conference.cag.edu.tr\/conference-2\/wp-json\/wp\/v2\/pages\/544\/revisions"}],"predecessor-version":[{"id":698,"href":"https:\/\/conference.cag.edu.tr\/conference-2\/wp-json\/wp\/v2\/pages\/544\/revisions\/698"}],"wp:attachment":[{"href":"https:\/\/conference.cag.edu.tr\/conference-2\/wp-json\/wp\/v2\/media?parent=544"}],"curies":[{"name":"wp","href":"https:\/\/api.w.org\/{rel}","templated":true}]}}