{"id":449,"date":"2019-12-12T16:07:47","date_gmt":"2019-12-12T13:07:47","guid":{"rendered":"http:\/\/conference.cag.edu.tr\/doguakdeniz\/en\/?page_id=449"},"modified":"2024-03-04T14:25:48","modified_gmt":"2024-03-04T11:25:48","slug":"congress-days","status":"publish","type":"page","link":"https:\/\/conference.cag.edu.tr\/doguakdeniz\/en\/congress-days","title":{"rendered":"About Congress"},"content":{"rendered":"\n<p>We are honored to host you at the International Eastern Mediterranean Congress: Competition, Cooperation and Sustainability.<br>Congress will be held at \u00c7ukurova University in cooperation with \u00c7a\u011f University and Mersin University  at 8 March 2024. The congress will be held hybridly, both face-to-face and online. <\/p>\n\n\n\n<p>The main purpose of II. International Eastern Mediterranean Congress Competition, Cooperation and Sustainability congress is to contribute to social sciences, especially the field of International Relations, by sharing scientific studies, practices and experiences with the  new perspectives. <\/p>\n\n\n\n<p><strong>Topics of the Congress<\/strong><\/p>\n\n\n\n<p>Security<\/p>\n\n\n\n<p>International Law<\/p>\n\n\n\n<p>Human Rights<\/p>\n\n\n\n<p>Terrorism<\/p>\n\n\n\n<p>Environment<\/p>\n\n\n\n<p>Climate Change<\/p>\n\n\n\n<p>Economy<\/p>\n\n\n\n<p><strong>PROGRAMME<\/strong><\/p>\n\n\n\n<p> <strong>8 March 2024<\/strong>  <strong>Program<\/strong> <\/p>\n\n\n\n<p>  <strong>Zoom (ID: 936 602 8796)<\/strong> <\/p>\n\n\n\n<figure class=\"wp-block-image size-large is-resized\"><img loading=\"lazy\" src=\"https:\/\/conference.cag.edu.tr\/doguakdeniz\/en\/wp-content\/uploads\/2024\/03\/ll_Sayfa_1-749x1024.png\" alt=\"\" class=\"wp-image-713\" width=\"840\" height=\"1148\" srcset=\"https:\/\/conference.cag.edu.tr\/doguakdeniz\/en\/wp-content\/uploads\/2024\/03\/ll_Sayfa_1-749x1024.png 749w, https:\/\/conference.cag.edu.tr\/doguakdeniz\/en\/wp-content\/uploads\/2024\/03\/ll_Sayfa_1-219x300.png 219w, https:\/\/conference.cag.edu.tr\/doguakdeniz\/en\/wp-content\/uploads\/2024\/03\/ll_Sayfa_1-768x1050.png 768w, https:\/\/conference.cag.edu.tr\/doguakdeniz\/en\/wp-content\/uploads\/2024\/03\/ll_Sayfa_1-1123x1536.png 1123w, https:\/\/conference.cag.edu.tr\/doguakdeniz\/en\/wp-content\/uploads\/2024\/03\/ll_Sayfa_1.png 1497w\" sizes=\"(max-width: 840px) 100vw, 840px\" \/><\/figure>\n\n\n\n<figure class=\"wp-block-image size-large is-resized\"><img loading=\"lazy\" src=\"https:\/\/conference.cag.edu.tr\/doguakdeniz\/en\/wp-content\/uploads\/2024\/03\/ll_Sayfa_2-724x1024.png\" alt=\"\" class=\"wp-image-714\" width=\"840\" height=\"1188\" srcset=\"https:\/\/conference.cag.edu.tr\/doguakdeniz\/en\/wp-content\/uploads\/2024\/03\/ll_Sayfa_2-724x1024.png 724w, https:\/\/conference.cag.edu.tr\/doguakdeniz\/en\/wp-content\/uploads\/2024\/03\/ll_Sayfa_2-212x300.png 212w, https:\/\/conference.cag.edu.tr\/doguakdeniz\/en\/wp-content\/uploads\/2024\/03\/ll_Sayfa_2-768x1086.png 768w, https:\/\/conference.cag.edu.tr\/doguakdeniz\/en\/wp-content\/uploads\/2024\/03\/ll_Sayfa_2-1086x1536.png 1086w, https:\/\/conference.cag.edu.tr\/doguakdeniz\/en\/wp-content\/uploads\/2024\/03\/ll_Sayfa_2-1448x2048.png 1448w, https:\/\/conference.cag.edu.tr\/doguakdeniz\/en\/wp-content\/uploads\/2024\/03\/ll_Sayfa_2.png 1654w\" sizes=\"(max-width: 840px) 100vw, 840px\" \/><\/figure>\n","protected":false},"excerpt":{"rendered":"<p>We are honored to host you at the International Eastern Mediterranean Congress: Competition, Cooperation and Sustainability.Congress will be held at \u00c7ukurova University in cooperation with \u00c7a\u011f University and Mersin University at 8 March 2024. The congress will be held hybridly, both face-to-face and online. The main purpose of II. International Eastern Mediterranean Congress Competition, Cooperation [&hellip;]<\/p>\n","protected":false},"author":1,"featured_media":0,"parent":0,"menu_order":0,"comment_status":"closed","ping_status":"closed","template":"","meta":[],"_links":{"self":[{"href":"https:\/\/conference.cag.edu.tr\/doguakdeniz\/en\/wp-json\/wp\/v2\/pages\/449"}],"collection":[{"href":"https:\/\/conference.cag.edu.tr\/doguakdeniz\/en\/wp-json\/wp\/v2\/pages"}],"about":[{"href":"https:\/\/conference.cag.edu.tr\/doguakdeniz\/en\/wp-json\/wp\/v2\/types\/page"}],"author":[{"embeddable":true,"href":"https:\/\/conference.cag.edu.tr\/doguakdeniz\/en\/wp-json\/wp\/v2\/users\/1"}],"replies":[{"embeddable":true,"href":"https:\/\/conference.cag.edu.tr\/doguakdeniz\/en\/wp-json\/wp\/v2\/comments?post=449"}],"version-history":[{"count":24,"href":"https:\/\/conference.cag.edu.tr\/doguakdeniz\/en\/wp-json\/wp\/v2\/pages\/449\/revisions"}],"predecessor-version":[{"id":715,"href":"https:\/\/conference.cag.edu.tr\/doguakdeniz\/en\/wp-json\/wp\/v2\/pages\/449\/revisions\/715"}],"wp:attachment":[{"href":"https:\/\/conference.cag.edu.tr\/doguakdeniz\/en\/wp-json\/wp\/v2\/media?parent=449"}],"curies":[{"name":"wp","href":"https:\/\/api.w.org\/{rel}","templated":true}]}}