{"id":452,"date":"2019-12-12T16:08:15","date_gmt":"2019-12-12T13:08:15","guid":{"rendered":"http:\/\/conference.cag.edu.tr\/doguakdeniz\/en\/?page_id=452"},"modified":"2023-11-14T13:41:27","modified_gmt":"2023-11-14T10:41:27","slug":"organization-committee","status":"publish","type":"page","link":"https:\/\/conference.cag.edu.tr\/doguakdeniz\/en\/organization-committee","title":{"rendered":"Organization Committee"},"content":{"rendered":"\n<p><strong>Organization Committee<\/strong><\/p>\n\n\n\n<p><br> <\/p>\n\n\n\n<p> <br>Prof. Dr. Harun Ar\u0131kan-  \u00c7ukurova University (Chair of Organization Committee)  <\/p>\n\n\n\n<p>Prof. Dr. Ali Engin Oba-  \u00c7a\u011f University<br>Prof. Dr. Kenan Lopcu- \u00c7ukurova University<br>Assoc. Dr. Sevgi Balkan \u015eahin- \u00c7a\u011f University<br>Assoc. Dr. Bu\u011fra Sar\u0131- Mersin University<br>Assoc. Dr. Azime Telli- Mersin University<br>Res. Asst. \u0130lke Ta\u015fdemir- \u00c7a\u011f University<br>Res. Asst. \u00d6zge \u00c7etiner- \u00c7a\u011f University<\/p>\n","protected":false},"excerpt":{"rendered":"<p>Organization Committee Prof. Dr. Harun Ar\u0131kan- \u00c7ukurova University (Chair of Organization Committee) Prof. Dr. Ali Engin Oba- \u00c7a\u011f UniversityProf. Dr. Kenan Lopcu- \u00c7ukurova UniversityAssoc. Dr. Sevgi Balkan \u015eahin- \u00c7a\u011f UniversityAssoc. Dr. Bu\u011fra Sar\u0131- Mersin UniversityAssoc. Dr. Azime Telli- Mersin UniversityRes. Asst. \u0130lke Ta\u015fdemir- \u00c7a\u011f UniversityRes. Asst. \u00d6zge \u00c7etiner- \u00c7a\u011f University<\/p>\n","protected":false},"author":1,"featured_media":0,"parent":0,"menu_order":0,"comment_status":"closed","ping_status":"closed","template":"","meta":[],"_links":{"self":[{"href":"https:\/\/conference.cag.edu.tr\/doguakdeniz\/en\/wp-json\/wp\/v2\/pages\/452"}],"collection":[{"href":"https:\/\/conference.cag.edu.tr\/doguakdeniz\/en\/wp-json\/wp\/v2\/pages"}],"about":[{"href":"https:\/\/conference.cag.edu.tr\/doguakdeniz\/en\/wp-json\/wp\/v2\/types\/page"}],"author":[{"embeddable":true,"href":"https:\/\/conference.cag.edu.tr\/doguakdeniz\/en\/wp-json\/wp\/v2\/users\/1"}],"replies":[{"embeddable":true,"href":"https:\/\/conference.cag.edu.tr\/doguakdeniz\/en\/wp-json\/wp\/v2\/comments?post=452"}],"version-history":[{"count":7,"href":"https:\/\/conference.cag.edu.tr\/doguakdeniz\/en\/wp-json\/wp\/v2\/pages\/452\/revisions"}],"predecessor-version":[{"id":661,"href":"https:\/\/conference.cag.edu.tr\/doguakdeniz\/en\/wp-json\/wp\/v2\/pages\/452\/revisions\/661"}],"wp:attachment":[{"href":"https:\/\/conference.cag.edu.tr\/doguakdeniz\/en\/wp-json\/wp\/v2\/media?parent=452"}],"curies":[{"name":"wp","href":"https:\/\/api.w.org\/{rel}","templated":true}]}}