{"id":453,"date":"2019-12-12T16:08:21","date_gmt":"2019-12-12T13:08:21","guid":{"rendered":"http:\/\/conference.cag.edu.tr\/doguakdeniz\/en\/?page_id=453"},"modified":"2023-11-14T13:31:05","modified_gmt":"2023-11-14T10:31:05","slug":"science-board","status":"publish","type":"page","link":"https:\/\/conference.cag.edu.tr\/doguakdeniz\/en\/science-board","title":{"rendered":"Science Board"},"content":{"rendered":"\n<ul><li>Prof. Dr. Ali Engin Oba \u00c7a\u011f University International Relations, evaluation of abstracts<\/li><li>Prof. Dr. Harun Ar\u0131kan-\u00c7ukurova University Political Science and International Relations, evaluation of abstracts<\/li><li>Prof. Dr. Asl\u0131 Ilg\u0131t \u00c7ukurova University Political Science and International Relations, evaluation of abstracts, supporting the Organizing Board in scientific and administrative terms<\/li><li>Prof. Dr. Mehmet \u0130smail Ya\u011fc\u0131- Mersin University Production Management and Marketing, evaluation of abstracts<\/li><li>Assoc. Dr. Sevgi Balkan \u015eahin \u00c7a\u011f University-International Relations, abstracts<\/li><li>Prof. Dr. Ioannis Armakolas University of Macedonia- International Relations, evaluation of abstracts, scientific and administrative support of the Organizing Committee<\/li><li>Assoc. Dr. Evaluation of Bu\u011fra Sar\u0131 Mersin University-International Relations, evaluation of abstracts<\/li><li>Assoc. Dr. Azime Telli Mersin University- International Relations, evaluation of abstracts<\/li><li>Assoc. Dr. Marella Bodur \u00dcn-\u00c7ukurova University Political Science and International Relations, evaluation of abstracts, supporting the organizing board in scientific and administrative terms<\/li><li>Asst. Prof. Dr. Saffet Akkaya \u00c7a\u011f University International Relations, evaluation of abstracts<\/li><\/ul>\n","protected":false},"excerpt":{"rendered":"<p>Prof. Dr. Ali Engin Oba \u00c7a\u011f University International Relations, evaluation of abstracts Prof. Dr. Harun Ar\u0131kan-\u00c7ukurova University Political Science and International Relations, evaluation of abstracts Prof. Dr. Asl\u0131 Ilg\u0131t \u00c7ukurova University Political Science and International Relations, evaluation of abstracts, supporting the Organizing Board in scientific and administrative terms Prof. Dr. Mehmet \u0130smail Ya\u011fc\u0131- Mersin University [&hellip;]<\/p>\n","protected":false},"author":1,"featured_media":0,"parent":0,"menu_order":0,"comment_status":"closed","ping_status":"closed","template":"","meta":[],"_links":{"self":[{"href":"https:\/\/conference.cag.edu.tr\/doguakdeniz\/en\/wp-json\/wp\/v2\/pages\/453"}],"collection":[{"href":"https:\/\/conference.cag.edu.tr\/doguakdeniz\/en\/wp-json\/wp\/v2\/pages"}],"about":[{"href":"https:\/\/conference.cag.edu.tr\/doguakdeniz\/en\/wp-json\/wp\/v2\/types\/page"}],"author":[{"embeddable":true,"href":"https:\/\/conference.cag.edu.tr\/doguakdeniz\/en\/wp-json\/wp\/v2\/users\/1"}],"replies":[{"embeddable":true,"href":"https:\/\/conference.cag.edu.tr\/doguakdeniz\/en\/wp-json\/wp\/v2\/comments?post=453"}],"version-history":[{"count":4,"href":"https:\/\/conference.cag.edu.tr\/doguakdeniz\/en\/wp-json\/wp\/v2\/pages\/453\/revisions"}],"predecessor-version":[{"id":663,"href":"https:\/\/conference.cag.edu.tr\/doguakdeniz\/en\/wp-json\/wp\/v2\/pages\/453\/revisions\/663"}],"wp:attachment":[{"href":"https:\/\/conference.cag.edu.tr\/doguakdeniz\/en\/wp-json\/wp\/v2\/media?parent=453"}],"curies":[{"name":"wp","href":"https:\/\/api.w.org\/{rel}","templated":true}]}}