{"id":454,"date":"2019-12-12T16:08:28","date_gmt":"2019-12-12T13:08:28","guid":{"rendered":"http:\/\/conference.cag.edu.tr\/doguakdeniz\/en\/?page_id=454"},"modified":"2023-11-14T13:34:31","modified_gmt":"2023-11-14T10:34:31","slug":"honorary-board","status":"publish","type":"page","link":"https:\/\/conference.cag.edu.tr\/doguakdeniz\/en\/honorary-board","title":{"rendered":"Honorary Board"},"content":{"rendered":"\n<p> Prof. Dr. \u00dcnal Ay-\u00c7a\u011f Universtiy, Rector<\/p>\n\n\n\n<p>Prof. Dr. Erol Ya\u015far \u2013 Mersin  Universtiy, Rector <\/p>\n\n\n\n<p>Prof. Dr. Adnan Sofuo\u011flu-Atat\u00fcrk K\u00fclt\u00fcr Dil ve Tarih Y\u00fcksek Kurumu Atat\u00fcrk Ara\u015ft\u0131rma Merkezi,  <\/p>\n","protected":false},"excerpt":{"rendered":"<p>Prof. Dr. \u00dcnal Ay-\u00c7a\u011f Universtiy, Rector Prof. Dr. Erol Ya\u015far \u2013 Mersin Universtiy, Rector Prof. Dr. Adnan Sofuo\u011flu-Atat\u00fcrk K\u00fclt\u00fcr Dil ve Tarih Y\u00fcksek Kurumu Atat\u00fcrk Ara\u015ft\u0131rma Merkezi,<\/p>\n","protected":false},"author":1,"featured_media":0,"parent":0,"menu_order":0,"comment_status":"closed","ping_status":"closed","template":"","meta":[],"_links":{"self":[{"href":"https:\/\/conference.cag.edu.tr\/doguakdeniz\/en\/wp-json\/wp\/v2\/pages\/454"}],"collection":[{"href":"https:\/\/conference.cag.edu.tr\/doguakdeniz\/en\/wp-json\/wp\/v2\/pages"}],"about":[{"href":"https:\/\/conference.cag.edu.tr\/doguakdeniz\/en\/wp-json\/wp\/v2\/types\/page"}],"author":[{"embeddable":true,"href":"https:\/\/conference.cag.edu.tr\/doguakdeniz\/en\/wp-json\/wp\/v2\/users\/1"}],"replies":[{"embeddable":true,"href":"https:\/\/conference.cag.edu.tr\/doguakdeniz\/en\/wp-json\/wp\/v2\/comments?post=454"}],"version-history":[{"count":3,"href":"https:\/\/conference.cag.edu.tr\/doguakdeniz\/en\/wp-json\/wp\/v2\/pages\/454\/revisions"}],"predecessor-version":[{"id":665,"href":"https:\/\/conference.cag.edu.tr\/doguakdeniz\/en\/wp-json\/wp\/v2\/pages\/454\/revisions\/665"}],"wp:attachment":[{"href":"https:\/\/conference.cag.edu.tr\/doguakdeniz\/en\/wp-json\/wp\/v2\/media?parent=454"}],"curies":[{"name":"wp","href":"https:\/\/api.w.org\/{rel}","templated":true}]}}