{"id":457,"date":"2019-12-12T16:08:47","date_gmt":"2019-12-12T13:08:47","guid":{"rendered":"http:\/\/conference.cag.edu.tr\/doguakdeniz\/en\/?page_id=457"},"modified":"2021-02-04T15:01:13","modified_gmt":"2021-02-04T12:01:13","slug":"accommodation","status":"publish","type":"page","link":"https:\/\/conference.cag.edu.tr\/doguakdeniz\/en\/accommodation","title":{"rendered":"ACCOMMODATION"},"content":{"rendered":"\n<p><\/p>\n\n\n\n<figure class=\"wp-block-gallery aligncenter columns-4\"><ul class=\"blocks-gallery-grid\"><li class=\"blocks-gallery-item\"><figure><img loading=\"lazy\" width=\"433\" height=\"320\" src=\"http:\/\/conference.cag.edu.tr\/doguakdeniz\/en\/wp-content\/uploads\/2019\/12\/logodak.png\" alt=\"\" data-id=\"599\" data-full-url=\"http:\/\/conference.cag.edu.tr\/doguakdeniz\/en\/wp-content\/uploads\/2019\/12\/logodak.png\" data-link=\"http:\/\/conference.cag.edu.tr\/doguakdeniz\/en\/logodak\/\" class=\"wp-image-599\" srcset=\"https:\/\/conference.cag.edu.tr\/doguakdeniz\/en\/wp-content\/uploads\/2019\/12\/logodak.png 433w, https:\/\/conference.cag.edu.tr\/doguakdeniz\/en\/wp-content\/uploads\/2019\/12\/logodak-300x222.png 300w\" sizes=\"(max-width: 433px) 100vw, 433px\" \/><\/figure><\/li><li class=\"blocks-gallery-item\"><figure><img loading=\"lazy\" width=\"400\" height=\"420\" src=\"http:\/\/conference.cag.edu.tr\/doguakdeniz\/en\/wp-content\/uploads\/2019\/12\/Narlikuyu-Copy.jpg\" alt=\"\" data-id=\"542\" data-full-url=\"http:\/\/conference.cag.edu.tr\/doguakdeniz\/en\/wp-content\/uploads\/2019\/12\/Narlikuyu-Copy.jpg\" data-link=\"http:\/\/conference.cag.edu.tr\/doguakdeniz\/en\/narlikuyu-copy\/\" class=\"wp-image-542\" srcset=\"https:\/\/conference.cag.edu.tr\/doguakdeniz\/en\/wp-content\/uploads\/2019\/12\/Narlikuyu-Copy.jpg 400w, https:\/\/conference.cag.edu.tr\/doguakdeniz\/en\/wp-content\/uploads\/2019\/12\/Narlikuyu-Copy-286x300.jpg 286w\" sizes=\"(max-width: 400px) 100vw, 400px\" \/><\/figure><\/li><li class=\"blocks-gallery-item\"><figure><img loading=\"lazy\" width=\"400\" height=\"420\" src=\"http:\/\/conference.cag.edu.tr\/doguakdeniz\/en\/wp-content\/uploads\/2019\/12\/foto1-Copy.jpg\" alt=\"\" data-id=\"541\" data-full-url=\"http:\/\/conference.cag.edu.tr\/doguakdeniz\/en\/wp-content\/uploads\/2019\/12\/foto1-Copy.jpg\" data-link=\"http:\/\/conference.cag.edu.tr\/doguakdeniz\/en\/foto1-copy\/\" class=\"wp-image-541\" srcset=\"https:\/\/conference.cag.edu.tr\/doguakdeniz\/en\/wp-content\/uploads\/2019\/12\/foto1-Copy.jpg 400w, https:\/\/conference.cag.edu.tr\/doguakdeniz\/en\/wp-content\/uploads\/2019\/12\/foto1-Copy-286x300.jpg 286w\" sizes=\"(max-width: 400px) 100vw, 400px\" \/><\/figure><\/li><li class=\"blocks-gallery-item\"><figure><img loading=\"lazy\" width=\"400\" height=\"420\" src=\"http:\/\/conference.cag.edu.tr\/doguakdeniz\/en\/wp-content\/uploads\/2019\/12\/ayatekla-Copy.jpg\" alt=\"\" data-id=\"540\" data-full-url=\"http:\/\/conference.cag.edu.tr\/doguakdeniz\/en\/wp-content\/uploads\/2019\/12\/ayatekla-Copy.jpg\" data-link=\"http:\/\/conference.cag.edu.tr\/doguakdeniz\/en\/ayatekla-copy\/\" class=\"wp-image-540\" srcset=\"https:\/\/conference.cag.edu.tr\/doguakdeniz\/en\/wp-content\/uploads\/2019\/12\/ayatekla-Copy.jpg 400w, https:\/\/conference.cag.edu.tr\/doguakdeniz\/en\/wp-content\/uploads\/2019\/12\/ayatekla-Copy-286x300.jpg 286w\" sizes=\"(max-width: 400px) 100vw, 400px\" \/><\/figure><\/li><li class=\"blocks-gallery-item\"><figure><img loading=\"lazy\" width=\"1024\" height=\"157\" src=\"http:\/\/conference.cag.edu.tr\/doguakdeniz\/en\/wp-content\/uploads\/2019\/12\/Ekran-Al\u0131nt\u0131s\u013111-1024x157.jpg\" alt=\"\" data-id=\"560\" data-full-url=\"http:\/\/conference.cag.edu.tr\/doguakdeniz\/en\/wp-content\/uploads\/2019\/12\/Ekran-Al\u0131nt\u0131s\u013111.jpg\" data-link=\"http:\/\/conference.cag.edu.tr\/doguakdeniz\/en\/accommodation\/ekran-alintisi11\/\" class=\"wp-image-560\" srcset=\"https:\/\/conference.cag.edu.tr\/doguakdeniz\/en\/wp-content\/uploads\/2019\/12\/Ekran-Al\u0131nt\u0131s\u013111-1024x157.jpg 1024w, https:\/\/conference.cag.edu.tr\/doguakdeniz\/en\/wp-content\/uploads\/2019\/12\/Ekran-Al\u0131nt\u0131s\u013111-300x46.jpg 300w, https:\/\/conference.cag.edu.tr\/doguakdeniz\/en\/wp-content\/uploads\/2019\/12\/Ekran-Al\u0131nt\u0131s\u013111-768x118.jpg 768w, https:\/\/conference.cag.edu.tr\/doguakdeniz\/en\/wp-content\/uploads\/2019\/12\/Ekran-Al\u0131nt\u0131s\u013111.jpg 1298w\" sizes=\"(max-width: 1024px) 100vw, 1024px\" \/><\/figure><\/li><\/ul><\/figure>\n","protected":false},"excerpt":{"rendered":"","protected":false},"author":1,"featured_media":0,"parent":0,"menu_order":0,"comment_status":"closed","ping_status":"closed","template":"","meta":[],"_links":{"self":[{"href":"https:\/\/conference.cag.edu.tr\/doguakdeniz\/en\/wp-json\/wp\/v2\/pages\/457"}],"collection":[{"href":"https:\/\/conference.cag.edu.tr\/doguakdeniz\/en\/wp-json\/wp\/v2\/pages"}],"about":[{"href":"https:\/\/conference.cag.edu.tr\/doguakdeniz\/en\/wp-json\/wp\/v2\/types\/page"}],"author":[{"embeddable":true,"href":"https:\/\/conference.cag.edu.tr\/doguakdeniz\/en\/wp-json\/wp\/v2\/users\/1"}],"replies":[{"embeddable":true,"href":"https:\/\/conference.cag.edu.tr\/doguakdeniz\/en\/wp-json\/wp\/v2\/comments?post=457"}],"version-history":[{"count":18,"href":"https:\/\/conference.cag.edu.tr\/doguakdeniz\/en\/wp-json\/wp\/v2\/pages\/457\/revisions"}],"predecessor-version":[{"id":617,"href":"https:\/\/conference.cag.edu.tr\/doguakdeniz\/en\/wp-json\/wp\/v2\/pages\/457\/revisions\/617"}],"wp:attachment":[{"href":"https:\/\/conference.cag.edu.tr\/doguakdeniz\/en\/wp-json\/wp\/v2\/media?parent=457"}],"curies":[{"name":"wp","href":"https:\/\/api.w.org\/{rel}","templated":true}]}}