{"id":491,"date":"2019-12-02T11:50:24","date_gmt":"2019-12-02T08:50:24","guid":{"rendered":"http:\/\/conference.cag.edu.tr\/?page_id=491"},"modified":"2022-05-18T22:40:25","modified_gmt":"2022-05-18T19:40:25","slug":"kayit","status":"publish","type":"page","link":"https:\/\/conference.cag.edu.tr\/gencarastirmacilar\/kayit\/","title":{"rendered":"Kaydolun"},"content":{"rendered":"\n<p><strong>Sempozyuma kat\u0131lmak i\u00e7in yap\u0131lmas\u0131 gerekenler a\u015fa\u011f\u0131daki gibidir:<\/strong><\/p>\n\n\n\n<p><strong>Bildiri \u00d6zetini G\u00f6nderirken Dikkat Edilecek<\/strong> <strong>Noktalar<\/strong>:<\/p>\n\n\n\n<ul><li>Etkinli\u011fe ba\u015fvuru; \u00f6zet metinle ger\u00e7ekle\u015ftirilecektir. Tam metin g\u00f6nderim \u015fart\u0131 bulunmamaktad\u0131r. Ba\u015fvuruda bulunmak isteyenlerin, etkinlik yaz\u0131m kurallar\u0131na uygun olarak haz\u0131rlad\u0131klar\u0131 200-300 kelimeden olu\u015fan \u00f6zet bildiri metinlerini, veya a\u015fa\u011f\u0131da yer alan bilgileri doldurarak veya <a href=\"mailto:gencarastirmacilar@cag.edu.tr\">gencarastirmacilar@cag.edu.tr<\/a> e-posta adresine <strong>27 May\u0131s 2022<\/strong> tarihine kadar iletmesi gerekmektedir. \u00d6zet metinler, bildiri de\u011ferlendirme komitesi taraf\u0131ndan incelenecek ve hakem s\u00fcrecini ba\u015far\u0131yla tamamlayan bildiriler <strong>10 Haziran 2022<\/strong> tarihinde ilan edilecektir. Etkinlik program\u0131 ise <strong>20 Haziran 2022 <\/strong>tarihinde duyurulacakt\u0131r. Bilgi \u015f\u00f6leninde s\u00f6zel olarak sunulmu\u015f ve tam metinleri <strong>1 Temmuz 2022<\/strong> tarihine kadar iletilmi\u015f olan bildiriler e-kitap olarak yay\u0131mlanacakt\u0131r. S\u00f6zl\u00fc sunumu yap\u0131lmayan bildiriler sempozyum kitab\u0131nda yer almayacakt\u0131r.<\/li><li>\u00d6zet metin 200-300 kelime ile s\u0131n\u0131rl\u0131d\u0131r.<\/li><li>Tam metinler 12 sayfay\u0131 ge\u00e7memek ko\u015fuluyla Times New Roman, 12 punto, 1.5 sat\u0131r aral\u0131\u011f\u0131 ve iki yana yasl\u0131 bi\u00e7imde haz\u0131rlanmal\u0131d\u0131r.<\/li><li>Kaynak\u00e7ada APA 7 yaz\u0131m k\u0131lavuzu referans al\u0131nmal\u0131d\u0131r.<\/li><\/ul>\n\n\n\n<p class=\"has-text-align-center\">[contact-form-7 id=&#8221;553&#8243; title=&#8221;Bildiri \u00d6zeti Form&#8221;]<\/p>\n","protected":false},"excerpt":{"rendered":"<p>Sempozyuma kat\u0131lmak i\u00e7in yap\u0131lmas\u0131 gerekenler a\u015fa\u011f\u0131daki gibidir: Bildiri \u00d6zetini G\u00f6nderirken Dikkat Edilecek Noktalar: Etkinli\u011fe ba\u015fvuru; \u00f6zet metinle ger\u00e7ekle\u015ftirilecektir. Tam metin g\u00f6nderim \u015fart\u0131 bulunmamaktad\u0131r. Ba\u015fvuruda bulunmak isteyenlerin, etkinlik yaz\u0131m kurallar\u0131na uygun olarak haz\u0131rlad\u0131klar\u0131 200-300 kelimeden olu\u015fan \u00f6zet bildiri metinlerini, veya a\u015fa\u011f\u0131da yer alan bilgileri doldurarak veya gencarastirmacilar@cag.edu.tr e-posta adresine 27 May\u0131s 2022 tarihine kadar iletmesi gerekmektedir. [&hellip;]<\/p>\n","protected":false},"author":1,"featured_media":0,"parent":0,"menu_order":0,"comment_status":"closed","ping_status":"closed","template":"","meta":[],"_links":{"self":[{"href":"https:\/\/conference.cag.edu.tr\/gencarastirmacilar\/wp-json\/wp\/v2\/pages\/491"}],"collection":[{"href":"https:\/\/conference.cag.edu.tr\/gencarastirmacilar\/wp-json\/wp\/v2\/pages"}],"about":[{"href":"https:\/\/conference.cag.edu.tr\/gencarastirmacilar\/wp-json\/wp\/v2\/types\/page"}],"author":[{"embeddable":true,"href":"https:\/\/conference.cag.edu.tr\/gencarastirmacilar\/wp-json\/wp\/v2\/users\/1"}],"replies":[{"embeddable":true,"href":"https:\/\/conference.cag.edu.tr\/gencarastirmacilar\/wp-json\/wp\/v2\/comments?post=491"}],"version-history":[{"count":12,"href":"https:\/\/conference.cag.edu.tr\/gencarastirmacilar\/wp-json\/wp\/v2\/pages\/491\/revisions"}],"predecessor-version":[{"id":747,"href":"https:\/\/conference.cag.edu.tr\/gencarastirmacilar\/wp-json\/wp\/v2\/pages\/491\/revisions\/747"}],"wp:attachment":[{"href":"https:\/\/conference.cag.edu.tr\/gencarastirmacilar\/wp-json\/wp\/v2\/media?parent=491"}],"curies":[{"name":"wp","href":"https:\/\/api.w.org\/{rel}","templated":true}]}}