{"id":493,"date":"2019-12-02T11:50:40","date_gmt":"2019-12-02T08:50:40","guid":{"rendered":"http:\/\/conference.cag.edu.tr\/?page_id=493"},"modified":"2022-05-18T22:36:29","modified_gmt":"2022-05-18T19:36:29","slug":"onemlitarihler","status":"publish","type":"page","link":"https:\/\/conference.cag.edu.tr\/gencarastirmacilar\/onemlitarihler\/","title":{"rendered":"\u00d6nemli Tarih ve Bilgiler"},"content":{"rendered":"\n<div class=\"wp-block-group\"><div class=\"wp-block-group__inner-container\">\n<p><strong><u>\u00d6nemli Tarihler<\/u><\/strong><\/p>\n\n\n\n<p>Bildiri \u00f6zetlerini son g\u00f6nderme tarihi: <strong>27 May\u0131s 2022<\/strong><\/p>\n\n\n\n<p>Kabul edilen bildirilerin ilan tarihi: <strong>10 Haziran 2022<\/strong><\/p>\n\n\n\n<p>Sempozyum program\u0131n\u0131n ilan tarihi: <strong>20 Haziran 2022<\/strong><\/p>\n\n\n\n<p><strong><u>Sempozyum Hakk\u0131nda \u00d6nemli Bilgiler<\/u><\/strong><\/p>\n\n\n\n<ul><li>Sempozyuma kat\u0131l\u0131m \u00fccretsizdir.<\/li><li>Sempozyum dili T\u00fcrk\u00e7edir.<\/li><li>Bilgi \u015f\u00f6lenine T\u00fcrkiye\u2019de T\u00fcrkoloji alan\u0131nda \u00f6\u011frenim g\u00f6ren \u00f6\u011frenciler kat\u0131labilir.<\/li><li>Bilgi \u015f\u00f6leninde sunulmak \u00fczere haz\u0131rlanan bildirilerin i\u00e7erikleri T\u00fcrk Dili ve Edebiyat\u0131 anabilim dal\u0131n\u0131n temalar\u0131yla ilgili olmal\u0131d\u0131r.\u00a0\u00a0<\/li><li>Bilgi \u015f\u00f6lenine kat\u0131lmak i\u00e7in g\u00f6nderilen bildirilerin \u00f6zg\u00fcn olmas\u0131, daha \u00f6nce hi\u00e7bir yerde yay\u0131nlanmam\u0131\u015f ve sunulmam\u0131\u015f olmas\u0131 zorunludur.<\/li><li>Yaz\u0131lar\u0131n her t\u00fcrl\u00fc sorumlulu\u011fu yazar(lar)a aittir.<\/li><li>Zoom platformu \u00fczerinden \u00e7evrim i\u00e7i ger\u00e7ekle\u015ftirilecek bilgi \u015f\u00f6leninde oturumlar 3 ayr\u0131 salonda e\u015f zamanl\u0131 olarak ger\u00e7ekle\u015ftirilecektir.<\/li><li>S\u00f6zl\u00fc sunumlar i\u00e7in kat\u0131l\u0131mc\u0131lara ayr\u0131lan s\u00fcre 10 dakikad\u0131r. S\u00f6zl\u00fc sunumlar\u0131n sonunda yer alan soru-cevap b\u00f6l\u00fcm\u00fc ise 5 dakika ile s\u0131n\u0131rland\u0131r\u0131lm\u0131\u015ft\u0131r.<\/li><li>Bilgi \u015f\u00f6leniyle ilgili her t\u00fcrl\u00fc sorular\u0131n\u0131z\u0131\u00a0<a href=\"mailto:gencarastirmacilar@cag.edu.tr\">gencarastirmacilar@cag.edu.tr<\/a>\u00a0adresine iletebilirsiniz.<\/li><li>Bilgi \u015f\u00f6leniyle ilgili t\u00fcm duyuru ve geli\u015fmeleri web sitemizden takip edebilirsiniz.<\/li><\/ul>\n\n\n\n<p><strong><u>Sempozyum Alt Temalar\u0131<\/u><\/strong><\/p>\n\n\n\n<ul><li>Dijital K\u00fclt\u00fcr ve \u0130nternet Folkloru<\/li><li>Somut Olmayan K\u00fclt\u00fcrel Miras<\/li><li>Uygulamal\u0131 Halkbilim<\/li><li>Kuramsal \u0130ncelemeler<\/li><li>Halk Edebiyat\u0131 ve Kar\u015f\u0131la\u015ft\u0131rmalar\u0131<\/li><li>Halk \u0130nan\u00e7lar\u0131<\/li><li>Halk Oyun ve E\u011flenceleri<\/li><li>\u00c7ocuk Oyunlar\u0131<\/li><li>Geleneksel Sporlar<\/li><li>Halk Tiyatrosu<\/li><li>Bayramlar-T\u00f6renler-Kutlamalar<\/li><li>Halk M\u00fczi\u011fi<\/li><li>Halk sanatlar\u0131<\/li><li>Halk Danslar\u0131<\/li><li>Halk Bilgisi<\/li><li>Halk Mutfa\u011f\u0131<\/li><li>Giyim-Ku\u015fam-S\u00fcslenme K\u00fclt\u00fcr\u00fc<\/li><li>D\u00fcnyadaki T\u00fcrkoloji Merkezleri ve \u00c7al\u0131\u015fmalar\u0131<\/li><li>T\u00fcrk Dilinin Kaynaklar\u0131<\/li><li>T\u00fcrk\u00e7enin D\u00fcnya Dilleri ile Etkile\u015fimi<\/li><li>T\u00fcrk\u00e7enin S\u00f6z Varl\u0131\u011f\u0131<\/li><li>Dil Politikalar\u0131<\/li><li>T\u00fcrk Dilinin Sorunlar\u0131<\/li><li>\u00c7a\u011fda\u015f T\u00fcrk Leh\u00e7eleri ve Edebiyatlar\u0131<\/li><li>Eski T\u00fcrk Edebiyat\u0131n\u0131n Kaynaklar\u0131<\/li><li>Eski T\u00fcrk Edebiyat\u0131nda Motif \u0130ncelemeleri<\/li><li>Eski T\u00fcrk Edebiyat\u0131nda \u015eerh Gelene\u011fi<\/li><li>Edebi Sanatlar<\/li><li>Naz\u0131m \u015eekilleri<\/li><li>Aruz<\/li><li>Yeni T\u00fcrk Edebiyat\u0131n\u0131n Kaynaklar\u0131<\/li><li>Tanzimat Edebiyat\u0131<\/li><li>Servet-i F\u00fcnun Edebiyat\u0131<\/li><li>Fecr-i \u00c2ti \u015eiiri<\/li><li>Milli Edebiyat<\/li><li>Cumhuriyet Sonras\u0131 T\u00fcrk Edebiyat\u0131<\/li><li>Modern Ele\u015ftiri Kuramlar\u0131<\/li><li>Kar\u015f\u0131la\u015ft\u0131rmal\u0131 Edebiyat<\/li><\/ul>\n<\/div><\/div>\n","protected":false},"excerpt":{"rendered":"<p>\u00d6nemli Tarihler Bildiri \u00f6zetlerini son g\u00f6nderme tarihi: 27 May\u0131s 2022 Kabul edilen bildirilerin ilan tarihi: 10 Haziran 2022 Sempozyum program\u0131n\u0131n ilan tarihi: 20 Haziran 2022 Sempozyum Hakk\u0131nda \u00d6nemli Bilgiler Sempozyuma kat\u0131l\u0131m \u00fccretsizdir. Sempozyum dili T\u00fcrk\u00e7edir. Bilgi \u015f\u00f6lenine T\u00fcrkiye\u2019de T\u00fcrkoloji alan\u0131nda \u00f6\u011frenim g\u00f6ren \u00f6\u011frenciler kat\u0131labilir. Bilgi \u015f\u00f6leninde sunulmak \u00fczere haz\u0131rlanan bildirilerin i\u00e7erikleri T\u00fcrk Dili ve Edebiyat\u0131 [&hellip;]<\/p>\n","protected":false},"author":1,"featured_media":0,"parent":0,"menu_order":0,"comment_status":"closed","ping_status":"closed","template":"","meta":[],"_links":{"self":[{"href":"https:\/\/conference.cag.edu.tr\/gencarastirmacilar\/wp-json\/wp\/v2\/pages\/493"}],"collection":[{"href":"https:\/\/conference.cag.edu.tr\/gencarastirmacilar\/wp-json\/wp\/v2\/pages"}],"about":[{"href":"https:\/\/conference.cag.edu.tr\/gencarastirmacilar\/wp-json\/wp\/v2\/types\/page"}],"author":[{"embeddable":true,"href":"https:\/\/conference.cag.edu.tr\/gencarastirmacilar\/wp-json\/wp\/v2\/users\/1"}],"replies":[{"embeddable":true,"href":"https:\/\/conference.cag.edu.tr\/gencarastirmacilar\/wp-json\/wp\/v2\/comments?post=493"}],"version-history":[{"count":37,"href":"https:\/\/conference.cag.edu.tr\/gencarastirmacilar\/wp-json\/wp\/v2\/pages\/493\/revisions"}],"predecessor-version":[{"id":742,"href":"https:\/\/conference.cag.edu.tr\/gencarastirmacilar\/wp-json\/wp\/v2\/pages\/493\/revisions\/742"}],"wp:attachment":[{"href":"https:\/\/conference.cag.edu.tr\/gencarastirmacilar\/wp-json\/wp\/v2\/media?parent=493"}],"curies":[{"name":"wp","href":"https:\/\/api.w.org\/{rel}","templated":true}]}}