{"id":495,"date":"2019-12-02T11:50:58","date_gmt":"2019-12-02T08:50:58","guid":{"rendered":"http:\/\/conference.cag.edu.tr\/?page_id=495"},"modified":"2022-05-18T22:22:10","modified_gmt":"2022-05-18T19:22:10","slug":"sempozyumhakkinda","status":"publish","type":"page","link":"https:\/\/conference.cag.edu.tr\/gencarastirmacilar\/sempozyumhakkinda\/","title":{"rendered":"Sempozyum Hakk\u0131nda"},"content":{"rendered":"\n<p>\u00dclkenin farkl\u0131 \u00fcniversitelerinde y\u00fcksek lisans ve doktora \u00f6\u011frenimi g\u00f6ren T\u00fcrkoloji \u00f6\u011frencilerinin bir araya gelip, ileti\u015fim kurabilecekleri, entelekt\u00fcel geli\u015fimlerine katk\u0131 sa\u011flayacaklar\u0131, alanla ilgili g\u00fcncel \u00e7al\u0131\u015fma ve sorunlar\u0131n konu\u015fulaca\u011f\u0131, \u00f6\u011frencilerin kendi \u00fcr\u00fcnlerini sunabilecekleri, kendilerini s\u0131nayabilecekleri bir etkinlikle akademik bilin\u00e7 olu\u015fturmak hedeflenmektedir. B\u00f6ylece bilimsel fark\u0131ndal\u0131k yaratmak ve gen\u00e7leri bilimsel \u00e7al\u0131\u015fmalar yapmaya te\u015fvik etmek ama\u00e7lanmaktad\u0131r.<\/p>\n\n\n\n<figure class=\"wp-block-image size-large\"><img loading=\"lazy\" width=\"1024\" height=\"1024\" src=\"http:\/\/conference.cag.edu.tr\/gencarastirmacilar\/wp-content\/uploads\/2022\/05\/gencarastirmacilar_afis_guncel-1024x1024.jpg\" alt=\"\" class=\"wp-image-728\" srcset=\"https:\/\/conference.cag.edu.tr\/gencarastirmacilar\/wp-content\/uploads\/2022\/05\/gencarastirmacilar_afis_guncel-1024x1024.jpg 1024w, https:\/\/conference.cag.edu.tr\/gencarastirmacilar\/wp-content\/uploads\/2022\/05\/gencarastirmacilar_afis_guncel-300x300.jpg 300w, https:\/\/conference.cag.edu.tr\/gencarastirmacilar\/wp-content\/uploads\/2022\/05\/gencarastirmacilar_afis_guncel-150x150.jpg 150w, https:\/\/conference.cag.edu.tr\/gencarastirmacilar\/wp-content\/uploads\/2022\/05\/gencarastirmacilar_afis_guncel-768x768.jpg 768w, https:\/\/conference.cag.edu.tr\/gencarastirmacilar\/wp-content\/uploads\/2022\/05\/gencarastirmacilar_afis_guncel.jpg 1080w\" sizes=\"(max-width: 1024px) 100vw, 1024px\" \/><\/figure>\n","protected":false},"excerpt":{"rendered":"<p>\u00dclkenin farkl\u0131 \u00fcniversitelerinde y\u00fcksek lisans ve doktora \u00f6\u011frenimi g\u00f6ren T\u00fcrkoloji \u00f6\u011frencilerinin bir araya gelip, ileti\u015fim kurabilecekleri, entelekt\u00fcel geli\u015fimlerine katk\u0131 sa\u011flayacaklar\u0131, alanla ilgili g\u00fcncel \u00e7al\u0131\u015fma ve sorunlar\u0131n konu\u015fulaca\u011f\u0131, \u00f6\u011frencilerin kendi \u00fcr\u00fcnlerini sunabilecekleri, kendilerini s\u0131nayabilecekleri bir etkinlikle akademik bilin\u00e7 olu\u015fturmak hedeflenmektedir. B\u00f6ylece bilimsel fark\u0131ndal\u0131k yaratmak ve gen\u00e7leri bilimsel \u00e7al\u0131\u015fmalar yapmaya te\u015fvik etmek ama\u00e7lanmaktad\u0131r.<\/p>\n","protected":false},"author":1,"featured_media":0,"parent":0,"menu_order":0,"comment_status":"closed","ping_status":"closed","template":"","meta":[],"_links":{"self":[{"href":"https:\/\/conference.cag.edu.tr\/gencarastirmacilar\/wp-json\/wp\/v2\/pages\/495"}],"collection":[{"href":"https:\/\/conference.cag.edu.tr\/gencarastirmacilar\/wp-json\/wp\/v2\/pages"}],"about":[{"href":"https:\/\/conference.cag.edu.tr\/gencarastirmacilar\/wp-json\/wp\/v2\/types\/page"}],"author":[{"embeddable":true,"href":"https:\/\/conference.cag.edu.tr\/gencarastirmacilar\/wp-json\/wp\/v2\/users\/1"}],"replies":[{"embeddable":true,"href":"https:\/\/conference.cag.edu.tr\/gencarastirmacilar\/wp-json\/wp\/v2\/comments?post=495"}],"version-history":[{"count":9,"href":"https:\/\/conference.cag.edu.tr\/gencarastirmacilar\/wp-json\/wp\/v2\/pages\/495\/revisions"}],"predecessor-version":[{"id":729,"href":"https:\/\/conference.cag.edu.tr\/gencarastirmacilar\/wp-json\/wp\/v2\/pages\/495\/revisions\/729"}],"wp:attachment":[{"href":"https:\/\/conference.cag.edu.tr\/gencarastirmacilar\/wp-json\/wp\/v2\/media?parent=495"}],"curies":[{"name":"wp","href":"https:\/\/api.w.org\/{rel}","templated":true}]}}