{"id":497,"date":"2019-12-02T11:51:08","date_gmt":"2019-12-02T08:51:08","guid":{"rendered":"http:\/\/conference.cag.edu.tr\/?page_id=497"},"modified":"2022-05-18T22:27:25","modified_gmt":"2022-05-18T19:27:25","slug":"iletisim","status":"publish","type":"page","link":"https:\/\/conference.cag.edu.tr\/gencarastirmacilar\/iletisim\/","title":{"rendered":"\u0130leti\u015fim"},"content":{"rendered":"\n<p><strong>\u0130leti\u015fim i\u00e7in e-posta adresi:<\/strong><\/p>\n\n\n\n<p><a href=\"mailto:gencarastirmacilar@cag.edu.tr\">gencarastirmacilar@cag.edu.tr<\/a><\/p>\n\n\n\n<figure class=\"wp-block-image size-large\"><img loading=\"lazy\" width=\"1024\" height=\"1024\" src=\"http:\/\/conference.cag.edu.tr\/gencarastirmacilar\/wp-content\/uploads\/2022\/05\/gencarastirmacilar_afis_guncel-2-1024x1024.jpg\" alt=\"\" class=\"wp-image-736\" srcset=\"https:\/\/conference.cag.edu.tr\/gencarastirmacilar\/wp-content\/uploads\/2022\/05\/gencarastirmacilar_afis_guncel-2-1024x1024.jpg 1024w, https:\/\/conference.cag.edu.tr\/gencarastirmacilar\/wp-content\/uploads\/2022\/05\/gencarastirmacilar_afis_guncel-2-300x300.jpg 300w, https:\/\/conference.cag.edu.tr\/gencarastirmacilar\/wp-content\/uploads\/2022\/05\/gencarastirmacilar_afis_guncel-2-150x150.jpg 150w, https:\/\/conference.cag.edu.tr\/gencarastirmacilar\/wp-content\/uploads\/2022\/05\/gencarastirmacilar_afis_guncel-2-768x768.jpg 768w, https:\/\/conference.cag.edu.tr\/gencarastirmacilar\/wp-content\/uploads\/2022\/05\/gencarastirmacilar_afis_guncel-2.jpg 1080w\" sizes=\"(max-width: 1024px) 100vw, 1024px\" \/><\/figure>\n","protected":false},"excerpt":{"rendered":"<p>\u0130leti\u015fim i\u00e7in e-posta adresi: gencarastirmacilar@cag.edu.tr<\/p>\n","protected":false},"author":1,"featured_media":0,"parent":0,"menu_order":0,"comment_status":"closed","ping_status":"closed","template":"","meta":[],"_links":{"self":[{"href":"https:\/\/conference.cag.edu.tr\/gencarastirmacilar\/wp-json\/wp\/v2\/pages\/497"}],"collection":[{"href":"https:\/\/conference.cag.edu.tr\/gencarastirmacilar\/wp-json\/wp\/v2\/pages"}],"about":[{"href":"https:\/\/conference.cag.edu.tr\/gencarastirmacilar\/wp-json\/wp\/v2\/types\/page"}],"author":[{"embeddable":true,"href":"https:\/\/conference.cag.edu.tr\/gencarastirmacilar\/wp-json\/wp\/v2\/users\/1"}],"replies":[{"embeddable":true,"href":"https:\/\/conference.cag.edu.tr\/gencarastirmacilar\/wp-json\/wp\/v2\/comments?post=497"}],"version-history":[{"count":4,"href":"https:\/\/conference.cag.edu.tr\/gencarastirmacilar\/wp-json\/wp\/v2\/pages\/497\/revisions"}],"predecessor-version":[{"id":737,"href":"https:\/\/conference.cag.edu.tr\/gencarastirmacilar\/wp-json\/wp\/v2\/pages\/497\/revisions\/737"}],"wp:attachment":[{"href":"https:\/\/conference.cag.edu.tr\/gencarastirmacilar\/wp-json\/wp\/v2\/media?parent=497"}],"curies":[{"name":"wp","href":"https:\/\/api.w.org\/{rel}","templated":true}]}}