{"id":562,"date":"2019-12-12T16:00:58","date_gmt":"2019-12-12T13:00:58","guid":{"rendered":"http:\/\/conference.cag.edu.tr\/doguakdeniz\/?page_id=562"},"modified":"2025-05-14T12:25:47","modified_gmt":"2025-05-14T09:25:47","slug":"iletisim","status":"publish","type":"page","link":"https:\/\/conference.cag.edu.tr\/ial\/en\/iletisim\/","title":{"rendered":"Contact"},"content":{"rendered":"\n<h1>Contact<\/h1>\n\n<div><iframe loading=\"lazy\" allowfullscreen=\"\" frameborder=\"0\" height=\"500\" src=\"https:\/\/www.google.com\/maps\/embed?pb=!1m14!1m8!1m3!1d25499.432958052545!2d35.076988!3d36.975689!3m2!1i1024!2i768!4f13.1!3m3!1m2!1s0x0%3A0xeae20470d03e0a02!2zw4dhxJ8gw5xuaXZlcnNpdGVzaQ!5e0!3m2!1str!2sus!4v1500104478316\" style=\"border:0\" width=\"100%\"><\/iframe><\/div>\n\n<div class=\"table-responsive\">\n<table class=\"table table-bordered table-hover\">\n\t<tbody>\n\t\t<tr>\n\t\t\t<td><strong>Adress<\/strong><\/td>\n\t\t\t<td><i class=\"fa fa-map-marker\"><\/i><\/td>\n\t\t\t<td>\u00c7a\u011f University Ya\u015far Baybo\u011fan Campus On \u00c7ukurova International Airport Road 33800 Yenice-MERS\u0130N<\/td>\n\t\t<\/tr>\n\t\t<tr>\n\t\t\t<td><strong>Phone<\/strong><\/td>\n\t\t\t<td><i class=\"fa fa-phone\"><\/i><\/td>\n\t\t\t<td>\n\t\t\t<p>+90 324 651 48 00<\/p>\n\t\t\t<\/td>\n\t\t<\/tr>\n\t\t<tr>\n\t\t\t<td><strong>Fax<\/strong><\/td>\n\t\t\t<td><i class=\"fa fa-fax\"><\/i><\/td>\n\t\t\t<td>\n\t\t\t<p>+90 324 651 48 11<\/p>\n\t\t\t<\/td>\n\t\t<\/tr>\n\t\t<tr>\n\t\t\t<td><strong>Email<\/strong><\/td>\n\t\t\t<td><i class=\"fa fa-envelope\"><\/i><\/td>\n\t\t\t<td>\n\t\t\t<p>ial@cag.edu.tr<\/p>\n\t\t\t<\/td>\n\t\t<\/tr>\n\t<\/tbody>\n<\/table>\n<\/div>\n","protected":false},"excerpt":{"rendered":"<p>Contact Adress \u00c7a\u011f University Ya\u015far Baybo\u011fan Campus On \u00c7ukurova International Airport Road 33800 Yenice-MERS\u0130N Phone +90 324 651 48 00 Fax +90 324 651 48 11 Email ial@cag.edu.tr<\/p>\n","protected":false},"author":1,"featured_media":0,"parent":0,"menu_order":0,"comment_status":"closed","ping_status":"closed","template":"","meta":{"footnotes":""},"class_list":["post-562","page","type-page","status-publish","hentry"],"_links":{"self":[{"href":"https:\/\/conference.cag.edu.tr\/ial\/en\/wp-json\/wp\/v2\/pages\/562","targetHints":{"allow":["GET"]}}],"collection":[{"href":"https:\/\/conference.cag.edu.tr\/ial\/en\/wp-json\/wp\/v2\/pages"}],"about":[{"href":"https:\/\/conference.cag.edu.tr\/ial\/en\/wp-json\/wp\/v2\/types\/page"}],"author":[{"embeddable":true,"href":"https:\/\/conference.cag.edu.tr\/ial\/en\/wp-json\/wp\/v2\/users\/1"}],"replies":[{"embeddable":true,"href":"https:\/\/conference.cag.edu.tr\/ial\/en\/wp-json\/wp\/v2\/comments?post=562"}],"version-history":[{"count":16,"href":"https:\/\/conference.cag.edu.tr\/ial\/en\/wp-json\/wp\/v2\/pages\/562\/revisions"}],"predecessor-version":[{"id":1111,"href":"https:\/\/conference.cag.edu.tr\/ial\/en\/wp-json\/wp\/v2\/pages\/562\/revisions\/1111"}],"wp:attachment":[{"href":"https:\/\/conference.cag.edu.tr\/ial\/en\/wp-json\/wp\/v2\/media?parent=562"}],"curies":[{"name":"wp","href":"https:\/\/api.w.org\/{rel}","templated":true}]}}