{"id":413,"date":"2019-12-02T11:57:20","date_gmt":"2019-12-02T08:57:20","guid":{"rendered":"http:\/\/conference.cag.edu.tr\/en\/?page_id=413"},"modified":"2020-02-20T11:03:44","modified_gmt":"2020-02-20T08:03:44","slug":"registration","status":"publish","type":"page","link":"https:\/\/conference.cag.edu.tr\/invisible\/en\/registration\/","title":{"rendered":"REGISTRATION"},"content":{"rendered":"\n<figure class=\"wp-block-table is-style-regular\"><table class=\"\"><tbody><tr><td>\n  <strong>CONFERENCE\n  FEE <\/strong>\n  <\/td><td>\n  &nbsp;\n  <\/td><\/tr><tr><td>   <strong>\u00a0<\/strong>  <strong> K-12 Teachers<\/strong>   <\/td><td>\n  &nbsp;\n  100\n  \u20ba\n  <\/td><\/tr><tr><td>   <strong>\u00a0<\/strong>   <strong>Academic<\/strong>   <strong>Staff<\/strong><\/td><td>\n  &nbsp;\n  200\n  \u20ba\n  <\/td><\/tr><tr><td>\n  <strong>&nbsp;<\/strong>\n  <strong>International\n  Participants<\/strong>\n  <\/td><td>\n  &nbsp;\n  50\n  &nbsp;\u20ac\n  <\/td><\/tr><\/tbody><\/table><\/figure>\n\n\n\n<p>Please send the required fee to IBAN address given below and\nplease <strong>write&nbsp; \u201cYour name\/Your ID number\/SteamConference2020\u201d<\/strong>\n&nbsp;in the description field.<\/p>\n\n\n\n<div class=\"wp-block-group\"><div class=\"wp-block-group__inner-container\">\n<figure class=\"wp-block-table is-style-regular\"><table class=\"\"><tbody><tr><td> Account Type (Only): TRY \/\/ <br> Account Holder: &nbsp;\u00c7a\u011f niversitesi<br> Account IBAN: TR 4700 0100 0013 2598 1885 5046<br> Bank Name: Ziraat Bank<br> Description field (required)<strong>: YourName\/YourIDNumber\/SteamConference2020<\/strong><\/td><\/tr><\/tbody><\/table><\/figure>\n<\/div><\/div>\n\n\n<p><!-- [if gte mso 10]>\n\n\n\n\n<style>\n \/* Style Definitions *\/\n table.MsoNormalTable\n\t{mso-style-name:\"Normal Tablo\";\n\tmso-tstyle-rowband-size:0;\n\tmso-tstyle-colband-size:0;\n\tmso-style-noshow:yes;\n\tmso-style-priority:99;\n\tmso-style-parent:\"\";\n\tmso-padding-alt:0cm 5.4pt 0cm 5.4pt;\n\tmso-para-margin-top:0cm;\n\tmso-para-margin-right:0cm;\n\tmso-para-margin-bottom:10.0pt;\n\tmso-para-margin-left:0cm;\n\tline-height:115%;\n\tmso-pagination:widow-orphan;\n\tfont-size:11.0pt;\n\tfont-family:\"Calibri\",\"sans-serif\";\n\tmso-ascii-font-family:Calibri;\n\tmso-ascii-theme-font:minor-latin;\n\tmso-hansi-font-family:Calibri;\n\tmso-hansi-theme-font:minor-latin;\n\tmso-fareast-language:EN-US;}\ntable.MsoTableGrid\n\t{mso-style-name:\"Tablo K\u0131lavuzu\";\n\tmso-tstyle-rowband-size:0;\n\tmso-tstyle-colband-size:0;\n\tmso-style-priority:59;\n\tmso-style-unhide:no;\n\tborder:solid windowtext 1.0pt;\n\tmso-border-alt:solid windowtext .5pt;\n\tmso-padding-alt:0cm 5.4pt 0cm 5.4pt;\n\tmso-border-insideh:.5pt solid windowtext;\n\tmso-border-insidev:.5pt solid windowtext;\n\tmso-para-margin:0cm;\n\tmso-para-margin-bottom:.0001pt;\n\tmso-pagination:widow-orphan;\n\tfont-size:11.0pt;\n\tfont-family:\"Calibri\",\"sans-serif\";\n\tmso-ascii-font-family:Calibri;\n\tmso-ascii-theme-font:minor-latin;\n\tmso-hansi-font-family:Calibri;\n\tmso-hansi-theme-font:minor-latin;\n\tmso-fareast-language:EN-US;}\n<\/style>\n\n\n\n\n<![endif]--><\/p>\n<p><!--EndFragment--><\/p>\n<p><\/p>\n\n\n<div class=\"wp-block-group\"><div class=\"wp-block-group__inner-container\">\n<figure class=\"wp-block-table is-style-regular\"><table class=\"\"><tbody><tr><td>Account Type: EUR<br>Account Holder: \u00c7a\u011f \u00dcniversitesi<br>Account IBAN: TR 2000 0100 0013 2598 1885 5047<br>Bank Name: Ziraat Bank<br>Description field (required):<strong> Your name\/SteamConference2020<\/strong> <\/td><\/tr><\/tbody><\/table><\/figure>\n<\/div><\/div>\n","protected":false},"excerpt":{"rendered":"<p>CONFERENCE FEE &nbsp; \u00a0 K-12 Teachers &nbsp; 100 \u20ba \u00a0 Academic Staff &nbsp; 200 \u20ba &nbsp; International Participants &nbsp; 50 &nbsp;\u20ac Please send the required fee to IBAN address given below and please write&nbsp; \u201cYour name\/Your ID number\/SteamConference2020\u201d &nbsp;in the description field. Account Type (Only): TRY \/\/ Account Holder: &nbsp;\u00c7a\u011f niversitesi Account IBAN: TR 4700 [&hellip;]<\/p>\n","protected":false},"author":1,"featured_media":0,"parent":0,"menu_order":0,"comment_status":"closed","ping_status":"closed","template":"","meta":[],"_links":{"self":[{"href":"https:\/\/conference.cag.edu.tr\/invisible\/en\/wp-json\/wp\/v2\/pages\/413"}],"collection":[{"href":"https:\/\/conference.cag.edu.tr\/invisible\/en\/wp-json\/wp\/v2\/pages"}],"about":[{"href":"https:\/\/conference.cag.edu.tr\/invisible\/en\/wp-json\/wp\/v2\/types\/page"}],"author":[{"embeddable":true,"href":"https:\/\/conference.cag.edu.tr\/invisible\/en\/wp-json\/wp\/v2\/users\/1"}],"replies":[{"embeddable":true,"href":"https:\/\/conference.cag.edu.tr\/invisible\/en\/wp-json\/wp\/v2\/comments?post=413"}],"version-history":[{"count":14,"href":"https:\/\/conference.cag.edu.tr\/invisible\/en\/wp-json\/wp\/v2\/pages\/413\/revisions"}],"predecessor-version":[{"id":536,"href":"https:\/\/conference.cag.edu.tr\/invisible\/en\/wp-json\/wp\/v2\/pages\/413\/revisions\/536"}],"wp:attachment":[{"href":"https:\/\/conference.cag.edu.tr\/invisible\/en\/wp-json\/wp\/v2\/media?parent=413"}],"curies":[{"name":"wp","href":"https:\/\/api.w.org\/{rel}","templated":true}]}}