{"id":502,"date":"2020-01-29T11:19:36","date_gmt":"2020-01-29T08:19:36","guid":{"rendered":"http:\/\/conference.cag.edu.tr\/invisible\/en\/?page_id=502"},"modified":"2020-02-21T11:53:12","modified_gmt":"2020-02-21T08:53:12","slug":"keynote-speakers","status":"publish","type":"page","link":"https:\/\/conference.cag.edu.tr\/invisible\/en\/keynote-speakers\/","title":{"rendered":"Keynote Speakers"},"content":{"rendered":"\n<div class=\"wp-block-image\"><figure class=\"alignleft size-large is-resized\"><img loading=\"lazy\" src=\"http:\/\/conference.cag.edu.tr\/invisible\/en\/wp-content\/uploads\/2020\/01\/Mustafa\u00c7.-1.jpg\" alt=\"\" class=\"wp-image-506\" width=\"126\" height=\"171\"\/><figcaption> <\/figcaption><\/figure><\/div>\n\n\n\n<p> <\/p>\n\n\n\n<p><strong>Assoc.Prof.Dr. Mustafa Hilmi \u00c7olako\u011flu<\/strong><br> He was born in Ankara in 1957. He graduated from Middle East Technical University, Department of Mechanical Engineering. He received his Master&#8217;s Degree from Hacettepe University, Department of Wood Products Industrial Engineering and his Ph.D. from GAZ\u0130 University, Technical Education Faculty. He became an associate professor in 2011. As the Vice President and Deputy Chairman of KOSGEB (Small and Medium Industry Development Organization), he established more than 20 Technology Development Centres. He worked as a consultant at the Technology Development Foundation of Turkey and Ayvansaray University. He gave lectures at METU, TOBB ETU, KASTAMONU, ERC\u0130YES, \u0130stanbul Ayd\u0131n Universities. He participated in OCED, PISA, PIAAC, ECEC, curriculum content mapping, ET2030 programs. He works as a partner and\/or consultant in many FP7, H2020 and ERASMUS + projects. He is the founder of the Mind Mapping Association. He is the founder and editor of the Journal of Continuing Vocational Education and Training. He worked as Deputy Undersecretary of the Ministry of Education between 2014-2017. He is still a consultant to the Minister of Education.<br> e-mail: <a href=\"mailto:mustafacolakoglu@meb.gov.tr\">mustafacolakoglu@meb.gov.tr<\/a>  <\/p>\n\n\n\n<div class=\"wp-block-image\"><figure class=\"alignleft size-large is-resized\"><img loading=\"lazy\" src=\"http:\/\/conference.cag.edu.tr\/invisible\/en\/wp-content\/uploads\/2020\/02\/devrim-akgunduz-1.jpg\" alt=\"\" class=\"wp-image-537\" width=\"260\" height=\"260\" srcset=\"https:\/\/conference.cag.edu.tr\/invisible\/en\/wp-content\/uploads\/2020\/02\/devrim-akgunduz-1.jpg 960w, https:\/\/conference.cag.edu.tr\/invisible\/en\/wp-content\/uploads\/2020\/02\/devrim-akgunduz-1-300x300.jpg 300w, https:\/\/conference.cag.edu.tr\/invisible\/en\/wp-content\/uploads\/2020\/02\/devrim-akgunduz-1-150x150.jpg 150w, https:\/\/conference.cag.edu.tr\/invisible\/en\/wp-content\/uploads\/2020\/02\/devrim-akgunduz-1-768x768.jpg 768w\" sizes=\"(max-width: 260px) 100vw, 260px\" \/><\/figure><\/div>\n\n\n\n<p class=\"has-text-align-left\"><strong> Assoc. Prof.  Dr. Devrim Akg\u00fcnd\u00fcz<\/strong><\/p>\n\n\n\n<p class=\"has-text-align-left\">He completed his undergraduate and graduate degrees at Gazi University and his Ph.D. at Marmara University in the field of Science Education. He worked as a teacher, project coordinator, consultant, expert, faculty member and lecturer at various levels of the Ministry of National Education and universities. He gave conferences, seminars, in-service trainings to thousands of teachers, directors and students related to STEM education, project preparation techniques and management, blended learning and social media, educational technologies, technology integration, international assessment exams and innovation in education. At the invitation of the American Ministry of Foreign Affairs, he participated in 50 meetings in 10 states and 32 cities in the United States within the scope of IVLP (2009) and STEM project (2014), which he was the director of. He was in touch with Science Centers, Museums, Think Tanks, Ministries, Universities, Educational Institutions, Schools, Libraries, Local Administrations and Institutes in the United States.\u00a0 In 2006, he founded \u2018Proje Okulu\u2019 <em>(The Project School)<\/em> (projeokulu.com), which is Turkey&#8217;s first project website, \u2018STEM Okulu\u2019 <em>(The STEM School) <\/em>(stemschool.com), which is Turkey\u2019s first organization related to STEM, World STEM Organization (worldstem.com) and the first STEM laboratory in Turkey. He wrote and edited the Report of STEM Education in Turkey and A Comprehensive Evaluation Report on STEM Education in Turkey, which were the first reports related to STEM Education in Turkey. He coordinated STEM projects funded by T\u00dcB\u0130TAK, UNESCO, T\u00dcS\u0130AD, the European Union and the US Ministry of Foreign Affairs. Dr. Akg\u00fcnd\u00fcz still continues to work as a faculty member at Istanbul Ayd\u0131n University Faculty of Education, Department of Class Education, and Director of STEM Education Application and Research Center. Furthermore, He directs The STEM Laboratory, and the organizations called STEM Teacher Certificate Program (www.stemokulu.com), the World STEM Education Conference (worldstemed.org) and the World STEM Festival (worldstemfest.org), which aim to train STEM Teachers.<\/p>\n\n\n\n<div class=\"wp-block-image\"><figure class=\"alignleft size-large\"><img loading=\"lazy\" width=\"214\" height=\"370\" src=\"http:\/\/conference.cag.edu.tr\/invisible\/en\/wp-content\/uploads\/2020\/01\/Jullian.png\" alt=\"\" class=\"wp-image-511\" srcset=\"https:\/\/conference.cag.edu.tr\/invisible\/en\/wp-content\/uploads\/2020\/01\/Jullian.png 214w, https:\/\/conference.cag.edu.tr\/invisible\/en\/wp-content\/uploads\/2020\/01\/Jullian-174x300.png 174w\" sizes=\"(max-width: 214px) 100vw, 214px\" \/><\/figure><\/div>\n\n\n\n<p><strong>Julian McDougall<\/strong> is Professor in Media and Education, Head of the Centre for Excellence in Media Practice and Principal Fellow of the Higher Education Academy. He edits Media Practice and Education, runs the Professional Doctorate in Creative and Media Education at Bournemouth University. <\/p>\n","protected":false},"excerpt":{"rendered":"<p>Assoc.Prof.Dr. Mustafa Hilmi \u00c7olako\u011flu He was born in Ankara in 1957. He graduated from Middle East Technical University, Department of Mechanical Engineering. He received his Master&#8217;s Degree from Hacettepe University, Department of Wood Products Industrial Engineering and his Ph.D. from GAZ\u0130 University, Technical Education Faculty. He became an associate professor in 2011. As the Vice [&hellip;]<\/p>\n","protected":false},"author":1,"featured_media":0,"parent":0,"menu_order":0,"comment_status":"closed","ping_status":"closed","template":"","meta":[],"_links":{"self":[{"href":"https:\/\/conference.cag.edu.tr\/invisible\/en\/wp-json\/wp\/v2\/pages\/502"}],"collection":[{"href":"https:\/\/conference.cag.edu.tr\/invisible\/en\/wp-json\/wp\/v2\/pages"}],"about":[{"href":"https:\/\/conference.cag.edu.tr\/invisible\/en\/wp-json\/wp\/v2\/types\/page"}],"author":[{"embeddable":true,"href":"https:\/\/conference.cag.edu.tr\/invisible\/en\/wp-json\/wp\/v2\/users\/1"}],"replies":[{"embeddable":true,"href":"https:\/\/conference.cag.edu.tr\/invisible\/en\/wp-json\/wp\/v2\/comments?post=502"}],"version-history":[{"count":8,"href":"https:\/\/conference.cag.edu.tr\/invisible\/en\/wp-json\/wp\/v2\/pages\/502\/revisions"}],"predecessor-version":[{"id":539,"href":"https:\/\/conference.cag.edu.tr\/invisible\/en\/wp-json\/wp\/v2\/pages\/502\/revisions\/539"}],"wp:attachment":[{"href":"https:\/\/conference.cag.edu.tr\/invisible\/en\/wp-json\/wp\/v2\/media?parent=502"}],"curies":[{"name":"wp","href":"https:\/\/api.w.org\/{rel}","templated":true}]}}