{"id":493,"date":"2019-12-02T11:50:40","date_gmt":"2019-12-02T08:50:40","guid":{"rendered":"http:\/\/conference.cag.edu.tr\/?page_id=493"},"modified":"2020-02-19T10:14:21","modified_gmt":"2020-02-19T07:14:21","slug":"onemli-tarihler","status":"publish","type":"page","link":"https:\/\/conference.cag.edu.tr\/invisible\/onemli-tarihler","title":{"rendered":"\u00d6nemli Tarihler"},"content":{"rendered":"\n<div class=\"wp-block-group\"><div class=\"wp-block-group__inner-container\">\n<p class=\"has-text-align-left\"><strong>Bildiri \u00d6zet G\u00f6nderimi Son Tarih<\/strong>   <\/p>\n\n\n\n<p class=\"has-text-align-left\">   13 Mart 2020 <\/p>\n\n\n\n<p class=\"has-text-align-left\"><strong>Kabul Edilen Bildirilerin A\u00e7\u0131klanmas\u0131<\/strong><\/p>\n\n\n\n<p class=\"has-text-align-left\"> 20 Mart 2020 <\/p>\n\n\n\n<p class=\"has-text-align-left\"><strong>Kay\u0131t ve Kat\u0131l\u0131m \u00dccretinin Yat\u0131r\u0131lmas\u0131 Son Tarih<\/strong>                                                        <\/p>\n\n\n\n<p class=\"has-text-align-left\"> 5 Nisan 2020 <\/p>\n<\/div><\/div>\n","protected":false},"excerpt":{"rendered":"<p>Bildiri \u00d6zet G\u00f6nderimi Son Tarih 13 Mart 2020 Kabul Edilen Bildirilerin A\u00e7\u0131klanmas\u0131 20 Mart 2020 Kay\u0131t ve Kat\u0131l\u0131m \u00dccretinin Yat\u0131r\u0131lmas\u0131 Son Tarih 5 Nisan 2020<\/p>\n","protected":false},"author":1,"featured_media":0,"parent":0,"menu_order":0,"comment_status":"closed","ping_status":"closed","template":"","meta":[],"_links":{"self":[{"href":"https:\/\/conference.cag.edu.tr\/invisible\/wp-json\/wp\/v2\/pages\/493"}],"collection":[{"href":"https:\/\/conference.cag.edu.tr\/invisible\/wp-json\/wp\/v2\/pages"}],"about":[{"href":"https:\/\/conference.cag.edu.tr\/invisible\/wp-json\/wp\/v2\/types\/page"}],"author":[{"embeddable":true,"href":"https:\/\/conference.cag.edu.tr\/invisible\/wp-json\/wp\/v2\/users\/1"}],"replies":[{"embeddable":true,"href":"https:\/\/conference.cag.edu.tr\/invisible\/wp-json\/wp\/v2\/comments?post=493"}],"version-history":[{"count":32,"href":"https:\/\/conference.cag.edu.tr\/invisible\/wp-json\/wp\/v2\/pages\/493\/revisions"}],"predecessor-version":[{"id":635,"href":"https:\/\/conference.cag.edu.tr\/invisible\/wp-json\/wp\/v2\/pages\/493\/revisions\/635"}],"wp:attachment":[{"href":"https:\/\/conference.cag.edu.tr\/invisible\/wp-json\/wp\/v2\/media?parent=493"}],"curies":[{"name":"wp","href":"https:\/\/api.w.org\/{rel}","templated":true}]}}