{"id":494,"date":"2019-12-02T11:50:49","date_gmt":"2019-12-02T08:50:49","guid":{"rendered":"http:\/\/conference.cag.edu.tr\/?page_id=494"},"modified":"2020-02-20T10:20:15","modified_gmt":"2020-02-20T07:20:15","slug":"kayit","status":"publish","type":"page","link":"https:\/\/conference.cag.edu.tr\/invisible\/kayit","title":{"rendered":"Kay\u0131t"},"content":{"rendered":"\n<figure class=\"wp-block-table is-style-regular\"><table class=\"\"><tbody><tr><td>  <strong>KONFERANS \u00dcCRET\u0130 <\/strong>   <\/td><td>\n  &nbsp;\n  <\/td><\/tr><tr><td>   <strong>&nbsp;<\/strong>   <strong>\u00d6\u011fretmenler<\/strong>   <\/td><td>\n  &nbsp;\n  100\n  \u20ba\n  <\/td><\/tr><tr><td><strong>   &nbsp;   Akademisyen   <\/strong><\/td><td>\n  &nbsp;\n  200\n  \u20ba\n  <\/td><\/tr><tr><td>   <strong>&nbsp;<\/strong>   <strong>Uluslararas\u0131 <\/strong>  <strong>Kat\u0131l\u0131mc\u0131lar <\/strong><\/td><td>\n  &nbsp;\n  50\n  &nbsp;\u20ac\n  <\/td><\/tr><\/tbody><\/table><\/figure>\n\n\n\n<p>Kat\u0131l\u0131m \u00fccretini yat\u0131r\u0131rken a\u015fa\u011f\u0131daki IBAN bilgileri kullan\u0131n\u0131z. \u00d6demeyi yaparken a\u00e7\u0131klama k\u0131sm\u0131na<strong> &#8220;Ad\u0131n\u0131z Soyad\u0131n\u0131z\/ Tc Kimlik Numaran\u0131z\/ STEAMKonferans\u01312020&#8221;<\/strong> olarak belirtiniz.<\/p>\n\n\n\n<div class=\"wp-block-group\"><div class=\"wp-block-group__inner-container\">\n<div class=\"wp-block-group\"><div class=\"wp-block-group__inner-container\">\n<figure class=\"wp-block-table is-style-regular\"><table class=\"\"><tbody><tr><td>Hesap T\u00fcr\u00fc: TRY<br>\u00c7a\u011f \u00dcniversitesi<br>Ziraar Bankas\u0131<br>IBAN: TR 4700 0100 0013 2598 1885 5046<br>A\u00e7\u0131klama: <strong>Ad\u0131n\u0131zSoyad\u0131n\u0131z\/TcKimlikNumaran\u0131z\/STEAMKonferans\u01312020<\/strong><\/td><\/tr><\/tbody><\/table><\/figure>\n<\/div><\/div>\n\n\n\n<p><\/p>\n<\/div><\/div>\n\n\n\n<div class=\"wp-block-group\"><div class=\"wp-block-group__inner-container\">\n<figure class=\"wp-block-table is-style-regular\"><table class=\"\"><tbody><tr><td>Hesap T\u00fcr\u00fc: EUR<br>\u00c7a\u011f \u00dcniversitesi<br>Ziraat Bankas\u0131<br>IBAN:TC 2000 0100 0013 2598 1885 5047<br>A\u00e7\u0131klama: <strong>Ad\u0131n\u0131zSoyad\u0131n\u0131z\/STEAMKonferans\u01312020<\/strong><\/td><\/tr><\/tbody><\/table><\/figure>\n<\/div><\/div>\n","protected":false},"excerpt":{"rendered":"<p>KONFERANS \u00dcCRET\u0130 &nbsp; &nbsp; \u00d6\u011fretmenler &nbsp; 100 \u20ba &nbsp; Akademisyen &nbsp; 200 \u20ba &nbsp; Uluslararas\u0131 Kat\u0131l\u0131mc\u0131lar &nbsp; 50 &nbsp;\u20ac Kat\u0131l\u0131m \u00fccretini yat\u0131r\u0131rken a\u015fa\u011f\u0131daki IBAN bilgileri kullan\u0131n\u0131z. \u00d6demeyi yaparken a\u00e7\u0131klama k\u0131sm\u0131na &#8220;Ad\u0131n\u0131z Soyad\u0131n\u0131z\/ Tc Kimlik Numaran\u0131z\/ STEAMKonferans\u01312020&#8221; olarak belirtiniz. Hesap T\u00fcr\u00fc: TRY\u00c7a\u011f \u00dcniversitesiZiraar Bankas\u0131IBAN: TR 4700 0100 0013 2598 1885 5046A\u00e7\u0131klama: Ad\u0131n\u0131zSoyad\u0131n\u0131z\/TcKimlikNumaran\u0131z\/STEAMKonferans\u01312020 Hesap T\u00fcr\u00fc: EUR\u00c7a\u011f \u00dcniversitesiZiraat [&hellip;]<\/p>\n","protected":false},"author":1,"featured_media":0,"parent":0,"menu_order":0,"comment_status":"closed","ping_status":"closed","template":"","meta":[],"_links":{"self":[{"href":"https:\/\/conference.cag.edu.tr\/invisible\/wp-json\/wp\/v2\/pages\/494"}],"collection":[{"href":"https:\/\/conference.cag.edu.tr\/invisible\/wp-json\/wp\/v2\/pages"}],"about":[{"href":"https:\/\/conference.cag.edu.tr\/invisible\/wp-json\/wp\/v2\/types\/page"}],"author":[{"embeddable":true,"href":"https:\/\/conference.cag.edu.tr\/invisible\/wp-json\/wp\/v2\/users\/1"}],"replies":[{"embeddable":true,"href":"https:\/\/conference.cag.edu.tr\/invisible\/wp-json\/wp\/v2\/comments?post=494"}],"version-history":[{"count":8,"href":"https:\/\/conference.cag.edu.tr\/invisible\/wp-json\/wp\/v2\/pages\/494\/revisions"}],"predecessor-version":[{"id":643,"href":"https:\/\/conference.cag.edu.tr\/invisible\/wp-json\/wp\/v2\/pages\/494\/revisions\/643"}],"wp:attachment":[{"href":"https:\/\/conference.cag.edu.tr\/invisible\/wp-json\/wp\/v2\/media?parent=494"}],"curies":[{"name":"wp","href":"https:\/\/api.w.org\/{rel}","templated":true}]}}