{"id":495,"date":"2019-12-02T11:50:58","date_gmt":"2019-12-02T08:50:58","guid":{"rendered":"http:\/\/conference.cag.edu.tr\/?page_id=495"},"modified":"2020-01-30T13:53:04","modified_gmt":"2020-01-30T10:53:04","slug":"konaklama","status":"publish","type":"page","link":"https:\/\/conference.cag.edu.tr\/invisible\/konaklama","title":{"rendered":"Konaklama"},"content":{"rendered":"\n<p><strong>KONAKLAMA<\/strong><\/p>\n\n\n\n<p>Konferans kat\u0131l\u0131mc\u0131lar\u0131n\u0131n, konaklama konusunda gerekli ayarlamay\u0131 yapmalar\u0131 \u00f6nemle rica olunur. Konferans yerine ula\u015f\u0131m sabah, \u00f6\u011flen ve ak\u015fam\u0131n erken saatlerinde<span style=\"text-decoration: underline;\"> <strong>\u00fccretsiz servis<\/strong><\/span> ile sa\u011flanacakt\u0131r. Servis kalk\u0131\u015f saatleri, konferans program\u0131 olu\u015fturulduktan sonra duyurulacakt\u0131r.<\/p>\n\n\n\n<p>A\u015fa\u011f\u0131daki otel, konferans kat\u0131l\u0131mc\u0131lar\u0131m\u0131za \u00f6zel\nfiyatlarla konaklama imk\u00e2n\u0131 sunmaktad\u0131r:<\/p>\n\n\n\n<ul><li>&nbsp;<strong>Yol \u0130\u015f Holiday Hotel, Adana<\/strong>&nbsp;(Fiyatlar T\u00fcrk Liras\u0131-TL \u00fczerindendir.)<br> 190TL Tek Ki\u015filik Oda<br> 260TL \u00c7ift Ki\u015filik Oda<br> Web:&nbsp;<a rel=\"noreferrer noopener\" href=\"http:\/\/www.yolisholidayadana.com.tr\/\" target=\"_blank\">www.yolisholidayadana.com.tr<\/a><br> e-mail: satis@yolisholidayadana.com.tr<\/li><\/ul>\n\n\n\n<p>Rezervasyonlar\u0131n\u0131z\u0131 l\u00fctfen tavsiye edilen otel ile\ndo\u011frudan ileti\u015fime ge\u00e7ip, <strong>InVisible Media in STEAM<\/strong> Konferans\u0131\u2019n\u0131n kat\u0131l\u0131mc\u0131s\u0131 oldu\u011funuzu belirterek\nyap\u0131n\u0131z. Bu otellerde konaklayan kat\u0131l\u0131mc\u0131lar i\u00e7in gidi\u015f ve d\u00f6n\u00fc\u015f servisleri sa\u011flanacakt\u0131r.<\/p>\n\n\n\n<p>Bunlar\u0131n\nd\u0131\u015f\u0131nda, <strong>Adana<\/strong>\u2019da farkl\u0131 fiyat\nkategorilerinde pek \u00e7ok otel se\u00e7ene\u011fi bulunmaktad\u0131r. (Rezervasyon yapmadan\n\u00f6nce l\u00fctfen ve <strong>\u00dccretsiz Servisler i\u00e7in Toplanma\nNoktalar\u0131n\u0131 <\/strong>g\u00f6zden ge\u00e7iriniz.)<\/p>\n\n\n\n<ul><li><strong>Toplanma Noktas\u0131 1:<\/strong>&nbsp;\u0130ller Bankas\u0131 Mahallesi, Adnan Kahveci Bulvar\u0131, Adana \/ Yol \u0130\u015f Holiday Hotel\u2019in \u00f6n\u00fc.<\/li><li><strong>Toplanma Noktas\u0131 2:<\/strong>&nbsp;Re\u015fatbey Mahallesi, Cumhuriyet Sokak, Adana \/ Deniz Bank\u2019\u0131n \u00f6n\u00fc. <\/li><\/ul>\n\n\n\n<p>Bu otellerde kalmayacak olan kat\u0131l\u0131mc\u0131lar\u0131m\u0131z\u0131n,\nservis ayarlamalar\u0131 i\u00e7in bizimle ileti\u015fime ge\u00e7meleri \u00f6nemle rica olunur.<\/p>\n\n\n\n<p><strong>HAVAALANINDAN ULA\u015eIM<\/strong><\/p>\n\n\n\n<p>Adana\n\u015eakirpa\u015fa Havaalan\u0131, \u015fehir merkezine yakla\u015f\u0131k 3 km uzakl\u0131ktad\u0131r.<\/p>\n\n\n\n<p>Havaalan\u0131ndan\nAdana\u2019ya en kolay ula\u015f\u0131m taksiyle sa\u011flanmaktad\u0131r. Taksi \u00fccretleri: Toplanma\nNoktas\u0131 1 i\u00e7in yakla\u015f\u0131k 40-50TL, Toplanma Noktas\u0131 2 i\u00e7in ise yakla\u015f\u0131k\n25-30TL\u2019dir.<\/p>\n","protected":false},"excerpt":{"rendered":"<p>KONAKLAMA Konferans kat\u0131l\u0131mc\u0131lar\u0131n\u0131n, konaklama konusunda gerekli ayarlamay\u0131 yapmalar\u0131 \u00f6nemle rica olunur. Konferans yerine ula\u015f\u0131m sabah, \u00f6\u011flen ve ak\u015fam\u0131n erken saatlerinde \u00fccretsiz servis ile sa\u011flanacakt\u0131r. Servis kalk\u0131\u015f saatleri, konferans program\u0131 olu\u015fturulduktan sonra duyurulacakt\u0131r. A\u015fa\u011f\u0131daki otel, konferans kat\u0131l\u0131mc\u0131lar\u0131m\u0131za \u00f6zel fiyatlarla konaklama imk\u00e2n\u0131 sunmaktad\u0131r: &nbsp;Yol \u0130\u015f Holiday Hotel, Adana&nbsp;(Fiyatlar T\u00fcrk Liras\u0131-TL \u00fczerindendir.) 190TL Tek Ki\u015filik Oda 260TL \u00c7ift [&hellip;]<\/p>\n","protected":false},"author":1,"featured_media":0,"parent":0,"menu_order":0,"comment_status":"closed","ping_status":"closed","template":"","meta":[],"_links":{"self":[{"href":"https:\/\/conference.cag.edu.tr\/invisible\/wp-json\/wp\/v2\/pages\/495"}],"collection":[{"href":"https:\/\/conference.cag.edu.tr\/invisible\/wp-json\/wp\/v2\/pages"}],"about":[{"href":"https:\/\/conference.cag.edu.tr\/invisible\/wp-json\/wp\/v2\/types\/page"}],"author":[{"embeddable":true,"href":"https:\/\/conference.cag.edu.tr\/invisible\/wp-json\/wp\/v2\/users\/1"}],"replies":[{"embeddable":true,"href":"https:\/\/conference.cag.edu.tr\/invisible\/wp-json\/wp\/v2\/comments?post=495"}],"version-history":[{"count":5,"href":"https:\/\/conference.cag.edu.tr\/invisible\/wp-json\/wp\/v2\/pages\/495\/revisions"}],"predecessor-version":[{"id":627,"href":"https:\/\/conference.cag.edu.tr\/invisible\/wp-json\/wp\/v2\/pages\/495\/revisions\/627"}],"wp:attachment":[{"href":"https:\/\/conference.cag.edu.tr\/invisible\/wp-json\/wp\/v2\/media?parent=495"}],"curies":[{"name":"wp","href":"https:\/\/api.w.org\/{rel}","templated":true}]}}