{"id":670,"date":"2020-02-21T10:53:54","date_gmt":"2020-02-21T07:53:54","guid":{"rendered":"http:\/\/conference.cag.edu.tr\/invisible\/?page_id=670"},"modified":"2020-02-21T11:41:58","modified_gmt":"2020-02-21T08:41:58","slug":"davetli","status":"publish","type":"page","link":"https:\/\/conference.cag.edu.tr\/invisible\/davetli","title":{"rendered":"Davetli Konu\u015fmac\u0131lar"},"content":{"rendered":"\n<p class=\"has-text-align-left\"><strong>Do\u00e7. Dr. Mustafa Hilmi \u00c7OLAKO\u011eLU<\/strong> <\/p>\n\n\n<p><img loading=\"lazy\" class=\" wp-image-621 alignleft\" src=\"http:\/\/conference.cag.edu.tr\/invisible\/wp-content\/uploads\/2020\/01\/Mustafa\u00c7.-2-122x150.jpg\" alt=\"\" width=\"186\" height=\"228\" \/><span style=\"font-size: inherit;\">1957 y\u0131l\u0131nda Ankara do\u011fumlu. ODT\u00dc Makine M\u00fchendisli\u011fi b\u00f6l\u00fcm\u00fcnden mezun oldu. Y\u00fcksek lisans\u0131n\u0131 Hacettepe \u00dcniversitesi A\u011fa\u00e7i\u015fleri End\u00fcstri M\u00fchendisli\u011fi B\u00f6l\u00fcm\u00fcnden, doktora derecesini ise GAZ\u0130 \u00dcniversitesi Teknik E\u011fitim Fak\u00fcltesi\u2019nden ald\u0131. 2011 y\u0131l\u0131nda do\u00e7ent oldu. KOSGEB Ba\u015fkan Yard\u0131mc\u0131s\u0131 ve Ba\u015fkan Vekili olarak 20\u2019den fazla Teknoloji Geli\u015ftirme Merkezi\u2019nin kurulu\u015funu ger\u00e7ekle\u015ftirdi. T\u00fcrkiye Teknoloji Geli\u015ftirme Vakf\u0131 ve Ayvansaray \u00dcniversitesinde dan\u0131\u015fmanl\u0131k yapt\u0131. ODT\u00dc, TOBB ET\u00dc, KASTAMONU, ERCIYES, \u0130stanbul Ayd\u0131n \u00dcniversitelerinde ders verdi. OECD PISA, PIAAC, ECEC, m\u00fcfredat i\u00e7eri\u011fi haritalamas\u0131, ET2030 programlar\u0131na kat\u0131ld\u0131. Bir\u00e7ok FP7, H2020 ve ERASMUS + projelerinde ortak ve \/ veya dan\u0131\u015fman olarak g\u00f6rev yapmaktad\u0131r. Zihin Haritalama Derne\u011fi kurucusudur.S\u00fcrekli Mesleki E\u011fitim ve \u00d6\u011fretim Dergisi kurucusu ve edit\u00f6r\u00fcd\u00fcr. 2014-2017 y\u0131llar\u0131 aras\u0131nda Milli E\u011fitim Bakanl\u0131\u011f\u0131 M\u00fcste\u015far Yard\u0131mc\u0131s\u0131 olarak g\u00f6rev yapt\u0131. Halen Milli E\u011fitim Bakan\u0131 dan\u0131\u015fman\u0131d\u0131r.<\/span><\/p>\n\n\n<p><strong>Do\u00e7. Dr. Devrim Akg\u00fcnd\u00fcz<\/strong> <\/p>\n\n\n<p><img loading=\"lazy\" class=\" wp-image-644 alignleft\" src=\"http:\/\/conference.cag.edu.tr\/invisible\/wp-content\/uploads\/2020\/02\/devrim-akgunduz-1-150x150.jpg\" alt=\"\" width=\"262\" height=\"262\" srcset=\"https:\/\/conference.cag.edu.tr\/invisible\/wp-content\/uploads\/2020\/02\/devrim-akgunduz-1-150x150.jpg 150w, https:\/\/conference.cag.edu.tr\/invisible\/wp-content\/uploads\/2020\/02\/devrim-akgunduz-1-300x300.jpg 300w, https:\/\/conference.cag.edu.tr\/invisible\/wp-content\/uploads\/2020\/02\/devrim-akgunduz-1-768x768.jpg 768w, https:\/\/conference.cag.edu.tr\/invisible\/wp-content\/uploads\/2020\/02\/devrim-akgunduz-1.jpg 960w\" sizes=\"(max-width: 262px) 100vw, 262px\" \/>Lisans ve y\u00fcksek lisans \u00f6\u011frenimini Gazi \u00dcniversitesi, doktora \u00f6\u011frenimini Marmara \u00dcniversitesinde Fen Bilgisi \u00d6\u011fretmenli\u011fi alan\u0131nda tamamlad\u0131. MEB ve \u00fcniversitelerin \u00e7e\u015fitli kademelerinde \u00f6\u011fretmen, proje koordinat\u00f6r\u00fc, dan\u0131\u015fman, uzman, \u00f6\u011fretim g\u00f6revlisi ve \u00f6\u011fretim \u00fcyesi olarak g\u00f6rev yapt\u0131. STEM e\u011fitimi, proje haz\u0131rlama teknikleri ve y\u00f6netimi, harmanlanm\u0131\u015f \u00f6\u011frenme ve sosyal medya, e\u011fitim teknolojileri, teknoloji entegrasyonu, uluslararas\u0131 de\u011ferlendirme s\u0131navlar\u0131 ve e\u011fitimde inovasyon ile ilgili on binlerce \u00f6\u011fretmen, y\u00f6netici ve \u00f6\u011frenciye konferans, seminer ve hizmet i\u00e7i e\u011fitim verdi. Amerikan D\u0131\u015fi\u015fleri Bakanl\u0131\u011f\u0131n\u0131n daveti ile IVLP (2009) ve y\u00fcr\u00fct\u00fcc\u00fcs\u00fc oldu\u011fu STEM projesi (2014) kapsam\u0131nda ABD\u2019de 10 Eyalet ve 32 \u015fehirde 50 toplant\u0131ya kat\u0131ld\u0131. ABD\u2019de Bilim Merkezleri, M\u00fczeler, D\u00fc\u015f\u00fcnce Kurulu\u015flar\u0131, Bakanl\u0131klar, \u00dcniversiteler, E\u011fitim Kurulu\u015flar\u0131, Okullar, K\u00fct\u00fcphaneler, Yerel Y\u00f6netimler ve Enstit\u00fclerde temaslarda bulundu. 2006\u2019da T\u00fcrkiye\u2019nin ilk proje sitesi olan Proje Okulunu projeokulu.com), STEM e\u011fitimi ile ilgili T\u00fcrkiye\u2019deki ilk organizasyon olan STEM Okulunu (stemokulu.com), World STEM Organizasyonunu (worldstem.org) ve T\u00fcrkiye\u2019nin ilk STEM laboratuvar\u0131n\u0131 kurdu. T\u00fcrkiye\u2019nin STEM e\u011fitimi ile ilgili ilk raporlar\u0131 olan STEM E\u011fitimi T\u00fcrkiye Raporu ve T\u00fcrkiye STEM E\u011fitimi \u00dczerine Kapsaml\u0131 Bir De\u011ferlendirme Raporunun edit\u00f6rl\u00fc\u011f\u00fcn\u00fc ve yazarl\u0131\u011f\u0131n\u0131 yapt\u0131. T\u00dcB\u0130TAK, UNESCO, T\u00dcS\u0130AD, Avrupa Birli\u011fi ve ABD D\u0131\u015fi\u015fleri Bakanl\u0131\u011f\u0131 fonlu STEM projelerinin y\u00fcr\u00fct\u00fcc\u00fcl\u00fc\u011f\u00fcn\u00fc yapmaktad\u0131r. Dr. Akg\u00fcnd\u00fcz halen \u0130stanbul Ayd\u0131n \u00dcniversitesi E\u011fitim Fak\u00fcltesi S\u0131n\u0131f E\u011fitimi B\u00f6l\u00fcm\u00fc \u00f6\u011fretim \u00fcyeli\u011fi, STEM E\u011fitimi Uygulama ve Ara\u015ft\u0131rma Merkezi Direkt\u00f6rl\u00fc\u011f\u00fc g\u00f6revine devam etmektedir. Ayr\u0131ca; STEM Laboratuvar\u0131, STEM Okulu ve STEM \u00d6\u011fretmeni yeti\u015ftirmeyi ama\u00e7layan STEM \u00d6\u011fretmeni Sertifika Program\u0131n\u0131 (www.stemokulu.com), World STEM Education Conference (worldstemed.org) ve World STEM Festival (worldstemfest.org) adl\u0131 organizasyonlar\u0131 y\u00f6netmektedir.<\/p>\n\n\n<p class=\"has-text-align-left\"><strong>Jullian McDougall<\/strong><\/p>\n\n\n<p><img loading=\"lazy\" class=\"size-full wp-image-618 alignleft\" src=\"http:\/\/conference.cag.edu.tr\/invisible\/wp-content\/uploads\/2020\/01\/Jullian.png\" alt=\"\" width=\"214\" height=\"370\" srcset=\"https:\/\/conference.cag.edu.tr\/invisible\/wp-content\/uploads\/2020\/01\/Jullian.png 214w, https:\/\/conference.cag.edu.tr\/invisible\/wp-content\/uploads\/2020\/01\/Jullian-174x300.png 174w\" sizes=\"(max-width: 214px) 100vw, 214px\" \/>Medya ve E\u011fitim Profes\u00f6r\u00fc, Medya Uygulamalar\u0131nda M\u00fckemmeliyet Merkezi <em>&nbsp;(Centre for Excellence in Media Practice) <\/em>M\u00fcd\u00fcr\u00fc ve Y\u00fcksek \u00d6\u011fretim Akademisi\u2019nde \u00f6\u011fretim \u00fcyesi. Medya Uygulamas\u0131 ve E\u011fitimi\u2019ni d\u00fczenlemekte ve Bournemouth \u00dcniversitesi\u2019nde Yarat\u0131c\u0131 ve Medya E\u011fitimini \u00fczerine Profesyonel Doktora yapmaktad\u0131r.<\/p>\n<p><\/p>\n\n\n<p><\/p>\n\n\n\n<p><\/p>\n\n\n\n<p><\/p>\n","protected":false},"excerpt":{"rendered":"<p>Do\u00e7. Dr. Mustafa Hilmi \u00c7OLAKO\u011eLU 1957 y\u0131l\u0131nda Ankara do\u011fumlu. ODT\u00dc Makine M\u00fchendisli\u011fi b\u00f6l\u00fcm\u00fcnden mezun oldu. Y\u00fcksek lisans\u0131n\u0131 Hacettepe \u00dcniversitesi A\u011fa\u00e7i\u015fleri End\u00fcstri M\u00fchendisli\u011fi B\u00f6l\u00fcm\u00fcnden, doktora derecesini ise GAZ\u0130 \u00dcniversitesi Teknik E\u011fitim Fak\u00fcltesi\u2019nden ald\u0131. 2011 y\u0131l\u0131nda do\u00e7ent oldu. KOSGEB Ba\u015fkan Yard\u0131mc\u0131s\u0131 ve Ba\u015fkan Vekili olarak 20\u2019den fazla Teknoloji Geli\u015ftirme Merkezi\u2019nin kurulu\u015funu ger\u00e7ekle\u015ftirdi. T\u00fcrkiye Teknoloji Geli\u015ftirme Vakf\u0131 ve [&hellip;]<\/p>\n","protected":false},"author":1,"featured_media":0,"parent":0,"menu_order":0,"comment_status":"closed","ping_status":"closed","template":"","meta":[],"_links":{"self":[{"href":"https:\/\/conference.cag.edu.tr\/invisible\/wp-json\/wp\/v2\/pages\/670"}],"collection":[{"href":"https:\/\/conference.cag.edu.tr\/invisible\/wp-json\/wp\/v2\/pages"}],"about":[{"href":"https:\/\/conference.cag.edu.tr\/invisible\/wp-json\/wp\/v2\/types\/page"}],"author":[{"embeddable":true,"href":"https:\/\/conference.cag.edu.tr\/invisible\/wp-json\/wp\/v2\/users\/1"}],"replies":[{"embeddable":true,"href":"https:\/\/conference.cag.edu.tr\/invisible\/wp-json\/wp\/v2\/comments?post=670"}],"version-history":[{"count":10,"href":"https:\/\/conference.cag.edu.tr\/invisible\/wp-json\/wp\/v2\/pages\/670\/revisions"}],"predecessor-version":[{"id":684,"href":"https:\/\/conference.cag.edu.tr\/invisible\/wp-json\/wp\/v2\/pages\/670\/revisions\/684"}],"wp:attachment":[{"href":"https:\/\/conference.cag.edu.tr\/invisible\/wp-json\/wp\/v2\/media?parent=670"}],"curies":[{"name":"wp","href":"https:\/\/api.w.org\/{rel}","templated":true}]}}