{"id":836,"date":"2024-01-30T13:21:31","date_gmt":"2024-01-30T10:21:31","guid":{"rendered":"https:\/\/conference.cag.edu.tr\/sfais2024\/en\/?page_id=836"},"modified":"2024-02-19T22:38:19","modified_gmt":"2024-02-19T19:38:19","slug":"scientific-committee","status":"publish","type":"page","link":"https:\/\/conference.cag.edu.tr\/sfais2024\/en\/scientific-committee\/","title":{"rendered":"SCIENTIFIC COMMITTEE"},"content":{"rendered":"<!--themify_builder_content-->\n<div id=\"themify_builder_content-836\" data-postid=\"836\" class=\"themify_builder_content themify_builder_content-836 themify_builder tf_clear\">\n                    <div  data-lazy=\"1\" class=\"module_row themify_builder_row tb_snc0125 tb_first tf_w\">\n                        <div class=\"row_inner col_align_top tb_col_count_1 tf_box tf_rel\">\n                        <div  data-lazy=\"1\" class=\"module_column tb-column col-full tb_h54b125 first\">\n                            <div  data-lazy=\"1\" class=\"module_subrow themify_builder_sub_row tf_w col_align_top tb_col_count_1 tb_fhr8126\">\n                <div  data-lazy=\"1\" class=\"module_column sub_column col-full tb_ubrh126 first\">\n                    <!-- module plain text -->\n<div  class=\"module module-plain-text tb_qlzk126 \" data-lazy=\"1\">\n        <div class=\"tb_text_wrap\">\n    SCIENTIFIC COMMITTEE CHAIRS    <\/div>\n<\/div>\n<!-- \/module plain text -->        <\/div>\n                    <\/div>\n        <!-- module image -->\n<div  class=\"module module-image tb_ih67126 image-center rounded drop-shadow bordered circle  tf_mw\" data-lazy=\"1\">\n        <div class=\"image-wrap tf_rel tf_mw\">\n            <img loading=\"lazy\" decoding=\"async\" src=\"https:\/\/conference.cag.edu.tr\/sfais2024\/en\/wp-content\/uploads\/2024\/01\/profdr-mustafa-basaran-Ds52-200x200.jpg\" width=\"200\" height=\"200\" class=\"wp-post-image wp-image-990\" title=\"Prof. Dr. Mustafa BA\u015eARAN\" alt=\"(Dean of the Faculty of Economics and Administrative Sciences)\" srcset=\"https:\/\/conference.cag.edu.tr\/sfais2024\/en\/wp-content\/uploads\/2024\/01\/profdr-mustafa-basaran-Ds52-200x200.jpg 200w, https:\/\/conference.cag.edu.tr\/sfais2024\/en\/wp-content\/uploads\/2024\/01\/profdr-mustafa-basaran-Ds52-150x150.jpg 150w, https:\/\/conference.cag.edu.tr\/sfais2024\/en\/wp-content\/uploads\/2024\/01\/profdr-mustafa-basaran-Ds52.jpg 300w\" sizes=\"auto, (max-width: 200px) 100vw, 200px\" \/>    \n        <\/div>\n    <!-- \/image-wrap -->\n    \n        <div class=\"image-content\">\n                    <h3 class=\"image-title\">\n                                    Prof. Dr. Mustafa BA\u015eARAN                            <\/h3>\n                        <div class=\"image-caption tb_text_wrap\">\n             (Dean of the Faculty of Economics and Administrative Sciences)        <\/div>\n        <!-- \/image-caption -->\n            <\/div>\n    <!-- \/image-content -->\n        <\/div>\n<!-- \/module image -->        <div  data-lazy=\"1\" class=\"module_subrow themify_builder_sub_row tf_w col_align_top tb_col_count_1 tb_1uzw126\">\n                <div  data-lazy=\"1\" class=\"module_column sub_column col-full tb_p5td126 first\">\n                    <!-- module plain text -->\n<div  class=\"module module-plain-text tb_p7dr718 \" data-lazy=\"1\">\n        <div class=\"tb_text_wrap\">\n    Scientific Committee    <\/div>\n<\/div>\n<!-- \/module plain text -->        <\/div>\n                    <\/div>\n                <div  data-lazy=\"1\" class=\"module_subrow themify_builder_sub_row tf_w col_align_top tb_col_count_1 tb_yt91126\">\n                <div  data-lazy=\"1\" class=\"module_column sub_column col-full tb_lkz8127 first\">\n                    <!-- module text -->\n<div  class=\"module module-text tb_lc95719   \" data-lazy=\"1\">\n        <div  class=\"tb_text_wrap\">\n        <p>Prof. Dr. Byra REDDY (Alliance University, India)<\/p>\n<p>Prof. Dr. Jerzy DUDA (AGH University, Poland)<\/p>\n<p>Prof. Dr. Sven K\u00d6HLER (DHBW Stuttgart, Germany)<\/p>\n<p>Prof. Dr. Mahir F\u0130SUNO\u011eLU (\u00c7a\u011f University,Turkey)<\/p>\n<p>Prof. Dr. Jose Ramon Porto PEDRIDO (University of Santiago de Compostela, Spain)<\/p>\n<p>Prof. Dr. Eda YA\u015eA \u00d6ZELT\u00dcRKAY (\u00c7a\u011f University,Turkey)<\/p>\n<p>Prof. Dr. Sezen BOZY\u0130\u011e\u0130T (Tarsus University, Turkey)<\/p>\n<p>Prof. Dr. Michaell FREY (Kehl University, Germany)<\/p>\n<p>Prof. Dr. Androniki KAVOURA (University of West Attica, Greece)<\/p>\n<p>Prof. Dr. John O\u2019Connor (Technological University Dublin, Ireland)<\/p>\n<p>Assoc. Prof. Dr. Murat G\u00dcLMEZ (\u00c7a\u011f University,Turkey)<\/p>\n<p>Assoc.Prof.Dr. Ivaylo Peev (Technical University of Sofia, Bulgaria)<\/p>\n<p>Assoc. Prof. Dr. Sevgi BALKAN (\u00c7a\u011f University,Turkey)<\/p>\n<p>Assoc. Prof. Marie VANS (Colorado State University, USA)<\/p>\n<p>Assist. Prof. Dr. Ahmet G\u00d6KHAN S\u00d6KMEN (\u00c7a\u011f University,Turkey)<\/p>\n<p>Assist. Prof. Dr. Duygu G\u00dcR (\u00c7a\u011f University,Turkey)<\/p>\n<p>Assist. Prof. Dr. Lia POP (Technical University of Cluj-Napoca, Romania)<\/p>\n<p>Dr. Lucia MORALES (Technological University Dublin, Ireland)<\/p>\n<p>Dr. Daniel RAJMIL (Universitat Oberta de Catalunya, Spain\u00a0)<\/p>\n<p>Dr. Valerie Hill (School of Information,\u00a0 USA)<\/p>\n<p>Dr. Rebecca Adams (Co-Coordinator for the VWEC)<\/p>    <\/div>\n<\/div>\n<!-- \/module text -->        <\/div>\n                    <\/div>\n                <\/div>\n                        <\/div>\n        <\/div>\n                        <div  data-lazy=\"1\" class=\"module_row themify_builder_row tb_bx9h717 tf_w\">\n                        <div class=\"row_inner col_align_top tb_col_count_1 tf_box tf_rel\">\n                        <div  data-lazy=\"1\" class=\"module_column tb-column col-full tb_l687717 first\">\n                            <div  data-lazy=\"1\" class=\"module_subrow themify_builder_sub_row tf_w col_align_top tb_col_count_1 tb_w28q718\">\n                <div  data-lazy=\"1\" class=\"module_column sub_column col-full tb_908r718 first\">\n                            <\/div>\n                    <\/div>\n                <div  data-lazy=\"1\" class=\"module_subrow themify_builder_sub_row tf_w col_align_top tb_col_count_1 tb_uwhk718\">\n                <div  data-lazy=\"1\" class=\"module_column sub_column col-full tb_05kn718 first\">\n                            <\/div>\n                    <\/div>\n                <\/div>\n                        <\/div>\n        <\/div>\n        <\/div>\n<!--\/themify_builder_content-->","protected":false},"excerpt":{"rendered":"<p>Prof. Dr. Byra REDDY (Alliance University, India) Prof. Dr. Jerzy DUDA (AGH University, Poland) Prof. Dr. Sven K\u00d6HLER (DHBW Stuttgart, Germany) Prof. Dr. Mahir F\u0130SUNO\u011eLU (\u00c7a\u011f University,Turkey) Prof. Dr. Jose Ramon Porto PEDRIDO (University of Santiago de Compostela, Spain) Prof. Dr. Eda YA\u015eA \u00d6ZELT\u00dcRKAY (\u00c7a\u011f University,Turkey) Prof. Dr. Sezen BOZY\u0130\u011e\u0130T (Tarsus University, Turkey) Prof. Dr. [&hellip;]<\/p>\n","protected":false},"author":1,"featured_media":0,"parent":0,"menu_order":0,"comment_status":"closed","ping_status":"closed","template":"","meta":{"footnotes":""},"class_list":["post-836","page","type-page","status-publish","hentry"],"builder_content":"SCIENTIFIC COMMITTEE CHAIRS\n<img src=\"https:\/\/conference.cag.edu.tr\/sfais2024\/en\/wp-content\/uploads\/2024\/01\/profdr-mustafa-basaran-Ds52-200x200.jpg\" width=\"200\" height=\"200\" title=\"Prof. Dr. Mustafa BA\u015eARAN\" alt=\"(Dean of the Faculty of Economics and Administrative Sciences)\" srcset=\"https:\/\/conference.cag.edu.tr\/sfais2024\/en\/wp-content\/uploads\/2024\/01\/profdr-mustafa-basaran-Ds52-200x200.jpg 200w, https:\/\/conference.cag.edu.tr\/sfais2024\/en\/wp-content\/uploads\/2024\/01\/profdr-mustafa-basaran-Ds52-150x150.jpg 150w, https:\/\/conference.cag.edu.tr\/sfais2024\/en\/wp-content\/uploads\/2024\/01\/profdr-mustafa-basaran-Ds52.jpg 300w\" sizes=\"(max-width: 200px) 100vw, 200px\" \/> <h3> Prof. Dr. Mustafa BA\u015eARAN <\/h3> (Dean of the Faculty of Economics and Administrative Sciences)\nScientific Committee\n<p>Prof. Dr. Byra REDDY (Alliance University, India)<\/p> <p>Prof. Dr. Jerzy DUDA (AGH University, Poland)<\/p> <p>Prof. Dr. Sven K\u00d6HLER (DHBW Stuttgart, Germany)<\/p> <p>Prof. Dr. Mahir F\u0130SUNO\u011eLU (\u00c7a\u011f University,Turkey)<\/p> <p>Prof. Dr. Jose Ramon Porto PEDRIDO (University of Santiago de Compostela, Spain)<\/p> <p>Prof. Dr. Eda YA\u015eA \u00d6ZELT\u00dcRKAY (\u00c7a\u011f University,Turkey)<\/p> <p>Prof. Dr. Sezen BOZY\u0130\u011e\u0130T (Tarsus University, Turkey)<\/p> <p>Prof. Dr. Michaell FREY (Kehl University, Germany)<\/p> <p>Prof. Dr. Androniki KAVOURA (University of West Attica, Greece)<\/p> <p>Prof. Dr. John O\u2019Connor (Technological University Dublin, Ireland)<\/p> <p>Assoc. Prof. Dr. Murat G\u00dcLMEZ (\u00c7a\u011f University,Turkey)<\/p> <p>Assoc.Prof.Dr. Ivaylo Peev (Technical University of Sofia, Bulgaria)<\/p> <p>Assoc. Prof. Dr. Sevgi BALKAN (\u00c7a\u011f University,Turkey)<\/p> <p>Assoc. Prof. Marie VANS (Colorado State University, USA)<\/p> <p>Assist. Prof. Dr. Ahmet G\u00d6KHAN S\u00d6KMEN (\u00c7a\u011f University,Turkey)<\/p> <p>Assist. Prof. Dr. Duygu G\u00dcR (\u00c7a\u011f University,Turkey)<\/p> <p>Assist. Prof. Dr. Lia POP (Technical University of Cluj-Napoca, Romania)<\/p> <p>Dr. Lucia MORALES (Technological University Dublin, Ireland)<\/p> <p>Dr. Daniel RAJMIL (Universitat Oberta de Catalunya, Spain\u00a0)<\/p> <p>Dr. Valerie Hill (School of Information,\u00a0 USA)<\/p> <p>Dr. Rebecca Adams (Co-Coordinator for the VWEC)<\/p>","_links":{"self":[{"href":"https:\/\/conference.cag.edu.tr\/sfais2024\/en\/wp-json\/wp\/v2\/pages\/836","targetHints":{"allow":["GET"]}}],"collection":[{"href":"https:\/\/conference.cag.edu.tr\/sfais2024\/en\/wp-json\/wp\/v2\/pages"}],"about":[{"href":"https:\/\/conference.cag.edu.tr\/sfais2024\/en\/wp-json\/wp\/v2\/types\/page"}],"author":[{"embeddable":true,"href":"https:\/\/conference.cag.edu.tr\/sfais2024\/en\/wp-json\/wp\/v2\/users\/1"}],"replies":[{"embeddable":true,"href":"https:\/\/conference.cag.edu.tr\/sfais2024\/en\/wp-json\/wp\/v2\/comments?post=836"}],"version-history":[{"count":25,"href":"https:\/\/conference.cag.edu.tr\/sfais2024\/en\/wp-json\/wp\/v2\/pages\/836\/revisions"}],"predecessor-version":[{"id":1187,"href":"https:\/\/conference.cag.edu.tr\/sfais2024\/en\/wp-json\/wp\/v2\/pages\/836\/revisions\/1187"}],"wp:attachment":[{"href":"https:\/\/conference.cag.edu.tr\/sfais2024\/en\/wp-json\/wp\/v2\/media?parent=836"}],"curies":[{"name":"wp","href":"https:\/\/api.w.org\/{rel}","templated":true}]}}