{"id":839,"date":"2024-01-30T13:21:42","date_gmt":"2024-01-30T10:21:42","guid":{"rendered":"https:\/\/conference.cag.edu.tr\/sfais2024\/en\/?page_id=839"},"modified":"2024-02-19T22:32:47","modified_gmt":"2024-02-19T19:32:47","slug":"organizing-committee","status":"publish","type":"page","link":"https:\/\/conference.cag.edu.tr\/sfais2024\/en\/organizing-committee\/","title":{"rendered":"ORGANIZING COMMITTEE"},"content":{"rendered":"<!--themify_builder_content-->\n<div id=\"themify_builder_content-839\" data-postid=\"839\" class=\"themify_builder_content themify_builder_content-839 themify_builder tf_clear\">\n                    <div  data-lazy=\"1\" class=\"module_row themify_builder_row tb_0m3v742 tb_first tf_w\">\n                        <div class=\"row_inner col_align_top tb_col_count_1 tf_box tf_rel\">\n                        <div  data-lazy=\"1\" class=\"module_column tb-column col-full tb_d9ur742 first\">\n                            <div  data-lazy=\"1\" class=\"module_subrow themify_builder_sub_row tf_w col_align_top tb_col_count_1 tb_0ko8742\">\n                <div  data-lazy=\"1\" class=\"module_column sub_column col-full tb_gh9e743 first\">\n                    <!-- module plain text -->\n<div  class=\"module module-plain-text tb_fwdb743 \" data-lazy=\"1\">\n        <div class=\"tb_text_wrap\">\n    Organizing Committee    <\/div>\n<\/div>\n<!-- \/module plain text -->        <\/div>\n                    <\/div>\n                <div  data-lazy=\"1\" class=\"module_subrow themify_builder_sub_row tf_w col_align_top tb_col_count_1 tb_lw5r743\">\n                <div  data-lazy=\"1\" class=\"module_column sub_column col-full tb_op1c744 first\">\n                    <!-- module text -->\n<div  class=\"module module-text tb_jpx0744   \" data-lazy=\"1\">\n        <div  class=\"tb_text_wrap\">\n        <p>Prof. Dr. Eda YA\u015eA \u00d6ZELT\u00dcRKAY (\u00c7a\u011f University,Turkey)<\/p>\n<p>Assoc. Prof. Dr. Murat G\u00dcLMEZ (\u00c7a\u011f University,Turkey)<\/p>\n<p>Assoc. Ivaylo Peev (Technical University of Sofia, Bulgaria)<\/p>\n<p>Assoc. Prof. Dr. Sevgi BALKAN (\u00c7a\u011f University,Turkey)<\/p>\n<p>Assist. Prof. Dr. A. G\u00f6khan S\u00d6KMEN (\u00c7a\u011f University,Turkey)<\/p>\n<p>Assist. Prof. Dr. Emre Kadir \u00d6ZEKENC\u0130 (\u00c7a\u011f University,Turkey)<\/p>\n<p>Assist. Prof. Dr. S\u00fcreyya YILMAZ \u00d6ZEKENC\u0130 (\u00c7a\u011f University,Turkey)<\/p>\n<p>Assist. Prof. Dr. Duygu G\u00dcR (\u00c7a\u011f University,Turkey)<\/p>\n<p>Assist. Prof. Dr. Lia POP (Technical University of Cluj-Napoca, Romania)<\/p>\n<p>Dr. Lucia Morales (Technological University Dublin, Ireland)<\/p>\n<p>Dr. Rebecca Adams (Co-Coordinator for the VWEC)<\/p>\n<p>Erhan \u00d6ZEL (TEMSA)<\/p>\n<p>\u00a0<\/p>    <\/div>\n<\/div>\n<!-- \/module text -->        <\/div>\n                    <\/div>\n                <\/div>\n                        <\/div>\n        <\/div>\n        <\/div>\n<!--\/themify_builder_content-->","protected":false},"excerpt":{"rendered":"<p>Organizing Committee Prof. Dr. Eda YA\u015eA \u00d6ZELT\u00dcRKAY (\u00c7a\u011f University,Turkey) Assoc. Prof. Dr. Murat G\u00dcLMEZ (\u00c7a\u011f University,Turkey) Assoc. Ivaylo Peev (Technical University of Sofia, Bulgaria) Assoc. Prof. Dr. Sevgi BALKAN (\u00c7a\u011f University,Turkey) Assist. Prof. Dr. A. G\u00f6khan S\u00d6KMEN (\u00c7a\u011f University,Turkey) Assist. Prof. Dr. Emre Kadir \u00d6ZEKENC\u0130 (\u00c7a\u011f University,Turkey) Assist. Prof. Dr. S\u00fcreyya YILMAZ \u00d6ZEKENC\u0130 (\u00c7a\u011f University,Turkey) [&hellip;]<\/p>\n","protected":false},"author":1,"featured_media":0,"parent":0,"menu_order":0,"comment_status":"closed","ping_status":"closed","template":"","meta":{"footnotes":""},"class_list":["post-839","page","type-page","status-publish","hentry"],"builder_content":"Organizing Committee\n<p>Prof. Dr. Eda YA\u015eA \u00d6ZELT\u00dcRKAY (\u00c7a\u011f University,Turkey)<\/p> <p>Assoc. Prof. Dr. Murat G\u00dcLMEZ (\u00c7a\u011f University,Turkey)<\/p> <p>Assoc. Ivaylo Peev (Technical University of Sofia, Bulgaria)<\/p> <p>Assoc. Prof. Dr. Sevgi BALKAN (\u00c7a\u011f University,Turkey)<\/p> <p>Assist. Prof. Dr. A. G\u00f6khan S\u00d6KMEN (\u00c7a\u011f University,Turkey)<\/p> <p>Assist. Prof. Dr. Emre Kadir \u00d6ZEKENC\u0130 (\u00c7a\u011f University,Turkey)<\/p> <p>Assist. Prof. Dr. S\u00fcreyya YILMAZ \u00d6ZEKENC\u0130 (\u00c7a\u011f University,Turkey)<\/p> <p>Assist. Prof. Dr. Duygu G\u00dcR (\u00c7a\u011f University,Turkey)<\/p> <p>Assist. Prof. Dr. Lia POP (Technical University of Cluj-Napoca, Romania)<\/p> <p>Dr. Lucia Morales (Technological University Dublin, Ireland)<\/p> <p>Dr. Rebecca Adams (Co-Coordinator for the VWEC)<\/p> <p>Erhan \u00d6ZEL (TEMSA)<\/p> <p>\u00a0<\/p>","_links":{"self":[{"href":"https:\/\/conference.cag.edu.tr\/sfais2024\/en\/wp-json\/wp\/v2\/pages\/839","targetHints":{"allow":["GET"]}}],"collection":[{"href":"https:\/\/conference.cag.edu.tr\/sfais2024\/en\/wp-json\/wp\/v2\/pages"}],"about":[{"href":"https:\/\/conference.cag.edu.tr\/sfais2024\/en\/wp-json\/wp\/v2\/types\/page"}],"author":[{"embeddable":true,"href":"https:\/\/conference.cag.edu.tr\/sfais2024\/en\/wp-json\/wp\/v2\/users\/1"}],"replies":[{"embeddable":true,"href":"https:\/\/conference.cag.edu.tr\/sfais2024\/en\/wp-json\/wp\/v2\/comments?post=839"}],"version-history":[{"count":15,"href":"https:\/\/conference.cag.edu.tr\/sfais2024\/en\/wp-json\/wp\/v2\/pages\/839\/revisions"}],"predecessor-version":[{"id":1186,"href":"https:\/\/conference.cag.edu.tr\/sfais2024\/en\/wp-json\/wp\/v2\/pages\/839\/revisions\/1186"}],"wp:attachment":[{"href":"https:\/\/conference.cag.edu.tr\/sfais2024\/en\/wp-json\/wp\/v2\/media?parent=839"}],"curies":[{"name":"wp","href":"https:\/\/api.w.org\/{rel}","templated":true}]}}