{"id":842,"date":"2024-01-30T13:21:58","date_gmt":"2024-01-30T10:21:58","guid":{"rendered":"https:\/\/conference.cag.edu.tr\/sfais2024\/en\/?page_id=842"},"modified":"2024-02-08T10:27:12","modified_gmt":"2024-02-08T07:27:12","slug":"conference-team","status":"publish","type":"page","link":"https:\/\/conference.cag.edu.tr\/sfais2024\/en\/conference-team\/","title":{"rendered":"CONFERENCE TEAM"},"content":{"rendered":"<!--themify_builder_content-->\n<div id=\"themify_builder_content-842\" data-postid=\"842\" class=\"themify_builder_content themify_builder_content-842 themify_builder tf_clear\">\n                    <div  data-lazy=\"1\" class=\"module_row themify_builder_row tb_s5kh141 tb_first tf_w\">\n                        <div class=\"row_inner col_align_top tb_col_count_1 tf_box tf_rel\">\n                        <div  data-lazy=\"1\" class=\"module_column tb-column col-full tb_1484141 first\">\n                            <div  data-lazy=\"1\" class=\"module_subrow themify_builder_sub_row tf_w col_align_top tb_col_count_1 tb_jy70142\">\n                <div  data-lazy=\"1\" class=\"module_column sub_column col-full tb_9boe142 first\">\n                    <!-- module plain text -->\n<div  class=\"module module-plain-text tb_00t6142 \" data-lazy=\"1\">\n        <div class=\"tb_text_wrap\">\n    Conference Team    <\/div>\n<\/div>\n<!-- \/module plain text -->        <\/div>\n                    <\/div>\n                <div  data-lazy=\"1\" class=\"module_subrow themify_builder_sub_row tf_w col_align_top tb_col_count_1 tb_v8tv143\">\n                <div  data-lazy=\"1\" class=\"module_column sub_column col-full tb_xqwe143 first\">\n                    <!-- module text -->\n<div  class=\"module module-text tb_bh08143   \" data-lazy=\"1\">\n        <div  class=\"tb_text_wrap\">\n        <p><strong>\u00a0<\/strong>Assoc. Prof. Dr. Murat G\u00dcLMEZ (\u00c7a\u011f University,Turkey)<\/p>\n<p>Assist. Prof. Dr. Emre Kadir \u00d6ZEKENC\u0130 (\u00c7a\u011f University,Turkey)<\/p>\n<p>Assist. Prof. Dr. Duygu G\u00dcR (\u00c7a\u011f University,Turkey)<\/p>\n<p>Assist. Prof. Dr. Ay\u015feg\u00fcl KURTULGAN (\u00c7a\u011f University,Turkey)<\/p>\n<p>Lect. Eda KAYHAN (\u00c7a\u011f University,Turkey)<\/p>\n<p>Res. Assist. Hazal \u00d6ZBEK (\u00c7a\u011f University,Turkey)<\/p>\n<p>Res. Assist. Gizem KO\u00c7AK (\u00c7a\u011f University,Turkey)<\/p>\n<p>Res. Assist. Ersin \u0130NAL (\u00c7a\u011f University,Turkey)<\/p>\n<p>Res. Assist. \u00d6zge \u00c7ET\u0130NER (\u00c7a\u011f University,Turkey)<\/p>\n<p>Res. Assist. \u0130lke TA\u015eDEM\u0130R (\u00c7a\u011f University,Turkey)<\/p>\n<p>Res. Assist. G\u00fclay G\u00dcLER (\u00c7a\u011f University,Turkey)<\/p>\n<p>Res. Assist. Toprak KARAKU\u015e (\u00c7a\u011f University,Turkey)<\/p>\n<p>Res. Assist. K\u00fcbra TOP\u00c7UO\u011eLU ONAT (\u00c7a\u011f University,Turkey)<\/p>    <\/div>\n<\/div>\n<!-- \/module text -->        <\/div>\n                    <\/div>\n                <\/div>\n                        <\/div>\n        <\/div>\n        <\/div>\n<!--\/themify_builder_content-->","protected":false},"excerpt":{"rendered":"<p>\u00a0Assoc. Prof. Dr. Murat G\u00dcLMEZ (\u00c7a\u011f University,Turkey) Assist. Prof. Dr. Emre Kadir \u00d6ZEKENC\u0130 (\u00c7a\u011f University,Turkey) Assist. Prof. Dr. Duygu G\u00dcR (\u00c7a\u011f University,Turkey) Assist. Prof. Dr. Ay\u015feg\u00fcl KURTULGAN (\u00c7a\u011f University,Turkey) Lect. Eda KAYHAN (\u00c7a\u011f University,Turkey) Res. Assist. Hazal \u00d6ZBEK (\u00c7a\u011f University,Turkey) Res. Assist. Gizem KO\u00c7AK (\u00c7a\u011f University,Turkey) Res. Assist. Ersin \u0130NAL (\u00c7a\u011f University,Turkey) Res. Assist. \u00d6zge [&hellip;]<\/p>\n","protected":false},"author":1,"featured_media":0,"parent":0,"menu_order":0,"comment_status":"closed","ping_status":"closed","template":"","meta":{"footnotes":""},"class_list":["post-842","page","type-page","status-publish","hentry"],"builder_content":"Conference Team\n<p><strong>\u00a0<\/strong>Assoc. Prof. Dr. Murat G\u00dcLMEZ (\u00c7a\u011f University,Turkey)<\/p> <p>Assist. Prof. Dr. Emre Kadir \u00d6ZEKENC\u0130 (\u00c7a\u011f University,Turkey)<\/p> <p>Assist. Prof. Dr. Duygu G\u00dcR (\u00c7a\u011f University,Turkey)<\/p> <p>Assist. Prof. Dr. Ay\u015feg\u00fcl KURTULGAN (\u00c7a\u011f University,Turkey)<\/p> <p>Lect. Eda KAYHAN (\u00c7a\u011f University,Turkey)<\/p> <p>Res. Assist. Hazal \u00d6ZBEK (\u00c7a\u011f University,Turkey)<\/p> <p>Res. Assist. Gizem KO\u00c7AK (\u00c7a\u011f University,Turkey)<\/p> <p>Res. Assist. Ersin \u0130NAL (\u00c7a\u011f University,Turkey)<\/p> <p>Res. Assist. \u00d6zge \u00c7ET\u0130NER (\u00c7a\u011f University,Turkey)<\/p> <p>Res. Assist. \u0130lke TA\u015eDEM\u0130R (\u00c7a\u011f University,Turkey)<\/p> <p>Res. Assist. G\u00fclay G\u00dcLER (\u00c7a\u011f University,Turkey)<\/p> <p>Res. Assist. Toprak KARAKU\u015e (\u00c7a\u011f University,Turkey)<\/p> <p>Res. Assist. K\u00fcbra TOP\u00c7UO\u011eLU ONAT (\u00c7a\u011f University,Turkey)<\/p>","_links":{"self":[{"href":"https:\/\/conference.cag.edu.tr\/sfais2024\/en\/wp-json\/wp\/v2\/pages\/842","targetHints":{"allow":["GET"]}}],"collection":[{"href":"https:\/\/conference.cag.edu.tr\/sfais2024\/en\/wp-json\/wp\/v2\/pages"}],"about":[{"href":"https:\/\/conference.cag.edu.tr\/sfais2024\/en\/wp-json\/wp\/v2\/types\/page"}],"author":[{"embeddable":true,"href":"https:\/\/conference.cag.edu.tr\/sfais2024\/en\/wp-json\/wp\/v2\/users\/1"}],"replies":[{"embeddable":true,"href":"https:\/\/conference.cag.edu.tr\/sfais2024\/en\/wp-json\/wp\/v2\/comments?post=842"}],"version-history":[{"count":4,"href":"https:\/\/conference.cag.edu.tr\/sfais2024\/en\/wp-json\/wp\/v2\/pages\/842\/revisions"}],"predecessor-version":[{"id":1161,"href":"https:\/\/conference.cag.edu.tr\/sfais2024\/en\/wp-json\/wp\/v2\/pages\/842\/revisions\/1161"}],"wp:attachment":[{"href":"https:\/\/conference.cag.edu.tr\/sfais2024\/en\/wp-json\/wp\/v2\/media?parent=842"}],"curies":[{"name":"wp","href":"https:\/\/api.w.org\/{rel}","templated":true}]}}