{"id":852,"date":"2024-01-30T13:22:40","date_gmt":"2024-01-30T10:22:40","guid":{"rendered":"https:\/\/conference.cag.edu.tr\/sfais2024\/en\/?page_id=852"},"modified":"2024-02-05T16:02:50","modified_gmt":"2024-02-05T13:02:50","slug":"venue","status":"publish","type":"page","link":"https:\/\/conference.cag.edu.tr\/sfais2024\/en\/venue\/","title":{"rendered":"VENUE"},"content":{"rendered":"<div><iframe loading=\"lazy\" allowfullscreen=\"\" frameborder=\"0\" height=\"500\" src=\"https:\/\/www.google.com\/maps\/embed?pb=!1m14!1m8!1m3!1d25499.432958052545!2d35.076988!3d36.975689!3m2!1i1024!2i768!4f13.1!3m3!1m2!1s0x0%3A0xeae20470d03e0a02!2zw4dhxJ8gw5xuaXZlcnNpdGVzaQ!5e0!3m2!1str!2sus!4v1500104478316\" style=\"border:0\" width=\"100%\"><\/iframe><\/div>\n\n<div class=\"table-responsive\">\n<table class=\"table table-bordered table-hover\">\n\t<tbody>\n\t\t<tr>\n\t\t\t<td><strong>Adress<\/strong><\/td>\n\t\t\t<td><i class=\"fa fa-map-marker\"><\/i><\/td>\n\t\t\t<td>\n\t\t\t<p>\u00c7a\u011f \u00dcniversitesi Ya\u015far Baybo\u011fan Kamp\u00fcs\u00fc Adana-Mersin Karayolu \u00fczeri 33800 Yenice\/MERS\u0130N<\/p>\n\t\t\t<\/td>\n\t\t<\/tr>\n\t\t<tr>\n\t\t\t<td><strong>Phone<\/strong><\/td>\n\t\t\t<td><i class=\"fa fa-phone\"><\/i><\/td>\n\t\t\t<td>\n\t\t\t<p>+90 324 651 48 00<\/p>\n\t\t\t<\/td>\n\t\t<\/tr>\n\t\t<tr>\n\t\t\t<td><strong>Fax<\/strong><\/td>\n\t\t\t<td><i class=\"fa fa-fax\"><\/i><\/td>\n\t\t\t<td>\n\t\t\t<p>+90 324 651 48 11<\/p>\n\t\t\t<\/td>\n\t\t<\/tr>\n\t\t<tr>\n\t\t\t<td><strong>Email<\/strong><\/td>\n\t\t\t<td><i class=\"fa fa-envelope\"><\/i><\/td>\n\t\t\t<td>\n\t\t\t<p>cag@cag.edu.tr<\/p>\n\t\t\t<\/td>\n\t\t<\/tr>\n\t<\/tbody>\n<\/table>\n<\/div>\n\n<!--themify_builder_content-->\n<div id=\"themify_builder_content-852\" data-postid=\"852\" class=\"themify_builder_content themify_builder_content-852 themify_builder tf_clear\">\n    <\/div>\n<!--\/themify_builder_content-->","protected":false},"excerpt":{"rendered":"<p>Adress \u00c7a\u011f \u00dcniversitesi Ya\u015far Baybo\u011fan Kamp\u00fcs\u00fc Adana-Mersin Karayolu \u00fczeri 33800 Yenice\/MERS\u0130N Phone +90 324 651 48 00 Fax +90 324 651 48 11 Email cag@cag.edu.tr<\/p>\n","protected":false},"author":1,"featured_media":0,"parent":0,"menu_order":0,"comment_status":"closed","ping_status":"closed","template":"","meta":{"footnotes":""},"class_list":["post-852","page","type-page","status-publish","hentry"],"builder_content":"","_links":{"self":[{"href":"https:\/\/conference.cag.edu.tr\/sfais2024\/en\/wp-json\/wp\/v2\/pages\/852","targetHints":{"allow":["GET"]}}],"collection":[{"href":"https:\/\/conference.cag.edu.tr\/sfais2024\/en\/wp-json\/wp\/v2\/pages"}],"about":[{"href":"https:\/\/conference.cag.edu.tr\/sfais2024\/en\/wp-json\/wp\/v2\/types\/page"}],"author":[{"embeddable":true,"href":"https:\/\/conference.cag.edu.tr\/sfais2024\/en\/wp-json\/wp\/v2\/users\/1"}],"replies":[{"embeddable":true,"href":"https:\/\/conference.cag.edu.tr\/sfais2024\/en\/wp-json\/wp\/v2\/comments?post=852"}],"version-history":[{"count":19,"href":"https:\/\/conference.cag.edu.tr\/sfais2024\/en\/wp-json\/wp\/v2\/pages\/852\/revisions"}],"predecessor-version":[{"id":1103,"href":"https:\/\/conference.cag.edu.tr\/sfais2024\/en\/wp-json\/wp\/v2\/pages\/852\/revisions\/1103"}],"wp:attachment":[{"href":"https:\/\/conference.cag.edu.tr\/sfais2024\/en\/wp-json\/wp\/v2\/media?parent=852"}],"curies":[{"name":"wp","href":"https:\/\/api.w.org\/{rel}","templated":true}]}}