{"id":797,"date":"2024-01-30T12:36:59","date_gmt":"2024-01-30T09:36:59","guid":{"rendered":"https:\/\/conference.cag.edu.tr\/sfais2024\/?page_id=797"},"modified":"2024-02-01T11:39:50","modified_gmt":"2024-02-01T08:39:50","slug":"topics","status":"publish","type":"page","link":"https:\/\/conference.cag.edu.tr\/sfais2024\/topics\/","title":{"rendered":"Konferans Konular\u0131"},"content":{"rendered":"<!--themify_builder_content-->\n<div id=\"themify_builder_content-797\" data-postid=\"797\" class=\"themify_builder_content themify_builder_content-797 themify_builder tf_clear\">\n                    <div  data-lazy=\"1\" class=\"module_row themify_builder_row tb_w5cq583 tb_first tf_w\">\n                        <div class=\"row_inner col_align_top tb_col_count_1 tf_box tf_rel\">\n                        <div  data-lazy=\"1\" class=\"module_column tb-column col-full tb_fzq3583 first\">\n                            <div  data-lazy=\"1\" class=\"module_subrow themify_builder_sub_row tf_w col_align_top tb_col_count_1 tb_vg6c584\">\n                <div  data-lazy=\"1\" class=\"module_column sub_column col-full tb_zkxb585 first\">\n                    <!-- module plain text -->\n<div  class=\"module module-plain-text tb_5i0n585 \" data-lazy=\"1\">\n        <div class=\"tb_text_wrap\">\n    Konferans Konular\u0131    <\/div>\n<\/div>\n<!-- \/module plain text -->        <\/div>\n                    <\/div>\n                <div  data-lazy=\"1\" class=\"module_subrow themify_builder_sub_row tf_w col_align_top tb_col_count_1 tb_90c8586\">\n                <div  data-lazy=\"1\" class=\"module_column sub_column col-full tb_69vj586 first\">\n                    <!-- module text -->\n<div  class=\"module module-text tb_oxud586   \" data-lazy=\"1\">\n        <div  class=\"tb_text_wrap\">\n        <ul>\n<li>\u0130klim De\u011fi\u015fikli\u011fi ve K\u00fcresel Is\u0131nma<\/li>\n<li>Enerji ve \u00c7evre<\/li>\n<li>\u00c7evre Kirlili\u011fi<\/li>\n<li>Sosyal Sorumluluk<\/li>\n<li>Yenilenebilir Enerji<\/li>\n<li>Ye\u015fil Ekonomi<\/li>\n<li>Teknoloji ve S\u00fcrd\u00fcr\u00fclebilirlik<\/li>\n<li>K\u00fcreselle\u015fme ve Kentle\u015fme<\/li>\n<li>S\u00fcrd\u00fcr\u00fclebilir Kalk\u0131nma<\/li>\n<li>Uluslararas\u0131 \u00c7evre Sorunlar\u0131<\/li>\n<li>G\u00fcvenlik<\/li>\n<li>Uluslararas\u0131 Politika ve S\u00fcrd\u00fcr\u00fclebilirlik K\u00fcresel \u00c7evresel De\u011fi\u015fim<\/li>\n<li>K\u00fcresel \u00c7evre Politikalar\u0131<\/li>\n<li>S\u00fcrd\u00fcr\u00fclebilirlik E\u011fitimi<\/li>\n<li>Su Okuryazarl\u0131\u011f\u0131<\/li>\n<li>\u0130lgili disiplinlere ili\u015fkin di\u011fer konular.<\/li>\n<\/ul>    <\/div>\n<\/div>\n<!-- \/module text -->        <\/div>\n                    <\/div>\n                <\/div>\n                        <\/div>\n        <\/div>\n        <\/div>\n<!--\/themify_builder_content-->","protected":false},"excerpt":{"rendered":"<p>Konferans Konular\u0131 \u0130klim De\u011fi\u015fikli\u011fi ve K\u00fcresel Is\u0131nma Enerji ve \u00c7evre \u00c7evre Kirlili\u011fi Sosyal Sorumluluk Yenilenebilir Enerji Ye\u015fil Ekonomi Teknoloji ve S\u00fcrd\u00fcr\u00fclebilirlik K\u00fcreselle\u015fme ve Kentle\u015fme S\u00fcrd\u00fcr\u00fclebilir Kalk\u0131nma Uluslararas\u0131 \u00c7evre Sorunlar\u0131 G\u00fcvenlik Uluslararas\u0131 Politika ve S\u00fcrd\u00fcr\u00fclebilirlik K\u00fcresel \u00c7evresel De\u011fi\u015fim K\u00fcresel \u00c7evre Politikalar\u0131 S\u00fcrd\u00fcr\u00fclebilirlik E\u011fitimi Su Okuryazarl\u0131\u011f\u0131 \u0130lgili disiplinlere ili\u015fkin di\u011fer konular.<\/p>\n","protected":false},"author":1,"featured_media":0,"parent":0,"menu_order":0,"comment_status":"closed","ping_status":"closed","template":"","meta":{"footnotes":""},"class_list":["post-797","page","type-page","status-publish","hentry"],"builder_content":"Konferans Konular\u0131\n<ul> <li>\u0130klim De\u011fi\u015fikli\u011fi ve K\u00fcresel Is\u0131nma<\/li> <li>Enerji ve \u00c7evre<\/li> <li>\u00c7evre Kirlili\u011fi<\/li> <li>Sosyal Sorumluluk<\/li> <li>Yenilenebilir Enerji<\/li> <li>Ye\u015fil Ekonomi<\/li> <li>Teknoloji ve S\u00fcrd\u00fcr\u00fclebilirlik<\/li> <li>K\u00fcreselle\u015fme ve Kentle\u015fme<\/li> <li>S\u00fcrd\u00fcr\u00fclebilir Kalk\u0131nma<\/li> <li>Uluslararas\u0131 \u00c7evre Sorunlar\u0131<\/li> <li>G\u00fcvenlik<\/li> <li>Uluslararas\u0131 Politika ve S\u00fcrd\u00fcr\u00fclebilirlik K\u00fcresel \u00c7evresel De\u011fi\u015fim<\/li> <li>K\u00fcresel \u00c7evre Politikalar\u0131<\/li> <li>S\u00fcrd\u00fcr\u00fclebilirlik E\u011fitimi<\/li> <li>Su Okuryazarl\u0131\u011f\u0131<\/li> <li>\u0130lgili disiplinlere ili\u015fkin di\u011fer konular.<\/li> <\/ul>","_links":{"self":[{"href":"https:\/\/conference.cag.edu.tr\/sfais2024\/wp-json\/wp\/v2\/pages\/797","targetHints":{"allow":["GET"]}}],"collection":[{"href":"https:\/\/conference.cag.edu.tr\/sfais2024\/wp-json\/wp\/v2\/pages"}],"about":[{"href":"https:\/\/conference.cag.edu.tr\/sfais2024\/wp-json\/wp\/v2\/types\/page"}],"author":[{"embeddable":true,"href":"https:\/\/conference.cag.edu.tr\/sfais2024\/wp-json\/wp\/v2\/users\/1"}],"replies":[{"embeddable":true,"href":"https:\/\/conference.cag.edu.tr\/sfais2024\/wp-json\/wp\/v2\/comments?post=797"}],"version-history":[{"count":8,"href":"https:\/\/conference.cag.edu.tr\/sfais2024\/wp-json\/wp\/v2\/pages\/797\/revisions"}],"predecessor-version":[{"id":1058,"href":"https:\/\/conference.cag.edu.tr\/sfais2024\/wp-json\/wp\/v2\/pages\/797\/revisions\/1058"}],"wp:attachment":[{"href":"https:\/\/conference.cag.edu.tr\/sfais2024\/wp-json\/wp\/v2\/media?parent=797"}],"curies":[{"name":"wp","href":"https:\/\/api.w.org\/{rel}","templated":true}]}}