{"id":805,"date":"2024-01-30T12:37:41","date_gmt":"2024-01-30T09:37:41","guid":{"rendered":"https:\/\/conference.cag.edu.tr\/sfais2024\/?page_id=805"},"modified":"2024-02-06T12:42:35","modified_gmt":"2024-02-06T09:42:35","slug":"contact","status":"publish","type":"page","link":"https:\/\/conference.cag.edu.tr\/sfais2024\/contact\/","title":{"rendered":"\u0130leti\u015fim"},"content":{"rendered":"<!--themify_builder_content-->\n<div id=\"themify_builder_content-805\" data-postid=\"805\" class=\"themify_builder_content themify_builder_content-805 themify_builder tf_clear\">\n                    <div  data-lazy=\"1\" class=\"module_row themify_builder_row tb_ulp8382 tb_first tf_w\">\n                        <div class=\"row_inner col_align_top tb_col_count_1 tf_box tf_rel\">\n                        <div  data-lazy=\"1\" class=\"module_column tb-column col-full tb_yi7z382 first\">\n                            <div  data-lazy=\"1\" class=\"module_subrow themify_builder_sub_row tf_w col_align_top tb_col_count_1 tb_c5dy382\">\n                <div  data-lazy=\"1\" class=\"module_column sub_column col-full tb_h8lp383 first\">\n                    <!-- module plain text -->\n<div  class=\"module module-plain-text tb_r7op384 \" data-lazy=\"1\">\n        <div class=\"tb_text_wrap\">\n    \u0130leti\u015fim    <\/div>\n<\/div>\n<!-- \/module plain text -->        <\/div>\n                    <\/div>\n                <\/div>\n                        <\/div>\n        <\/div>\n                        <div  data-desktop-padding=\"1px\" data-css_id=\"ppuq833\" data-lazy=\"1\" class=\"module_row themify_builder_row fullwidth_row_container tb_ppuq833 tf_w\">\n                        <div class=\"row_inner col_align_middle tb_col_count_3 tf_box tf_rel\">\n                        <div  data-lazy=\"1\" class=\"module_column tb-column col3-1 tb_k8k5833 first\">\n                    <!-- module image -->\n<div  class=\"module module-image tb_cn1k833 image-center rounded drop-shadow bordered circle  tf_mw\" data-lazy=\"1\">\n        <div class=\"image-wrap tf_rel tf_mw\">\n            <img loading=\"lazy\" decoding=\"async\" src=\"http:\/\/conference.cag.edu.tr\/sfais2024\/wp-content\/uploads\/2024\/01\/mrt.png\" width=\"200\" height=\"200\" title=\"Do\u00e7. Dr. Murat G\u00dcLMEZ \" alt=\"(\u00c7a\u011f \u00dcniversitesi) \u0130ktisadi ve \u0130dari Bilimler Fak\u00fcltesi, Dekan Yard\u0131mc\u0131s\u0131.\n\n\nsfais2024@cag.edu.tr\">    \n        <\/div>\n    <!-- \/image-wrap -->\n    \n        <div class=\"image-content\">\n                    <h4 class=\"image-title\">\n                                    Do\u00e7. Dr. Murat G\u00dcLMEZ                             <\/h4>\n                        <div class=\"image-caption tb_text_wrap\">\n             (\u00c7a\u011f \u00dcniversitesi) \u0130ktisadi ve \u0130dari Bilimler Fak\u00fcltesi, Dekan Yard\u0131mc\u0131s\u0131.\n\n\nsfais2024@cag.edu.tr        <\/div>\n        <!-- \/image-caption -->\n            <\/div>\n    <!-- \/image-content -->\n        <\/div>\n<!-- \/module image -->        <\/div>\n                    <div  data-lazy=\"1\" class=\"module_column tb-column col3-1 tb_xebn833\">\n                    <!-- module image -->\n<div  class=\"module module-image tb_p4j0833 image-center rounded drop-shadow bordered circle  tf_mw\" data-lazy=\"1\">\n        <div class=\"image-wrap tf_rel tf_mw\">\n            <img loading=\"lazy\" decoding=\"async\" src=\"http:\/\/conference.cag.edu.tr\/sfais2024\/wp-content\/uploads\/2024\/01\/emre.jpg\" width=\"200\" height=\"200\" title=\"Dr. \u00d6\u011fr. \u00dcyesi Emre Kadir \u00d6ZEKENC\u0130 \" alt=\"(\u00c7a\u011f \u00dcniversitesi) Uluslararas\u0131 \u0130\u015fletme Y\u00f6netimi B\u00f6l\u00fcm\u00fc.\nsfais2024@cag.edu.tr\">    \n        <\/div>\n    <!-- \/image-wrap -->\n    \n        <div class=\"image-content\">\n                    <h3 class=\"image-title\">\n                                    Dr. \u00d6\u011fr. \u00dcyesi Emre Kadir \u00d6ZEKENC\u0130                             <\/h3>\n                        <div class=\"image-caption tb_text_wrap\">\n            (\u00c7a\u011f \u00dcniversitesi) Uluslararas\u0131 \u0130\u015fletme Y\u00f6netimi B\u00f6l\u00fcm\u00fc.\nsfais2024@cag.edu.tr        <\/div>\n        <!-- \/image-caption -->\n            <\/div>\n    <!-- \/image-content -->\n        <\/div>\n<!-- \/module image -->        <\/div>\n                    <div  data-lazy=\"1\" class=\"module_column tb-column col3-1 tb_gfvm833 last\">\n                    <!-- module image -->\n<div  class=\"module module-image tb_r2j5833 image-center rounded drop-shadow bordered circle  tf_mw\" data-lazy=\"1\">\n        <div class=\"image-wrap tf_rel tf_mw\">\n            <img loading=\"lazy\" decoding=\"async\" src=\"http:\/\/conference.cag.edu.tr\/sfais2024\/wp-content\/uploads\/2024\/01\/ozge-cetiner.jpg\" width=\"200\" height=\"200\" title=\"Ar\u015f. G\u00f6r. \u00d6zge \u00c7ET\u0130NER \" alt=\"(\u00c7a\u011f \u00dcniversitesi) Uluslararas\u0131 \u0130li\u015fkiler B\u00f6l\u00fcm\u00fc \n\nsfais2024@cag.edu.tr\">    \n        <\/div>\n    <!-- \/image-wrap -->\n    \n        <div class=\"image-content\">\n                    <h3 class=\"image-title\">\n                                    Ar\u015f. G\u00f6r. \u00d6zge \u00c7ET\u0130NER                             <\/h3>\n                        <div class=\"image-caption tb_text_wrap\">\n            (\u00c7a\u011f \u00dcniversitesi) Uluslararas\u0131 \u0130li\u015fkiler B\u00f6l\u00fcm\u00fc \n\nsfais2024@cag.edu.tr        <\/div>\n        <!-- \/image-caption -->\n            <\/div>\n    <!-- \/image-content -->\n        <\/div>\n<!-- \/module image -->        <\/div>\n                        <\/div>\n        <\/div>\n        <\/div>\n<!--\/themify_builder_content-->","protected":false},"excerpt":{"rendered":"","protected":false},"author":1,"featured_media":0,"parent":0,"menu_order":0,"comment_status":"closed","ping_status":"closed","template":"","meta":{"footnotes":""},"class_list":["post-805","page","type-page","status-publish","hentry"],"builder_content":"\u0130leti\u015fim\n<img src=\"http:\/\/conference.cag.edu.tr\/sfais2024\/wp-content\/uploads\/2024\/01\/mrt.png\" width=\"200\" height=\"200\" title=\"Do\u00e7. Dr. Murat G\u00dcLMEZ \" alt=\"(\u00c7a\u011f \u00dcniversitesi) \u0130ktisadi ve \u0130dari Bilimler Fak\u00fcltesi, Dekan Yard\u0131mc\u0131s\u0131.\nsfais2024@cag.edu.tr\"> <h4> Do\u00e7. Dr. Murat G\u00dcLMEZ <\/h4> (\u00c7a\u011f \u00dcniversitesi) \u0130ktisadi ve \u0130dari Bilimler Fak\u00fcltesi, Dekan Yard\u0131mc\u0131s\u0131.\nsfais2024@cag.edu.tr\n<img src=\"http:\/\/conference.cag.edu.tr\/sfais2024\/wp-content\/uploads\/2024\/01\/emre.jpg\" width=\"200\" height=\"200\" title=\"Dr. \u00d6\u011fr. \u00dcyesi Emre Kadir \u00d6ZEKENC\u0130 \" alt=\"(\u00c7a\u011f \u00dcniversitesi) Uluslararas\u0131 \u0130\u015fletme Y\u00f6netimi B\u00f6l\u00fcm\u00fc. sfais2024@cag.edu.tr\"> <h3> Dr. \u00d6\u011fr. \u00dcyesi Emre Kadir \u00d6ZEKENC\u0130 <\/h3> (\u00c7a\u011f \u00dcniversitesi) Uluslararas\u0131 \u0130\u015fletme Y\u00f6netimi B\u00f6l\u00fcm\u00fc. sfais2024@cag.edu.tr\n<img src=\"http:\/\/conference.cag.edu.tr\/sfais2024\/wp-content\/uploads\/2024\/01\/ozge-cetiner.jpg\" width=\"200\" height=\"200\" title=\"Ar\u015f. G\u00f6r. \u00d6zge \u00c7ET\u0130NER \" alt=\"(\u00c7a\u011f \u00dcniversitesi) Uluslararas\u0131 \u0130li\u015fkiler B\u00f6l\u00fcm\u00fc \nsfais2024@cag.edu.tr\"> <h3> Ar\u015f. G\u00f6r. \u00d6zge \u00c7ET\u0130NER <\/h3> (\u00c7a\u011f \u00dcniversitesi) Uluslararas\u0131 \u0130li\u015fkiler B\u00f6l\u00fcm\u00fc \nsfais2024@cag.edu.tr","_links":{"self":[{"href":"https:\/\/conference.cag.edu.tr\/sfais2024\/wp-json\/wp\/v2\/pages\/805","targetHints":{"allow":["GET"]}}],"collection":[{"href":"https:\/\/conference.cag.edu.tr\/sfais2024\/wp-json\/wp\/v2\/pages"}],"about":[{"href":"https:\/\/conference.cag.edu.tr\/sfais2024\/wp-json\/wp\/v2\/types\/page"}],"author":[{"embeddable":true,"href":"https:\/\/conference.cag.edu.tr\/sfais2024\/wp-json\/wp\/v2\/users\/1"}],"replies":[{"embeddable":true,"href":"https:\/\/conference.cag.edu.tr\/sfais2024\/wp-json\/wp\/v2\/comments?post=805"}],"version-history":[{"count":37,"href":"https:\/\/conference.cag.edu.tr\/sfais2024\/wp-json\/wp\/v2\/pages\/805\/revisions"}],"predecessor-version":[{"id":1108,"href":"https:\/\/conference.cag.edu.tr\/sfais2024\/wp-json\/wp\/v2\/pages\/805\/revisions\/1108"}],"wp:attachment":[{"href":"https:\/\/conference.cag.edu.tr\/sfais2024\/wp-json\/wp\/v2\/media?parent=805"}],"curies":[{"name":"wp","href":"https:\/\/api.w.org\/{rel}","templated":true}]}}