{"id":836,"date":"2024-01-30T13:21:31","date_gmt":"2024-01-30T10:21:31","guid":{"rendered":"https:\/\/conference.cag.edu.tr\/sfais2024\/?page_id=836"},"modified":"2024-02-19T22:35:47","modified_gmt":"2024-02-19T19:35:47","slug":"scientific-committee","status":"publish","type":"page","link":"https:\/\/conference.cag.edu.tr\/sfais2024\/scientific-committee\/","title":{"rendered":"Bilimsel Komite"},"content":{"rendered":"<!--themify_builder_content-->\n<div id=\"themify_builder_content-836\" data-postid=\"836\" class=\"themify_builder_content themify_builder_content-836 themify_builder tf_clear\">\n                    <div  data-lazy=\"1\" class=\"module_row themify_builder_row tb_lgbi591 tb_first tf_w\">\n                        <div class=\"row_inner col_align_top tb_col_count_1 tf_box tf_rel\">\n                        <div  data-lazy=\"1\" class=\"module_column tb-column col-full tb_0ko0592 first\">\n                            <div  data-lazy=\"1\" class=\"module_subrow themify_builder_sub_row tf_w col_align_top tb_col_count_1 tb_itha592\">\n                <div  data-lazy=\"1\" class=\"module_column sub_column col-full tb_o8xy592 first\">\n                    <!-- module plain text -->\n<div  class=\"module module-plain-text tb_cgr4592 \" data-lazy=\"1\">\n        <div class=\"tb_text_wrap\">\n    B\u0130L\u0130MSEL KURUL BA\u015eKANI\n    <\/div>\n<\/div>\n<!-- \/module plain text -->        <\/div>\n                    <\/div>\n        <!-- module image -->\n<div  class=\"module module-image tb_2is6592 image-center rounded drop-shadow bordered circle  tf_mw\" data-lazy=\"1\">\n        <div class=\"image-wrap tf_rel tf_mw\">\n            <img loading=\"lazy\" decoding=\"async\" src=\"http:\/\/conference.cag.edu.tr\/sfais2024\/wp-content\/uploads\/2024\/01\/profdr-mustafa-basaran-Ds52.jpg\" width=\"200\" height=\"200\" title=\"Prof. Dr. Mustafa BA\u015eARAN\" alt=\"(\u0130ktisadi ve \u0130dari Bilimler Fak\u00fcltesi Dekan\u0131)\">    \n        <\/div>\n    <!-- \/image-wrap -->\n    \n        <div class=\"image-content\">\n                    <h3 class=\"image-title\">\n                                    Prof. Dr. Mustafa BA\u015eARAN                            <\/h3>\n                        <div class=\"image-caption tb_text_wrap\">\n            (\u0130ktisadi ve \u0130dari Bilimler Fak\u00fcltesi Dekan\u0131)        <\/div>\n        <!-- \/image-caption -->\n            <\/div>\n    <!-- \/image-content -->\n        <\/div>\n<!-- \/module image -->        <div  data-lazy=\"1\" class=\"module_subrow themify_builder_sub_row tf_w col_align_top tb_col_count_1 tb_6ogj593\">\n                <div  data-lazy=\"1\" class=\"module_column sub_column col-full tb_zw9l593 first\">\n                    <!-- module plain text -->\n<div  class=\"module module-plain-text tb_mf25441 \" data-lazy=\"1\">\n        <div class=\"tb_text_wrap\">\n    Bilimsel Komite    <\/div>\n<\/div>\n<!-- \/module plain text -->        <\/div>\n                    <\/div>\n                <div  data-lazy=\"1\" class=\"module_subrow themify_builder_sub_row tf_w col_align_top tb_col_count_1 tb_fszo593\">\n                <div  data-lazy=\"1\" class=\"module_column sub_column col-full tb_pl2z593 first\">\n                    <!-- module text -->\n<div  class=\"module module-text tb_ha6f441   \" data-lazy=\"1\">\n        <div  class=\"tb_text_wrap\">\n        <p>Prof. Dr. Byra REDDY (Alliance University, Hindistan)<\/p>\n<p>Prof. Dr. Jerzy DUDA (AGH University, Polonya)<\/p>\n<p>Prof. Dr. Sven K\u00d6HLER (DHBW Stuttgart, Almanya)<\/p>\n<p>Prof. Dr. Mahir F\u0130SUNO\u011eLU (\u00c7a\u011f University,T\u00fcrkiye)<\/p>\n<p>Prof. Dr. Jose Ramon Porto PEDRIDO (University of Santiago de Compostela, \u0130spanya )<\/p>\n<p>Prof. Dr. Eda YA\u015eA \u00d6ZELT\u00dcRKAY (\u00c7a\u011f University,T\u00fcrkiye)<\/p>\n<p>Prof. Dr. Sezen BOZY\u0130\u011e\u0130T (Tarsus University, T\u00fcrkiye)<\/p>\n<p>Prof. Dr. Michaell FREY (Kehl University, Almanya)<\/p>\n<p>Prof. Dr. Androniki KAVOURA (University of West Attica, Yunanistan)<\/p>\n<p>Prof. Dr. John O\u2019Connor (Technological University Dublin, \u0130rlanda)<\/p>\n<p>Do\u00e7. Dr. Murat G\u00dcLMEZ (\u00c7a\u011f University,T\u00fcrkiye)<\/p>\n<p>Do\u00e7. Dr. Ivaylo Peev (Technical University of Sofia, Bulgaristan)<\/p>\n<p>Do\u00e7. Dr. Sevgi BALKAN (\u00c7a\u011f University,T\u00fcrkiye)<\/p>\n<p>Do\u00e7. Dr. Marie VANS (Colorado State University, ABD)<\/p>\n<p>Dr. \u00d6\u011fr. \u00dcyesi Ahmet G\u00d6KHAN S\u00d6KMEN (\u00c7a\u011f University,T\u00fcrkiye)<\/p>\n<p>Dr. \u00d6\u011fr. \u00dcyesi Duygu G\u00dcR (\u00c7a\u011f University,T\u00fcrkiye)<\/p>\n<p>Dr. \u00d6\u011fr. \u00dcyesi\u00a0 Lia POP (Technical University of Cluj-Napoca, Romanya)<\/p>\n<p>Dr. Lucia MORALES (Technological University Dublin, \u0130rlanda)<\/p>\n<p>Dr. Daniel RAJMIL (Universitat Oberta de Catalunya, \u0130spanya )<\/p>\n<p>Dr. Valerie Hill (School of Information,\u00a0 ABD)<\/p>\n<p>Dr. Rebecca Adams (VWEC Koordinat\u00f6r\u00fc)<\/p>    <\/div>\n<\/div>\n<!-- \/module text -->        <\/div>\n                    <\/div>\n                <\/div>\n                        <\/div>\n        <\/div>\n                        <div  data-lazy=\"1\" class=\"module_row themify_builder_row tb_izn7440 tf_w\">\n                        <div class=\"row_inner col_align_top tb_col_count_1 tf_box tf_rel\">\n                        <div  data-lazy=\"1\" class=\"module_column tb-column col-full tb_k3b0440 first\">\n                            <div  data-lazy=\"1\" class=\"module_subrow themify_builder_sub_row tf_w col_align_top tb_col_count_1 tb_ce5n440\">\n                <div  data-lazy=\"1\" class=\"module_column sub_column col-full tb_lnu7441 first\">\n                            <\/div>\n                    <\/div>\n                <div  data-lazy=\"1\" class=\"module_subrow themify_builder_sub_row tf_w col_align_top tb_col_count_1 tb_u7so441\">\n                <div  data-lazy=\"1\" class=\"module_column sub_column col-full tb_4550441 first\">\n                            <\/div>\n                    <\/div>\n                <\/div>\n                        <\/div>\n        <\/div>\n        <\/div>\n<!--\/themify_builder_content-->","protected":false},"excerpt":{"rendered":"<p>Prof. Dr. Byra REDDY (Alliance University, Hindistan) Prof. Dr. Jerzy DUDA (AGH University, Polonya) Prof. Dr. Sven K\u00d6HLER (DHBW Stuttgart, Almanya) Prof. Dr. Mahir F\u0130SUNO\u011eLU (\u00c7a\u011f University,T\u00fcrkiye) Prof. Dr. Jose Ramon Porto PEDRIDO (University of Santiago de Compostela, \u0130spanya ) Prof. Dr. Eda YA\u015eA \u00d6ZELT\u00dcRKAY (\u00c7a\u011f University,T\u00fcrkiye) Prof. Dr. Sezen BOZY\u0130\u011e\u0130T (Tarsus University, T\u00fcrkiye) Prof. [&hellip;]<\/p>\n","protected":false},"author":1,"featured_media":0,"parent":0,"menu_order":0,"comment_status":"closed","ping_status":"closed","template":"","meta":{"footnotes":""},"class_list":["post-836","page","type-page","status-publish","hentry"],"builder_content":"B\u0130L\u0130MSEL KURUL BA\u015eKANI\n<img src=\"http:\/\/conference.cag.edu.tr\/sfais2024\/wp-content\/uploads\/2024\/01\/profdr-mustafa-basaran-Ds52.jpg\" width=\"200\" height=\"200\" title=\"Prof. Dr. Mustafa BA\u015eARAN\" alt=\"(\u0130ktisadi ve \u0130dari Bilimler Fak\u00fcltesi Dekan\u0131)\"> <h3> Prof. Dr. Mustafa BA\u015eARAN <\/h3> (\u0130ktisadi ve \u0130dari Bilimler Fak\u00fcltesi Dekan\u0131)\nBilimsel Komite\n<p>Prof. Dr. Byra REDDY (Alliance University, Hindistan)<\/p> <p>Prof. Dr. Jerzy DUDA (AGH University, Polonya)<\/p> <p>Prof. Dr. Sven K\u00d6HLER (DHBW Stuttgart, Almanya)<\/p> <p>Prof. Dr. Mahir F\u0130SUNO\u011eLU (\u00c7a\u011f University,T\u00fcrkiye)<\/p> <p>Prof. Dr. Jose Ramon Porto PEDRIDO (University of Santiago de Compostela, \u0130spanya )<\/p> <p>Prof. Dr. Eda YA\u015eA \u00d6ZELT\u00dcRKAY (\u00c7a\u011f University,T\u00fcrkiye)<\/p> <p>Prof. Dr. Sezen BOZY\u0130\u011e\u0130T (Tarsus University, T\u00fcrkiye)<\/p> <p>Prof. Dr. Michaell FREY (Kehl University, Almanya)<\/p> <p>Prof. Dr. Androniki KAVOURA (University of West Attica, Yunanistan)<\/p> <p>Prof. Dr. John O\u2019Connor (Technological University Dublin, \u0130rlanda)<\/p> <p>Do\u00e7. Dr. Murat G\u00dcLMEZ (\u00c7a\u011f University,T\u00fcrkiye)<\/p> <p>Do\u00e7. Dr. Ivaylo Peev (Technical University of Sofia, Bulgaristan)<\/p> <p>Do\u00e7. Dr. Sevgi BALKAN (\u00c7a\u011f University,T\u00fcrkiye)<\/p> <p>Do\u00e7. Dr. Marie VANS (Colorado State University, ABD)<\/p> <p>Dr. \u00d6\u011fr. \u00dcyesi Ahmet G\u00d6KHAN S\u00d6KMEN (\u00c7a\u011f University,T\u00fcrkiye)<\/p> <p>Dr. \u00d6\u011fr. \u00dcyesi Duygu G\u00dcR (\u00c7a\u011f University,T\u00fcrkiye)<\/p> <p>Dr. \u00d6\u011fr. \u00dcyesi\u00a0 Lia POP (Technical University of Cluj-Napoca, Romanya)<\/p> <p>Dr. Lucia MORALES (Technological University Dublin, \u0130rlanda)<\/p> <p>Dr. Daniel RAJMIL (Universitat Oberta de Catalunya, \u0130spanya )<\/p> <p>Dr. Valerie Hill (School of Information,\u00a0 ABD)<\/p> <p>Dr. Rebecca Adams (VWEC Koordinat\u00f6r\u00fc)<\/p>","_links":{"self":[{"href":"https:\/\/conference.cag.edu.tr\/sfais2024\/wp-json\/wp\/v2\/pages\/836","targetHints":{"allow":["GET"]}}],"collection":[{"href":"https:\/\/conference.cag.edu.tr\/sfais2024\/wp-json\/wp\/v2\/pages"}],"about":[{"href":"https:\/\/conference.cag.edu.tr\/sfais2024\/wp-json\/wp\/v2\/types\/page"}],"author":[{"embeddable":true,"href":"https:\/\/conference.cag.edu.tr\/sfais2024\/wp-json\/wp\/v2\/users\/1"}],"replies":[{"embeddable":true,"href":"https:\/\/conference.cag.edu.tr\/sfais2024\/wp-json\/wp\/v2\/comments?post=836"}],"version-history":[{"count":36,"href":"https:\/\/conference.cag.edu.tr\/sfais2024\/wp-json\/wp\/v2\/pages\/836\/revisions"}],"predecessor-version":[{"id":1219,"href":"https:\/\/conference.cag.edu.tr\/sfais2024\/wp-json\/wp\/v2\/pages\/836\/revisions\/1219"}],"wp:attachment":[{"href":"https:\/\/conference.cag.edu.tr\/sfais2024\/wp-json\/wp\/v2\/media?parent=836"}],"curies":[{"name":"wp","href":"https:\/\/api.w.org\/{rel}","templated":true}]}}