{"id":842,"date":"2024-01-30T13:21:58","date_gmt":"2024-01-30T10:21:58","guid":{"rendered":"https:\/\/conference.cag.edu.tr\/sfais2024\/?page_id=842"},"modified":"2024-02-08T10:54:53","modified_gmt":"2024-02-08T07:54:53","slug":"conference-team","status":"publish","type":"page","link":"https:\/\/conference.cag.edu.tr\/sfais2024\/conference-team\/","title":{"rendered":"Konferans Ekibi"},"content":{"rendered":"<!--themify_builder_content-->\n<div id=\"themify_builder_content-842\" data-postid=\"842\" class=\"themify_builder_content themify_builder_content-842 themify_builder tf_clear\">\n                    <div  data-lazy=\"1\" class=\"module_row themify_builder_row tb_s5kh141 tb_first tf_w\">\n                        <div class=\"row_inner col_align_top tb_col_count_1 tf_box tf_rel\">\n                        <div  data-lazy=\"1\" class=\"module_column tb-column col-full tb_1484141 first\">\n                            <div  data-lazy=\"1\" class=\"module_subrow themify_builder_sub_row tf_w col_align_top tb_col_count_1 tb_jy70142\">\n                <div  data-lazy=\"1\" class=\"module_column sub_column col-full tb_9boe142 first\">\n                    <!-- module plain text -->\n<div  class=\"module module-plain-text tb_00t6142 \" data-lazy=\"1\">\n        <div class=\"tb_text_wrap\">\n    Konferans Ekibi    <\/div>\n<\/div>\n<!-- \/module plain text -->        <\/div>\n                    <\/div>\n                <div  data-lazy=\"1\" class=\"module_subrow themify_builder_sub_row tf_w col_align_top tb_col_count_1 tb_v8tv143\">\n                <div  data-lazy=\"1\" class=\"module_column sub_column col-full tb_xqwe143 first\">\n                    <!-- module text -->\n<div  class=\"module module-text tb_bh08143   \" data-lazy=\"1\">\n        <div  class=\"tb_text_wrap\">\n        <p>Do\u00e7. Dr. Murat G\u00dcLMEZ (\u00c7a\u011f \u00dcniversitesi,T\u00fcrkiye)<\/p>\n<p>Dr. \u00d6\u011fr. \u00dcyesi Emre Kadir \u00d6ZEKENC\u0130 (\u00c7a\u011f \u00dcniversitesi,T\u00fcrkiye)<\/p>\n<p>Dr. \u00d6\u011fr. \u00dcyesi Duygu G\u00dcR (\u00c7a\u011f \u00dcniversitesi,T\u00fcrkiye)<\/p>\n<p>Dr. \u00d6\u011fr. \u00dcyesi Ay\u015feg\u00fcl KURTULGAN (\u00c7a\u011f \u00dcniversitesi,T\u00fcrkiye)<\/p>\n<p>\u00d6\u011fr. G\u00f6r. Eda KAYHAN (\u00c7a\u011f \u00dcniversitesi,T\u00fcrkiye)<\/p>\n<p>Ar\u015f. G\u00f6r. Hazal \u00d6ZBEK (\u00c7a\u011f \u00dcniversitesi,T\u00fcrkiye)<\/p>\n<p>Ar\u015f. G\u00f6r. Gizem KO\u00c7AK (\u00c7a\u011f \u00dcniversitesi,T\u00fcrkiye)<\/p>\n<p>Ar\u015f. G\u00f6r. Ersin \u0130NAL (\u00c7a\u011f \u00dcniversitesi,T\u00fcrkiye)<\/p>\n<p>Ar\u015f. G\u00f6r. \u00d6zge \u00c7ET\u0130NER (\u00c7a\u011f \u00dcniversitesi,T\u00fcrkiye)<\/p>\n<p>Ar\u015f. G\u00f6r. \u0130lke TA\u015eDEM\u0130R (\u00c7a\u011f \u00dcniversitesi,T\u00fcrkiye)<\/p>\n<p>Ar\u015f. G\u00f6r. G\u00fclay G\u00dcLER (\u00c7a\u011f \u00dcniversitesi,T\u00fcrkiye)<\/p>\n<p>Ar\u015f. G\u00f6r. Toprak KARAKU\u015e (\u00c7a\u011f \u00dcniversitesi,T\u00fcrkiye)<\/p>\n<p>Ar\u015f. G\u00f6r. K\u00fcbra TOP\u00c7UO\u011eLU ONAT (\u00c7a\u011f \u00dcniversitesi,T\u00fcrkiye)<\/p>    <\/div>\n<\/div>\n<!-- \/module text -->        <\/div>\n                    <\/div>\n                <\/div>\n                        <\/div>\n        <\/div>\n        <\/div>\n<!--\/themify_builder_content-->","protected":false},"excerpt":{"rendered":"<p>Do\u00e7. Dr. Murat G\u00dcLMEZ (\u00c7a\u011f \u00dcniversitesi,T\u00fcrkiye) Dr. \u00d6\u011fr. \u00dcyesi Emre Kadir \u00d6ZEKENC\u0130 (\u00c7a\u011f \u00dcniversitesi,T\u00fcrkiye) Dr. \u00d6\u011fr. \u00dcyesi Duygu G\u00dcR (\u00c7a\u011f \u00dcniversitesi,T\u00fcrkiye) Dr. \u00d6\u011fr. \u00dcyesi Ay\u015feg\u00fcl KURTULGAN (\u00c7a\u011f \u00dcniversitesi,T\u00fcrkiye) \u00d6\u011fr. G\u00f6r. Eda KAYHAN (\u00c7a\u011f \u00dcniversitesi,T\u00fcrkiye) Ar\u015f. G\u00f6r. Hazal \u00d6ZBEK (\u00c7a\u011f \u00dcniversitesi,T\u00fcrkiye) Ar\u015f. G\u00f6r. Gizem KO\u00c7AK (\u00c7a\u011f \u00dcniversitesi,T\u00fcrkiye) Ar\u015f. G\u00f6r. Ersin \u0130NAL (\u00c7a\u011f \u00dcniversitesi,T\u00fcrkiye) Ar\u015f. G\u00f6r. \u00d6zge [&hellip;]<\/p>\n","protected":false},"author":1,"featured_media":0,"parent":0,"menu_order":0,"comment_status":"closed","ping_status":"closed","template":"","meta":{"footnotes":""},"class_list":["post-842","page","type-page","status-publish","hentry"],"builder_content":"Konferans Ekibi\n<p>Do\u00e7. Dr. Murat G\u00dcLMEZ (\u00c7a\u011f \u00dcniversitesi,T\u00fcrkiye)<\/p> <p>Dr. \u00d6\u011fr. \u00dcyesi Emre Kadir \u00d6ZEKENC\u0130 (\u00c7a\u011f \u00dcniversitesi,T\u00fcrkiye)<\/p> <p>Dr. \u00d6\u011fr. \u00dcyesi Duygu G\u00dcR (\u00c7a\u011f \u00dcniversitesi,T\u00fcrkiye)<\/p> <p>Dr. \u00d6\u011fr. \u00dcyesi Ay\u015feg\u00fcl KURTULGAN (\u00c7a\u011f \u00dcniversitesi,T\u00fcrkiye)<\/p> <p>\u00d6\u011fr. G\u00f6r. Eda KAYHAN (\u00c7a\u011f \u00dcniversitesi,T\u00fcrkiye)<\/p> <p>Ar\u015f. G\u00f6r. Hazal \u00d6ZBEK (\u00c7a\u011f \u00dcniversitesi,T\u00fcrkiye)<\/p> <p>Ar\u015f. G\u00f6r. Gizem KO\u00c7AK (\u00c7a\u011f \u00dcniversitesi,T\u00fcrkiye)<\/p> <p>Ar\u015f. G\u00f6r. Ersin \u0130NAL (\u00c7a\u011f \u00dcniversitesi,T\u00fcrkiye)<\/p> <p>Ar\u015f. G\u00f6r. \u00d6zge \u00c7ET\u0130NER (\u00c7a\u011f \u00dcniversitesi,T\u00fcrkiye)<\/p> <p>Ar\u015f. G\u00f6r. \u0130lke TA\u015eDEM\u0130R (\u00c7a\u011f \u00dcniversitesi,T\u00fcrkiye)<\/p> <p>Ar\u015f. G\u00f6r. G\u00fclay G\u00dcLER (\u00c7a\u011f \u00dcniversitesi,T\u00fcrkiye)<\/p> <p>Ar\u015f. G\u00f6r. Toprak KARAKU\u015e (\u00c7a\u011f \u00dcniversitesi,T\u00fcrkiye)<\/p> <p>Ar\u015f. G\u00f6r. K\u00fcbra TOP\u00c7UO\u011eLU ONAT (\u00c7a\u011f \u00dcniversitesi,T\u00fcrkiye)<\/p>","_links":{"self":[{"href":"https:\/\/conference.cag.edu.tr\/sfais2024\/wp-json\/wp\/v2\/pages\/842","targetHints":{"allow":["GET"]}}],"collection":[{"href":"https:\/\/conference.cag.edu.tr\/sfais2024\/wp-json\/wp\/v2\/pages"}],"about":[{"href":"https:\/\/conference.cag.edu.tr\/sfais2024\/wp-json\/wp\/v2\/types\/page"}],"author":[{"embeddable":true,"href":"https:\/\/conference.cag.edu.tr\/sfais2024\/wp-json\/wp\/v2\/users\/1"}],"replies":[{"embeddable":true,"href":"https:\/\/conference.cag.edu.tr\/sfais2024\/wp-json\/wp\/v2\/comments?post=842"}],"version-history":[{"count":8,"href":"https:\/\/conference.cag.edu.tr\/sfais2024\/wp-json\/wp\/v2\/pages\/842\/revisions"}],"predecessor-version":[{"id":1201,"href":"https:\/\/conference.cag.edu.tr\/sfais2024\/wp-json\/wp\/v2\/pages\/842\/revisions\/1201"}],"wp:attachment":[{"href":"https:\/\/conference.cag.edu.tr\/sfais2024\/wp-json\/wp\/v2\/media?parent=842"}],"curies":[{"name":"wp","href":"https:\/\/api.w.org\/{rel}","templated":true}]}}