{"id":852,"date":"2024-01-30T13:22:40","date_gmt":"2024-01-30T10:22:40","guid":{"rendered":"https:\/\/conference.cag.edu.tr\/sfais2024\/?page_id=852"},"modified":"2024-02-05T16:02:16","modified_gmt":"2024-02-05T13:02:16","slug":"venue","status":"publish","type":"page","link":"https:\/\/conference.cag.edu.tr\/sfais2024\/venue\/","title":{"rendered":"Konferans Yeri"},"content":{"rendered":"<!--themify_builder_content-->\n<div id=\"themify_builder_content-852\" data-postid=\"852\" class=\"themify_builder_content themify_builder_content-852 themify_builder tf_clear\">\n                    <div  data-lazy=\"1\" class=\"module_row themify_builder_row tb_cngy977 tb_first tf_w\">\n                        <div class=\"row_inner col_align_top tb_col_count_1 tf_box tf_rel\">\n                        <div  data-lazy=\"1\" class=\"module_column tb-column col-full tb_x0xv977 first\">\n                            <div  data-lazy=\"1\" class=\"module_subrow themify_builder_sub_row tf_w col_align_top tb_col_count_1 tb_numc977\">\n                <div  data-lazy=\"1\" class=\"module_column sub_column col-full tb_wzz6978 first\">\n                    <!-- module plain text -->\n<div  class=\"module module-plain-text tb_4rfl978 \" data-lazy=\"1\">\n        <div class=\"tb_text_wrap\">\n    Konferans Yeri    <\/div>\n<\/div>\n<!-- \/module plain text -->        <\/div>\n                    <\/div>\n                <div  data-lazy=\"1\" class=\"module_subrow themify_builder_sub_row tf_w col_align_top tb_col_count_1 tb_y3mc978\">\n                <div  data-lazy=\"1\" class=\"module_column sub_column col-full tb_awks979 first\">\n                    <!-- module text -->\n<div  class=\"module module-text tb_7zpy979   \" data-lazy=\"1\">\n        <div  class=\"tb_text_wrap\">\n        <h1>\u0130leti\u015fim<\/h1>\n<div><iframe loading=\"lazy\" allowfullscreen=\"\" frameborder=\"0\" height=\"500\" src=\"https:\/\/www.google.com\/maps\/embed?pb=!1m14!1m8!1m3!1d25499.432958052545!2d35.076988!3d36.975689!3m2!1i1024!2i768!4f13.1!3m3!1m2!1s0x0%3A0xeae20470d03e0a02!2zw4dhxJ8gw5xuaXZlcnNpdGVzaQ!5e0!3m2!1str!2sus!4v1500104478316\" style=\"border:0\" width=\"100%\"><\/iframe><\/div>\n<div class=\"table-responsive\">\n<table class=\"table table-bordered table-hover\">\n<tbody>\n<tr>\n<td><strong>Adres<\/strong><\/td>\n<td><i class=\"fa fa-map-marker\"><\/i><\/td>\n<td>\n<p>\u00c7a\u011f \u00dcniversitesi Ya\u015far Baybo\u011fan Kamp\u00fcs\u00fc Adana-Mersin Karayolu \u00fczeri 33800 Yenice\/MERS\u0130N<\/p>\n<\/td>\n<\/tr>\n<tr>\n<td><strong>Telefon<\/strong><\/td>\n<td><i class=\"fa fa-phone\"><\/i><\/td>\n<td>\n<p>+90 324 651 48 00<\/p>\n<\/td>\n<\/tr>\n<tr>\n<td><strong>Fax<\/strong><\/td>\n<td><i class=\"fa fa-fax\"><\/i><\/td>\n<td>\n<p>+90 324 651 48 11<\/p>\n<\/td>\n<\/tr>\n<tr>\n<td><strong>Email<\/strong><\/td>\n<td><i class=\"fa fa-envelope\"><\/i><\/td>\n<td>\n<p>cag@cag.edu.tr<\/p>\n<\/td>\n<\/tr>\n<\/tbody>\n<\/table>\n<\/div>\n    <\/div>\n<\/div>\n<!-- \/module text -->        <\/div>\n                    <\/div>\n                <\/div>\n                        <\/div>\n        <\/div>\n        <\/div>\n<!--\/themify_builder_content-->","protected":false},"excerpt":{"rendered":"<p>Konferans Yeri \u0130leti\u015fim Adres \u00c7a\u011f \u00dcniversitesi Ya\u015far Baybo\u011fan Kamp\u00fcs\u00fc Adana-Mersin Karayolu \u00fczeri 33800 Yenice\/MERS\u0130N Telefon +90 324 651 48 00 Fax +90 324 651 48 11 Email cag@cag.edu.tr<\/p>\n","protected":false},"author":1,"featured_media":0,"parent":0,"menu_order":0,"comment_status":"closed","ping_status":"closed","template":"","meta":{"footnotes":""},"class_list":["post-852","page","type-page","status-publish","hentry"],"builder_content":"Konferans Yeri\n<h1>\u0130leti\u015fim<\/h1> <iframe loading=\"lazy\" allowfullscreen=\"\" frameborder=\"0\" height=\"500\" src=\"https:\/\/www.google.com\/maps\/embed?pb=!1m14!1m8!1m3!1d25499.432958052545!2d35.076988!3d36.975689!3m2!1i1024!2i768!4f13.1!3m3!1m2!1s0x0%3A0xeae20470d03e0a02!2zw4dhxJ8gw5xuaXZlcnNpdGVzaQ!5e0!3m2!1str!2sus!4v1500104478316\" style=\"border:0\" width=\"100%\"><\/iframe>\n<table> <tbody> <tr> <td><strong>Adres<\/strong><\/td> <td><\/td> <td> <p>\u00c7a\u011f \u00dcniversitesi Ya\u015far Baybo\u011fan Kamp\u00fcs\u00fc Adana-Mersin Karayolu \u00fczeri 33800 Yenice\/MERS\u0130N<\/p> <\/td> <\/tr> <tr> <td><strong>Telefon<\/strong><\/td> <td><\/td> <td> <p>+90 324 651 48 00<\/p> <\/td> <\/tr> <tr> <td><strong>Fax<\/strong><\/td> <td><\/td> <td> <p>+90 324 651 48 11<\/p> <\/td> <\/tr> <tr> <td><strong>Email<\/strong><\/td> <td><\/td> <td> <p>cag@cag.edu.tr<\/p> <\/td> <\/tr> <\/tbody> <\/table>","_links":{"self":[{"href":"https:\/\/conference.cag.edu.tr\/sfais2024\/wp-json\/wp\/v2\/pages\/852","targetHints":{"allow":["GET"]}}],"collection":[{"href":"https:\/\/conference.cag.edu.tr\/sfais2024\/wp-json\/wp\/v2\/pages"}],"about":[{"href":"https:\/\/conference.cag.edu.tr\/sfais2024\/wp-json\/wp\/v2\/types\/page"}],"author":[{"embeddable":true,"href":"https:\/\/conference.cag.edu.tr\/sfais2024\/wp-json\/wp\/v2\/users\/1"}],"replies":[{"embeddable":true,"href":"https:\/\/conference.cag.edu.tr\/sfais2024\/wp-json\/wp\/v2\/comments?post=852"}],"version-history":[{"count":9,"href":"https:\/\/conference.cag.edu.tr\/sfais2024\/wp-json\/wp\/v2\/pages\/852\/revisions"}],"predecessor-version":[{"id":1094,"href":"https:\/\/conference.cag.edu.tr\/sfais2024\/wp-json\/wp\/v2\/pages\/852\/revisions\/1094"}],"wp:attachment":[{"href":"https:\/\/conference.cag.edu.tr\/sfais2024\/wp-json\/wp\/v2\/media?parent=852"}],"curies":[{"name":"wp","href":"https:\/\/api.w.org\/{rel}","templated":true}]}}