{"id":856,"date":"2024-01-30T13:22:56","date_gmt":"2024-01-30T10:22:56","guid":{"rendered":"https:\/\/conference.cag.edu.tr\/sfais2024\/?page_id=856"},"modified":"2024-03-13T14:29:56","modified_gmt":"2024-03-13T11:29:56","slug":"accommodation","status":"publish","type":"page","link":"https:\/\/conference.cag.edu.tr\/sfais2024\/accommodation\/","title":{"rendered":"Konaklama"},"content":{"rendered":"<!--themify_builder_content-->\n<div id=\"themify_builder_content-856\" data-postid=\"856\" class=\"themify_builder_content themify_builder_content-856 themify_builder tf_clear\">\n                    <div  data-lazy=\"1\" class=\"module_row themify_builder_row tb_ka9d238 tb_first tf_w\">\n                        <div class=\"row_inner col_align_top tb_col_count_1 tf_box tf_rel\">\n                        <div  data-lazy=\"1\" class=\"module_column tb-column col-full tb_583t238 first\">\n                            <div  data-lazy=\"1\" class=\"module_subrow themify_builder_sub_row tf_w col_align_top tb_col_count_1 tb_5ez1238\">\n                <div  data-lazy=\"1\" class=\"module_column sub_column col-full tb_023a238 first\">\n                    <!-- module plain text -->\n<div  class=\"module module-plain-text tb_kr12238 \" data-lazy=\"1\">\n        <div class=\"tb_text_wrap\">\n    Konaklama    <\/div>\n<\/div>\n<!-- \/module plain text -->        <\/div>\n                    <\/div>\n                <div  data-lazy=\"1\" class=\"module_subrow themify_builder_sub_row tf_w col_align_top tb_col_count_1 tb_z50h238\">\n                <div  data-lazy=\"1\" class=\"module_column sub_column col-full tb_wxm3239 first\">\n                    <!-- module text -->\n<div  class=\"module module-text tb_rrp3239   \" data-lazy=\"1\">\n        <div  class=\"tb_text_wrap\">\n        <p><span class=\"HwtZe\" lang=\"tr\"><span class=\"jCAhz ChMk0b\"><span class=\"ryNqvb\">Kat\u0131l\u0131mc\u0131lar i\u00e7in olas\u0131 konaklama se\u00e7enekleri:\u00a0 <\/span><\/span><\/span><\/p>\n<p><a href=\"http:\/\/conference.cag.edu.tr\/sfais2024\/wp-content\/uploads\/2024\/03\/SFAIS-2024-Accom.-Options.pdf\">L\u00fctfen t\u0131klay\u0131n\u0131z: SFAIS 2024 Accom. Options<\/a><\/p>\n<p><span class=\"HwtZe\" lang=\"tr\"><span class=\"jCAhz ChMk0b\"><span class=\"ryNqvb\">\u00a0<\/span><\/span><\/span><\/p>\n<div class=\"OvtS8d\">\u00a0<\/div>    <\/div>\n<\/div>\n<!-- \/module text -->        <\/div>\n                    <\/div>\n                <\/div>\n                        <\/div>\n        <\/div>\n        <\/div>\n<!--\/themify_builder_content-->","protected":false},"excerpt":{"rendered":"<p>Konaklama Kat\u0131l\u0131mc\u0131lar i\u00e7in olas\u0131 konaklama se\u00e7enekleri:\u00a0 L\u00fctfen t\u0131klay\u0131n\u0131z: SFAIS 2024 Accom. Options \u00a0 \u00a0<\/p>\n","protected":false},"author":1,"featured_media":0,"parent":0,"menu_order":0,"comment_status":"closed","ping_status":"closed","template":"","meta":{"footnotes":""},"class_list":["post-856","page","type-page","status-publish","hentry"],"builder_content":"Konaklama\n<p>Kat\u0131l\u0131mc\u0131lar i\u00e7in olas\u0131 konaklama se\u00e7enekleri:\u00a0 <\/p> <p><a href=\"http:\/\/conference.cag.edu.tr\/sfais2024\/wp-content\/uploads\/2024\/03\/SFAIS-2024-Accom.-Options.pdf\">L\u00fctfen t\u0131klay\u0131n\u0131z: SFAIS 2024 Accom. Options<\/a><\/p> <p>\u00a0<\/p> \u00a0","_links":{"self":[{"href":"https:\/\/conference.cag.edu.tr\/sfais2024\/wp-json\/wp\/v2\/pages\/856","targetHints":{"allow":["GET"]}}],"collection":[{"href":"https:\/\/conference.cag.edu.tr\/sfais2024\/wp-json\/wp\/v2\/pages"}],"about":[{"href":"https:\/\/conference.cag.edu.tr\/sfais2024\/wp-json\/wp\/v2\/types\/page"}],"author":[{"embeddable":true,"href":"https:\/\/conference.cag.edu.tr\/sfais2024\/wp-json\/wp\/v2\/users\/1"}],"replies":[{"embeddable":true,"href":"https:\/\/conference.cag.edu.tr\/sfais2024\/wp-json\/wp\/v2\/comments?post=856"}],"version-history":[{"count":15,"href":"https:\/\/conference.cag.edu.tr\/sfais2024\/wp-json\/wp\/v2\/pages\/856\/revisions"}],"predecessor-version":[{"id":1229,"href":"https:\/\/conference.cag.edu.tr\/sfais2024\/wp-json\/wp\/v2\/pages\/856\/revisions\/1229"}],"wp:attachment":[{"href":"https:\/\/conference.cag.edu.tr\/sfais2024\/wp-json\/wp\/v2\/media?parent=856"}],"curies":[{"name":"wp","href":"https:\/\/api.w.org\/{rel}","templated":true}]}}