{"id":858,"date":"2024-01-30T13:23:13","date_gmt":"2024-01-30T10:23:13","guid":{"rendered":"https:\/\/conference.cag.edu.tr\/sfais2024\/?page_id=858"},"modified":"2024-03-13T14:35:05","modified_gmt":"2024-03-13T11:35:05","slug":"publication-opportunities","status":"publish","type":"page","link":"https:\/\/conference.cag.edu.tr\/sfais2024\/publication-opportunities\/","title":{"rendered":"Yay\u0131n Olanaklar\u0131"},"content":{"rendered":"<!--themify_builder_content-->\n<div id=\"themify_builder_content-858\" data-postid=\"858\" class=\"themify_builder_content themify_builder_content-858 themify_builder tf_clear\">\n                    <div  data-lazy=\"1\" class=\"module_row themify_builder_row tb_b096268 tb_first tf_w\">\n                        <div class=\"row_inner col_align_top tb_col_count_1 tf_box tf_rel\">\n                        <div  data-lazy=\"1\" class=\"module_column tb-column col-full tb_20vd269 first\">\n                            <div  data-lazy=\"1\" class=\"module_subrow themify_builder_sub_row tf_w col_align_top tb_col_count_1 tb_vmgd269\">\n                <div  data-lazy=\"1\" class=\"module_column sub_column col-full tb_jcx0269 first\">\n                    <!-- module plain text -->\n<div  class=\"module module-plain-text tb_g4hy270 \" data-lazy=\"1\">\n        <div class=\"tb_text_wrap\">\n    Yay\u0131n Olanaklar\u0131    <\/div>\n<\/div>\n<!-- \/module plain text -->        <\/div>\n                    <\/div>\n                <div  data-lazy=\"1\" class=\"module_subrow themify_builder_sub_row tf_w col_align_top tb_col_count_1 tb_jrd2270\">\n                <div  data-lazy=\"1\" class=\"module_column sub_column col-full tb_ocp5270 first\">\n                    <!-- module text -->\n<div  class=\"module module-text tb_l4ua270   \" data-lazy=\"1\">\n        <div  class=\"tb_text_wrap\">\n        <h1>Yay\u0131n Olanaklar\u0131:<\/h1>\n<ol>\n<li>Higher Education Compass &#8211; \u00d6zel Say\u0131 (Detayl\u0131 bilgi i\u00e7in https:\/\/unitar.org\/sustainable-development-goals\/peace\/our-portfolio\/research-and-publications)\u00a0\u00a0<\/li>\n<\/ol>\n<p>Di\u011fer yay\u0131n olanaklar\u0131 daha sonra ilan edilecektir&#8230;<\/p>    <\/div>\n<\/div>\n<!-- \/module text -->        <\/div>\n                    <\/div>\n                <\/div>\n                        <\/div>\n        <\/div>\n        <\/div>\n<!--\/themify_builder_content-->","protected":false},"excerpt":{"rendered":"<p>Yay\u0131n Olanaklar\u0131 Yay\u0131n Olanaklar\u0131: Higher Education Compass &#8211; \u00d6zel Say\u0131 (Detayl\u0131 bilgi i\u00e7in https:\/\/unitar.org\/sustainable-development-goals\/peace\/our-portfolio\/research-and-publications)\u00a0\u00a0 Di\u011fer yay\u0131n olanaklar\u0131 daha sonra ilan edilecektir&#8230;<\/p>\n","protected":false},"author":1,"featured_media":0,"parent":0,"menu_order":0,"comment_status":"closed","ping_status":"closed","template":"","meta":{"footnotes":""},"class_list":["post-858","page","type-page","status-publish","hentry"],"builder_content":"Yay\u0131n Olanaklar\u0131\n<h1>Yay\u0131n Olanaklar\u0131:<\/h1> <ol> <li>Higher Education Compass - \u00d6zel Say\u0131 (Detayl\u0131 bilgi i\u00e7in https:\/\/unitar.org\/sustainable-development-goals\/peace\/our-portfolio\/research-and-publications)\u00a0\u00a0<\/li> <\/ol> <p>Di\u011fer yay\u0131n olanaklar\u0131 daha sonra ilan edilecektir...<\/p>","_links":{"self":[{"href":"https:\/\/conference.cag.edu.tr\/sfais2024\/wp-json\/wp\/v2\/pages\/858","targetHints":{"allow":["GET"]}}],"collection":[{"href":"https:\/\/conference.cag.edu.tr\/sfais2024\/wp-json\/wp\/v2\/pages"}],"about":[{"href":"https:\/\/conference.cag.edu.tr\/sfais2024\/wp-json\/wp\/v2\/types\/page"}],"author":[{"embeddable":true,"href":"https:\/\/conference.cag.edu.tr\/sfais2024\/wp-json\/wp\/v2\/users\/1"}],"replies":[{"embeddable":true,"href":"https:\/\/conference.cag.edu.tr\/sfais2024\/wp-json\/wp\/v2\/comments?post=858"}],"version-history":[{"count":16,"href":"https:\/\/conference.cag.edu.tr\/sfais2024\/wp-json\/wp\/v2\/pages\/858\/revisions"}],"predecessor-version":[{"id":1234,"href":"https:\/\/conference.cag.edu.tr\/sfais2024\/wp-json\/wp\/v2\/pages\/858\/revisions\/1234"}],"wp:attachment":[{"href":"https:\/\/conference.cag.edu.tr\/sfais2024\/wp-json\/wp\/v2\/media?parent=858"}],"curies":[{"name":"wp","href":"https:\/\/api.w.org\/{rel}","templated":true}]}}