{"id":869,"date":"2024-01-30T13:23:40","date_gmt":"2024-01-30T10:23:40","guid":{"rendered":"https:\/\/conference.cag.edu.tr\/sfais2024\/?page_id=869"},"modified":"2024-02-05T16:01:47","modified_gmt":"2024-02-05T13:01:47","slug":"transportation","status":"publish","type":"page","link":"https:\/\/conference.cag.edu.tr\/sfais2024\/transportation\/","title":{"rendered":"Ula\u015f\u0131m"},"content":{"rendered":"<h1>\u0130leti\u015fim<\/h1>\n\n<div><iframe loading=\"lazy\" allowfullscreen=\"\" frameborder=\"0\" height=\"500\" src=\"https:\/\/www.google.com\/maps\/embed?pb=!1m14!1m8!1m3!1d25499.432958052545!2d35.076988!3d36.975689!3m2!1i1024!2i768!4f13.1!3m3!1m2!1s0x0%3A0xeae20470d03e0a02!2zw4dhxJ8gw5xuaXZlcnNpdGVzaQ!5e0!3m2!1str!2sus!4v1500104478316\" style=\"border:0\" width=\"100%\"><\/iframe><\/div>\n\n<div class=\"table-responsive\">\n<table class=\"table table-bordered table-hover\">\n\t<tbody>\n\t\t<tr>\n\t\t\t<td><strong>Adres<\/strong><\/td>\n\t\t\t<td><i class=\"fa fa-map-marker\"><\/i><\/td>\n\t\t\t<td>\n\t\t\t<p>\u00c7a\u011f \u00dcniversitesi Ya\u015far Baybo\u011fan Kamp\u00fcs\u00fc Adana-Mersin Karayolu \u00fczeri 33800 Yenice\/MERS\u0130N<\/p>\n\t\t\t<\/td>\n\t\t<\/tr>\n\t\t<tr>\n\t\t\t<td><strong>Telefon<\/strong><\/td>\n\t\t\t<td><i class=\"fa fa-phone\"><\/i><\/td>\n\t\t\t<td>\n\t\t\t<p>+90 324 651 48 00<\/p>\n\t\t\t<\/td>\n\t\t<\/tr>\n\t\t<tr>\n\t\t\t<td><strong>Fax<\/strong><\/td>\n\t\t\t<td><i class=\"fa fa-fax\"><\/i><\/td>\n\t\t\t<td>\n\t\t\t<p>+90 324 651 48 11<\/p>\n\t\t\t<\/td>\n\t\t<\/tr>\n\t\t<tr>\n\t\t\t<td><strong>Email<\/strong><\/td>\n\t\t\t<td><i class=\"fa fa-envelope\"><\/i><\/td>\n\t\t\t<td>\n\t\t\t<p>cag@cag.edu.tr<\/p>\n\t\t\t<\/td>\n\t\t<\/tr>\n\t<\/tbody>\n<\/table>\n<\/div>\n\n\n\n<!--themify_builder_content-->\n<div id=\"themify_builder_content-869\" data-postid=\"869\" class=\"themify_builder_content themify_builder_content-869 themify_builder tf_clear\">\n                    <div  data-lazy=\"1\" class=\"module_row themify_builder_row tb_0x4b877 tb_first tf_w\">\n                        <div class=\"row_inner col_align_top tb_col_count_1 tf_box tf_rel\">\n                        <div  data-lazy=\"1\" class=\"module_column tb-column col-full tb_9l2k877 first\">\n                            <div  data-lazy=\"1\" class=\"module_subrow themify_builder_sub_row tf_w col_align_top tb_col_count_1 tb_3u6x878\">\n                <div  data-lazy=\"1\" class=\"module_column sub_column col-full tb_hqai878 first\">\n                            <\/div>\n                    <\/div>\n                <\/div>\n                        <\/div>\n        <\/div>\n        <\/div>\n<!--\/themify_builder_content-->","protected":false},"excerpt":{"rendered":"<p>\u0130leti\u015fim Adres \u00c7a\u011f \u00dcniversitesi Ya\u015far Baybo\u011fan Kamp\u00fcs\u00fc Adana-Mersin Karayolu \u00fczeri 33800 Yenice\/MERS\u0130N Telefon +90 324 651 48 00 Fax +90 324 651 48 11 Email cag@cag.edu.tr<\/p>\n","protected":false},"author":1,"featured_media":0,"parent":0,"menu_order":0,"comment_status":"closed","ping_status":"closed","template":"","meta":{"footnotes":""},"class_list":["post-869","page","type-page","status-publish","hentry"],"builder_content":"","_links":{"self":[{"href":"https:\/\/conference.cag.edu.tr\/sfais2024\/wp-json\/wp\/v2\/pages\/869","targetHints":{"allow":["GET"]}}],"collection":[{"href":"https:\/\/conference.cag.edu.tr\/sfais2024\/wp-json\/wp\/v2\/pages"}],"about":[{"href":"https:\/\/conference.cag.edu.tr\/sfais2024\/wp-json\/wp\/v2\/types\/page"}],"author":[{"embeddable":true,"href":"https:\/\/conference.cag.edu.tr\/sfais2024\/wp-json\/wp\/v2\/users\/1"}],"replies":[{"embeddable":true,"href":"https:\/\/conference.cag.edu.tr\/sfais2024\/wp-json\/wp\/v2\/comments?post=869"}],"version-history":[{"count":11,"href":"https:\/\/conference.cag.edu.tr\/sfais2024\/wp-json\/wp\/v2\/pages\/869\/revisions"}],"predecessor-version":[{"id":1083,"href":"https:\/\/conference.cag.edu.tr\/sfais2024\/wp-json\/wp\/v2\/pages\/869\/revisions\/1083"}],"wp:attachment":[{"href":"https:\/\/conference.cag.edu.tr\/sfais2024\/wp-json\/wp\/v2\/media?parent=869"}],"curies":[{"name":"wp","href":"https:\/\/api.w.org\/{rel}","templated":true}]}}