{"id":532,"date":"2019-12-12T15:58:36","date_gmt":"2019-12-12T12:58:36","guid":{"rendered":"http:\/\/conference.cag.edu.tr\/doguakdeniz\/?page_id=532"},"modified":"2025-02-10T16:41:41","modified_gmt":"2025-02-10T13:41:41","slug":"kayit-formu","status":"publish","type":"page","link":"https:\/\/conference.cag.edu.tr\/statecraft\/kayit-formu","title":{"rendered":"BA\u015eVURU FORMU"},"content":{"rendered":"\n<h4 class=\"has-text-align-center has-very-dark-gray-color has-text-color wp-block-heading\"><strong>\u00c7a\u011f \u00dcniversitesi &#8211; \u0130lhan Y\u00fccel Konferans Salonu<\/strong><\/h4>\n\n\n\n<p><\/p>\n\n\n\n<p><\/p>\n\n\n\n<p><\/p>\n\n\n\n<p><\/p>\n\n\n\n<p><\/p>\n\n\n\n<p class=\"has-text-align-center\"> [wpforms id=&#8221;591&#8243;] <\/p>\n","protected":false},"excerpt":{"rendered":"<p>\u00c7a\u011f \u00dcniversitesi &#8211; \u0130lhan Y\u00fccel Konferans Salonu [wpforms id=&#8221;591&#8243;]<\/p>\n","protected":false},"author":1,"featured_media":0,"parent":0,"menu_order":0,"comment_status":"closed","ping_status":"closed","template":"","meta":{"footnotes":""},"class_list":["post-532","page","type-page","status-publish","hentry"],"_links":{"self":[{"href":"https:\/\/conference.cag.edu.tr\/statecraft\/wp-json\/wp\/v2\/pages\/532","targetHints":{"allow":["GET"]}}],"collection":[{"href":"https:\/\/conference.cag.edu.tr\/statecraft\/wp-json\/wp\/v2\/pages"}],"about":[{"href":"https:\/\/conference.cag.edu.tr\/statecraft\/wp-json\/wp\/v2\/types\/page"}],"author":[{"embeddable":true,"href":"https:\/\/conference.cag.edu.tr\/statecraft\/wp-json\/wp\/v2\/users\/1"}],"replies":[{"embeddable":true,"href":"https:\/\/conference.cag.edu.tr\/statecraft\/wp-json\/wp\/v2\/comments?post=532"}],"version-history":[{"count":12,"href":"https:\/\/conference.cag.edu.tr\/statecraft\/wp-json\/wp\/v2\/pages\/532\/revisions"}],"predecessor-version":[{"id":1011,"href":"https:\/\/conference.cag.edu.tr\/statecraft\/wp-json\/wp\/v2\/pages\/532\/revisions\/1011"}],"wp:attachment":[{"href":"https:\/\/conference.cag.edu.tr\/statecraft\/wp-json\/wp\/v2\/media?parent=532"}],"curies":[{"name":"wp","href":"https:\/\/api.w.org\/{rel}","templated":true}]}}