{"id":1377,"date":"2026-01-26T20:57:52","date_gmt":"2026-01-26T17:57:52","guid":{"rendered":"https:\/\/conference.cag.edu.tr\/tubitak2237\/?page_id=1377"},"modified":"2026-01-30T22:53:06","modified_gmt":"2026-01-30T19:53:06","slug":"basvuru-sureci","status":"publish","type":"page","link":"https:\/\/conference.cag.edu.tr\/tubitak2237\/basvuru-sureci\/","title":{"rendered":"Ba\u015fvuru S\u00fcreci"},"content":{"rendered":"<!--themify_builder_content-->\n<div id=\"themify_builder_content-1377\" data-postid=\"1377\" class=\"themify_builder_content themify_builder_content-1377 themify_builder tf_clear\">\n                    <div  data-lazy=\"1\" class=\"module_row themify_builder_row tb_8tss802 tb_first tf_w\">\n                        <div class=\"row_inner col_align_top tb_col_count_1 tf_box tf_rel\">\n                        <div  data-lazy=\"1\" class=\"module_column tb-column col-full tb_ezza803 first\">\n                            <\/div>\n                        <\/div>\n        <\/div>\n                        <div  data-lazy=\"1\" class=\"module_row themify_builder_row tb_fapm966 tf_w\">\n                        <div class=\"row_inner col_align_middle tb_col_count_2 tf_box tf_rel\">\n                        <div  data-lazy=\"1\" class=\"module_column tb-column col4-2 tb_g1cb968 first\">\n                    <!-- module text -->\n<div  class=\"module module-text tb_yg56970   \" data-lazy=\"1\">\n        <div  class=\"tb_text_wrap\">\n        <p><b style=\"color: #d11010;\">Ba\u015fvuru Evraklar\u0131\u00a0<\/b><\/p>\n<ul>\n<li>\u00d6\u011frenci Belgesi\u00a0<\/li>\n<li>Transkript\u00a0<\/li>\n<li>Motivasyon Mektubu\u00a0<\/li>\n<li>\u0130ngilizce Seviyesine G\u00f6steren Dil Puan\u0131 Belgesi<\/li>\n<\/ul>    <\/div>\n<\/div>\n<!-- \/module text --><!-- module text -->\n<div  class=\"module module-text tb_ka3c343   \" data-lazy=\"1\">\n        <div  class=\"tb_text_wrap\">\n        <p><span style=\"font-weight: bold; color: #d11010;\">Ba\u015fvuru Adresi<\/span><\/p>\n<div>S\u00f6z konusu belgeler \u015fu mail adreslerine g\u00f6nderilecektir:<\/div>\n<ul>\n<li>sbalkan@cag.edu.tr<\/li>\n<li>ozgecetiner@cag.edu.tr<\/li>\n<\/ul>    <\/div>\n<\/div>\n<!-- \/module text -->        <\/div>\n                    <div  data-lazy=\"1\" class=\"module_column tb-column col4-2 tb_i6wt971 last\">\n                    <!-- module image -->\n<div  class=\"module module-image tb_cupw971 image-top   tf_mw\" data-lazy=\"1\">\n        <div class=\"image-wrap tf_rel tf_mw\">\n            <img loading=\"lazy\" decoding=\"async\" src=\"https:\/\/conference.cag.edu.tr\/tubitak2237\/wp-content\/uploads\/2026\/01\/JM-1080x718-1-1024x681-500x348.png\" width=\"500\" height=\"348\" class=\"wp-post-image wp-image-1388\" title=\"JM-1080x718\" alt=\"JM-1080x718\">    \n        <\/div>\n    <!-- \/image-wrap -->\n    \n        <\/div>\n<!-- \/module image -->        <\/div>\n                        <\/div>\n        <\/div>\n        <\/div>\n<!--\/themify_builder_content-->","protected":false},"excerpt":{"rendered":"<p>Ba\u015fvuru Evraklar\u0131\u00a0 \u00d6\u011frenci Belgesi\u00a0 Transkript\u00a0 Motivasyon Mektubu\u00a0 \u0130ngilizce Seviyesine G\u00f6steren Dil Puan\u0131 Belgesi Ba\u015fvuru Adresi S\u00f6z konusu belgeler \u015fu mail adreslerine g\u00f6nderilecektir: sbalkan@cag.edu.tr ozgecetiner@cag.edu.tr<\/p>\n","protected":false},"author":2,"featured_media":0,"parent":0,"menu_order":0,"comment_status":"closed","ping_status":"closed","template":"","meta":{"footnotes":""},"class_list":["post-1377","page","type-page","status-publish","hentry"],"builder_content":"<p><b style=\"color: #d11010;\">Ba\u015fvuru Evraklar\u0131\u00a0<\/b><\/p> <ul> <li>\u00d6\u011frenci Belgesi\u00a0<\/li> <li>Transkript\u00a0<\/li> <li>Motivasyon Mektubu\u00a0<\/li> <li>\u0130ngilizce Seviyesine G\u00f6steren Dil Puan\u0131 Belgesi<\/li> <\/ul>\n<p>Ba\u015fvuru Adresi<\/p> S\u00f6z konusu belgeler \u015fu mail adreslerine g\u00f6nderilecektir: <ul> <li>sbalkan@cag.edu.tr<\/li> <li>ozgecetiner@cag.edu.tr<\/li> <\/ul>\n<img src=\"https:\/\/conference.cag.edu.tr\/tubitak2237\/wp-content\/uploads\/2026\/01\/JM-1080x718-1-1024x681-500x348.png\" width=\"500\" height=\"348\" title=\"JM-1080x718\" alt=\"JM-1080x718\">","_links":{"self":[{"href":"https:\/\/conference.cag.edu.tr\/tubitak2237\/wp-json\/wp\/v2\/pages\/1377","targetHints":{"allow":["GET"]}}],"collection":[{"href":"https:\/\/conference.cag.edu.tr\/tubitak2237\/wp-json\/wp\/v2\/pages"}],"about":[{"href":"https:\/\/conference.cag.edu.tr\/tubitak2237\/wp-json\/wp\/v2\/types\/page"}],"author":[{"embeddable":true,"href":"https:\/\/conference.cag.edu.tr\/tubitak2237\/wp-json\/wp\/v2\/users\/2"}],"replies":[{"embeddable":true,"href":"https:\/\/conference.cag.edu.tr\/tubitak2237\/wp-json\/wp\/v2\/comments?post=1377"}],"version-history":[{"count":7,"href":"https:\/\/conference.cag.edu.tr\/tubitak2237\/wp-json\/wp\/v2\/pages\/1377\/revisions"}],"predecessor-version":[{"id":1422,"href":"https:\/\/conference.cag.edu.tr\/tubitak2237\/wp-json\/wp\/v2\/pages\/1377\/revisions\/1422"}],"wp:attachment":[{"href":"https:\/\/conference.cag.edu.tr\/tubitak2237\/wp-json\/wp\/v2\/media?parent=1377"}],"curies":[{"name":"wp","href":"https:\/\/api.w.org\/{rel}","templated":true}]}}