{"id":1433,"date":"2026-02-06T10:56:56","date_gmt":"2026-02-06T07:56:56","guid":{"rendered":"https:\/\/conference.cag.edu.tr\/tubitak2237\/?page_id=1433"},"modified":"2026-02-11T10:55:28","modified_gmt":"2026-02-11T07:55:28","slug":"bilim-kurulu","status":"publish","type":"page","link":"https:\/\/conference.cag.edu.tr\/tubitak2237\/bilim-kurulu\/","title":{"rendered":"Bilim Kurulu"},"content":{"rendered":"<!--themify_builder_content-->\n<div id=\"themify_builder_content-1433\" data-postid=\"1433\" class=\"themify_builder_content themify_builder_content-1433 themify_builder tf_clear\">\n                    <div  data-lazy=\"1\" class=\"module_row themify_builder_row tb_21oh998 tb_first tf_w\">\n                        <div class=\"row_inner col_align_top tb_col_count_1 tf_box tf_rel\">\n                        <div  data-lazy=\"1\" class=\"module_column tb-column col-full tb_ctv8998 first\">\n                    <!-- module plain text -->\n<div  class=\"module module-plain-text tb_zjrz642 \" data-lazy=\"1\">\n        <div class=\"tb_text_wrap\">\n    Bilim Kurulu    <\/div>\n<\/div>\n<!-- \/module plain text -->        <\/div>\n                        <\/div>\n        <\/div>\n                        <div  data-lazy=\"1\" class=\"module_row themify_builder_row tb_y0ud958 tf_w\">\n                        <div class=\"row_inner col_align_top tb_col_count_1 tf_box tf_rel\">\n                        <div  data-lazy=\"1\" class=\"module_column tb-column col-full tb_kkpb959 first\">\n                    <div  class=\"module themify_builder_slider_wrap tf_clearfix module-testimonial-slider tb_nvtb737  image-top  \" data-lazy=\"1\">\n    <h3 class=\"module-title\">Prof. Dr. Asl\u0131 Ilg\u0131t - \u00c7ukurova \u00dcniversitesi - Uluslararas\u0131 \u0130li\u015fkiler B\u00f6l\u00fcm\u00fc<\/h3>    <div class=\"themify_builder_slider tf_carousel tf_swiper-container tf_rel tf_overflow\" data-lazy=\"1\"        data-visible=\"1\"\n        data-tab-visible=\"1\"\n        data-mob-visible=\"1\"\n        data-scroll=\"1\"\n                        data-speed=\"normal\"\n        data-wrapvar=\"1\"\n        data-slider_nav=\"1\"\n        data-pager=\"1\"\n        data-effect=\"scroll\" \n        data-height=\"variable\"\n        data-css_url=\"https:\/\/conference.cag.edu.tr\/tubitak2237\/wp-content\/plugins\/themify-builder\/css\/modules\/sliders\/carousel,https:\/\/conference.cag.edu.tr\/tubitak2237\/wp-content\/plugins\/themify-builder\/css\/modules\/sliders\/testimonial-slider\"\n                    >\n        <div class=\"tf_swiper-wrapper tf_lazy tf_rel tf_w tf_h tf_textc\">\n                <\/div>\n    <\/div>\n<\/div>\n<div  class=\"module themify_builder_slider_wrap tf_clearfix module-testimonial-slider tb_deuc327  image-top  \" data-lazy=\"1\">\n    <h3 class=\"module-title\">Prof. Dr. Belgin Ak\u00e7ay- Ankara \u00dcniversitesi - Hukuk Fak\u00fcltesi<\/h3>    <div class=\"themify_builder_slider tf_carousel tf_swiper-container tf_rel tf_overflow\" data-lazy=\"1\"        data-visible=\"1\"\n        data-tab-visible=\"1\"\n        data-mob-visible=\"1\"\n        data-scroll=\"1\"\n                        data-speed=\"normal\"\n        data-wrapvar=\"1\"\n        data-slider_nav=\"1\"\n        data-pager=\"1\"\n        data-effect=\"scroll\" \n        data-height=\"variable\"\n        data-css_url=\"https:\/\/conference.cag.edu.tr\/tubitak2237\/wp-content\/plugins\/themify-builder\/css\/modules\/sliders\/carousel,https:\/\/conference.cag.edu.tr\/tubitak2237\/wp-content\/plugins\/themify-builder\/css\/modules\/sliders\/testimonial-slider\"\n                    >\n        <div class=\"tf_swiper-wrapper tf_lazy tf_rel tf_w tf_h tf_textc\">\n                <\/div>\n    <\/div>\n<\/div>\n<div  class=\"module themify_builder_slider_wrap tf_clearfix module-testimonial-slider tb_rlx3147  image-top  \" data-lazy=\"1\">\n    <h3 class=\"module-title\">Prof. Dr. Levent K\u0131rval - \u0130stanbul Teknik \u00dcniversitesi - Denizcilik Fak\u00fcltesi<\/h3>    <div class=\"themify_builder_slider tf_carousel tf_swiper-container tf_rel tf_overflow\" data-lazy=\"1\"        data-visible=\"1\"\n        data-tab-visible=\"1\"\n        data-mob-visible=\"1\"\n        data-scroll=\"1\"\n                        data-speed=\"normal\"\n        data-wrapvar=\"1\"\n        data-slider_nav=\"1\"\n        data-pager=\"1\"\n        data-effect=\"scroll\" \n        data-height=\"variable\"\n        data-css_url=\"https:\/\/conference.cag.edu.tr\/tubitak2237\/wp-content\/plugins\/themify-builder\/css\/modules\/sliders\/carousel,https:\/\/conference.cag.edu.tr\/tubitak2237\/wp-content\/plugins\/themify-builder\/css\/modules\/sliders\/testimonial-slider\"\n                    >\n        <div class=\"tf_swiper-wrapper tf_lazy tf_rel tf_w tf_h tf_textc\">\n                <\/div>\n    <\/div>\n<\/div>\n<div  class=\"module themify_builder_slider_wrap tf_clearfix module-testimonial-slider tb_z3wb336  image-top  \" data-lazy=\"1\">\n    <h3 class=\"module-title\">Prof. Dr. \u00dcnal Ay - \u00c7a\u011f \u00dcniversitesi - \u0130\u015fletme Y\u00f6netimi B\u00f6l\u00fcm\u00fc<\/h3>    <div class=\"themify_builder_slider tf_carousel tf_swiper-container tf_rel tf_overflow\" data-lazy=\"1\"        data-visible=\"1\"\n        data-tab-visible=\"1\"\n        data-mob-visible=\"1\"\n        data-scroll=\"1\"\n                        data-speed=\"normal\"\n        data-wrapvar=\"1\"\n        data-slider_nav=\"1\"\n        data-pager=\"1\"\n        data-effect=\"scroll\" \n        data-height=\"variable\"\n        data-css_url=\"https:\/\/conference.cag.edu.tr\/tubitak2237\/wp-content\/plugins\/themify-builder\/css\/modules\/sliders\/carousel,https:\/\/conference.cag.edu.tr\/tubitak2237\/wp-content\/plugins\/themify-builder\/css\/modules\/sliders\/testimonial-slider\"\n                    >\n        <div class=\"tf_swiper-wrapper tf_lazy tf_rel tf_w tf_h tf_textc\">\n                <\/div>\n    <\/div>\n<\/div>\n<div  class=\"module themify_builder_slider_wrap tf_clearfix module-testimonial-slider tb_7iqt403  image-top  \" data-lazy=\"1\">\n    <h3 class=\"module-title\">Do\u00e7. Dr. \u00c7i\u011fdem Nas - Y\u0131ld\u0131z Teknik \u00dcniversitesi - Uluslararas\u0131 \u0130li\u015fkiler B\u00f6l\u00fcm\u00fc<\/h3>    <div class=\"themify_builder_slider tf_carousel tf_swiper-container tf_rel tf_overflow\" data-lazy=\"1\"        data-visible=\"1\"\n        data-tab-visible=\"1\"\n        data-mob-visible=\"1\"\n        data-scroll=\"1\"\n                        data-speed=\"normal\"\n        data-wrapvar=\"1\"\n        data-slider_nav=\"1\"\n        data-pager=\"1\"\n        data-effect=\"scroll\" \n        data-height=\"variable\"\n        data-css_url=\"https:\/\/conference.cag.edu.tr\/tubitak2237\/wp-content\/plugins\/themify-builder\/css\/modules\/sliders\/carousel,https:\/\/conference.cag.edu.tr\/tubitak2237\/wp-content\/plugins\/themify-builder\/css\/modules\/sliders\/testimonial-slider\"\n                    >\n        <div class=\"tf_swiper-wrapper tf_lazy tf_rel tf_w tf_h tf_textc\">\n                <\/div>\n    <\/div>\n<\/div>\n<div  class=\"module themify_builder_slider_wrap tf_clearfix module-testimonial-slider tb_q7tb488  image-top  \" data-lazy=\"1\">\n    <h3 class=\"module-title\">Do\u00e7. Dr. Marella Bodur-\u00dcn - \u00c7ukurova \u00dcniversitesi - Uluslararas\u0131 \u0130li\u015fkiler B\u00f6l\u00fcm\u00fc<\/h3>    <div class=\"themify_builder_slider tf_carousel tf_swiper-container tf_rel tf_overflow\" data-lazy=\"1\"        data-visible=\"1\"\n        data-tab-visible=\"1\"\n        data-mob-visible=\"1\"\n        data-scroll=\"1\"\n                        data-speed=\"normal\"\n        data-wrapvar=\"1\"\n        data-slider_nav=\"1\"\n        data-pager=\"1\"\n        data-effect=\"scroll\" \n        data-height=\"variable\"\n        data-css_url=\"https:\/\/conference.cag.edu.tr\/tubitak2237\/wp-content\/plugins\/themify-builder\/css\/modules\/sliders\/carousel,https:\/\/conference.cag.edu.tr\/tubitak2237\/wp-content\/plugins\/themify-builder\/css\/modules\/sliders\/testimonial-slider\"\n                    >\n        <div class=\"tf_swiper-wrapper tf_lazy tf_rel tf_w tf_h tf_textc\">\n                <\/div>\n    <\/div>\n<\/div>\n        <\/div>\n                        <\/div>\n        <\/div>\n                        <div  data-css_id=\"db01cce\" data-lazy=\"1\" class=\"module_row themify_builder_row fullwidth_row_container tb_db01cce tf_w\">\n                        <div class=\"row_inner col_align_top tb_col_count_1 tf_box tf_rel\">\n                        <div  data-lazy=\"1\" class=\"module_column tb-column col-full tb_8c12b6c first\">\n                    <!-- module buttons -->\n<div  class=\"module module-buttons tb_351a37d buttons-horizontal solid  circle\" data-lazy=\"1\">\n        <div class=\"module-buttons-item tf_in_flx\">\n                        <a href=\"https:\/\/conference.cag.edu.tr\/tubitak2237\/basvuru-sureci\/\" class=\"ui builder_button tf_in_flx red\" >\n                                    <em><svg  class=\"tf_fa tf-ti-hand-point-right\" aria-hidden=\"true\"><use href=\"#tf-ti-hand-point-right\"><\/use><\/svg><\/em>                                        Ba\u015fvuru                                        <\/a>\n                <\/div>\n            <\/div>\n<!-- \/module buttons -->\n<!-- module text -->\n<div  class=\"module module-text tb_560d5c5  repeat \" data-lazy=\"1\">\n        <div  class=\"tb_text_wrap\">\n        <h3>\u201cEurope will be forged in crises, and will be the sum of the solutions adopted for those crises.\u201d- Jean Monnet<\/h3>    <\/div>\n<\/div>\n<!-- \/module text -->        <\/div>\n                        <\/div>\n        <\/div>\n        <\/div>\n<!--\/themify_builder_content-->","protected":false},"excerpt":{"rendered":"<p>Bilim Kurulu Prof. Dr. Asl\u0131 Ilg\u0131t &#8211; \u00c7ukurova \u00dcniversitesi &#8211; Uluslararas\u0131 \u0130li\u015fkiler B\u00f6l\u00fcm\u00fc Prof. Dr. Belgin Ak\u00e7ay- Ankara \u00dcniversitesi &#8211; Hukuk Fak\u00fcltesi Prof. Dr. Levent K\u0131rval &#8211; \u0130stanbul Teknik \u00dcniversitesi &#8211; Denizcilik Fak\u00fcltesi Prof. Dr. \u00dcnal Ay &#8211; \u00c7a\u011f \u00dcniversitesi &#8211; \u0130\u015fletme Y\u00f6netimi B\u00f6l\u00fcm\u00fc Do\u00e7. Dr. \u00c7i\u011fdem Nas &#8211; Y\u0131ld\u0131z Teknik \u00dcniversitesi &#8211; Uluslararas\u0131 \u0130li\u015fkiler [&hellip;]<\/p>\n","protected":false},"author":2,"featured_media":0,"parent":0,"menu_order":0,"comment_status":"closed","ping_status":"closed","template":"","meta":{"footnotes":""},"class_list":["post-1433","page","type-page","status-publish","hentry"],"builder_content":"Bilim Kurulu\n<h3>Prof. Dr. Asl\u0131 Ilg\u0131t - \u00c7ukurova \u00dcniversitesi - Uluslararas\u0131 \u0130li\u015fkiler B\u00f6l\u00fcm\u00fc<\/h3>\n<h3>Prof. Dr. Belgin Ak\u00e7ay- Ankara \u00dcniversitesi - Hukuk Fak\u00fcltesi<\/h3>\n<h3>Prof. Dr. Levent K\u0131rval - \u0130stanbul Teknik \u00dcniversitesi - Denizcilik Fak\u00fcltesi<\/h3>\n<h3>Prof. Dr. \u00dcnal Ay - \u00c7a\u011f \u00dcniversitesi - \u0130\u015fletme Y\u00f6netimi B\u00f6l\u00fcm\u00fc<\/h3>\n<h3>Do\u00e7. Dr. \u00c7i\u011fdem Nas - Y\u0131ld\u0131z Teknik \u00dcniversitesi - Uluslararas\u0131 \u0130li\u015fkiler B\u00f6l\u00fcm\u00fc<\/h3>\n<h3>Do\u00e7. Dr. Marella Bodur-\u00dcn - \u00c7ukurova \u00dcniversitesi - Uluslararas\u0131 \u0130li\u015fkiler B\u00f6l\u00fcm\u00fc<\/h3>\n<a href=\"https:\/\/conference.cag.edu.tr\/tubitak2237\/basvuru-sureci\/\" > <em><svg aria-hidden=\"true\"><use href=\"#tf-ti-hand-point-right\"><\/use><\/svg><\/em> Ba\u015fvuru <\/a>\n<h3>\u201cEurope will be forged in crises, and will be the sum of the solutions adopted for those crises.\u201d- Jean Monnet<\/h3>","_links":{"self":[{"href":"https:\/\/conference.cag.edu.tr\/tubitak2237\/wp-json\/wp\/v2\/pages\/1433","targetHints":{"allow":["GET"]}}],"collection":[{"href":"https:\/\/conference.cag.edu.tr\/tubitak2237\/wp-json\/wp\/v2\/pages"}],"about":[{"href":"https:\/\/conference.cag.edu.tr\/tubitak2237\/wp-json\/wp\/v2\/types\/page"}],"author":[{"embeddable":true,"href":"https:\/\/conference.cag.edu.tr\/tubitak2237\/wp-json\/wp\/v2\/users\/2"}],"replies":[{"embeddable":true,"href":"https:\/\/conference.cag.edu.tr\/tubitak2237\/wp-json\/wp\/v2\/comments?post=1433"}],"version-history":[{"count":50,"href":"https:\/\/conference.cag.edu.tr\/tubitak2237\/wp-json\/wp\/v2\/pages\/1433\/revisions"}],"predecessor-version":[{"id":1499,"href":"https:\/\/conference.cag.edu.tr\/tubitak2237\/wp-json\/wp\/v2\/pages\/1433\/revisions\/1499"}],"wp:attachment":[{"href":"https:\/\/conference.cag.edu.tr\/tubitak2237\/wp-json\/wp\/v2\/media?parent=1433"}],"curies":[{"name":"wp","href":"https:\/\/api.w.org\/{rel}","templated":true}]}}