{"id":794,"date":"2024-01-30T12:36:38","date_gmt":"2024-01-30T09:36:38","guid":{"rendered":"https:\/\/conference.cag.edu.tr\/tubitak2237\/?page_id=794"},"modified":"2026-02-06T10:21:07","modified_gmt":"2026-02-06T07:21:07","slug":"konusmaci","status":"publish","type":"page","link":"https:\/\/conference.cag.edu.tr\/tubitak2237\/konusmaci\/","title":{"rendered":"E\u011fitmenler \/ Davetli Konu\u015fmac\u0131lar"},"content":{"rendered":"<!--themify_builder_content-->\n<div id=\"themify_builder_content-794\" data-postid=\"794\" class=\"themify_builder_content themify_builder_content-794 themify_builder tf_clear\">\n                    <div  data-lazy=\"1\" class=\"module_row themify_builder_row tb_l9og863 tb_first tf_w\">\n                        <div class=\"row_inner col_align_top tb_col_count_1 tf_box tf_rel\">\n                        <div  data-lazy=\"1\" class=\"module_column tb-column col-full tb_u46f864 first\">\n                            <div  data-lazy=\"1\" class=\"module_subrow themify_builder_sub_row tf_w col_align_top tb_col_count_1 tb_vkjd864\">\n                <div  data-lazy=\"1\" class=\"module_column sub_column col-full tb_nhbh864 first\">\n                    <!-- module plain text -->\n<div  class=\"module module-plain-text tb_0igt864 \" data-lazy=\"1\">\n        <div class=\"tb_text_wrap\">\n    E\u011fitmenler &#8211; Davetli Konu\u015fmac\u0131lar    <\/div>\n<\/div>\n<!-- \/module plain text -->        <\/div>\n                    <\/div>\n                <\/div>\n                        <\/div>\n        <\/div>\n                        <div  data-lazy=\"1\" class=\"module_row themify_builder_row tb_kgy2480 tf_w\">\n                        <div class=\"row_inner col_align_top tb_col_count_3 tf_box tf_rel\">\n                        <div  data-lazy=\"1\" class=\"module_column tb-column col3-1 tb_wtpq480 first\">\n                    <!-- module image -->\n<div  class=\"module module-image tb_6zdc200 image-center rounded drop-shadow bordered circle  tf_mw\" data-lazy=\"1\">\n        <div class=\"image-wrap tf_rel tf_mw\">\n            <img loading=\"lazy\" decoding=\"async\" src=\"https:\/\/conference.cag.edu.tr\/tubitak2237\/wp-content\/uploads\/2026\/01\/docdr-sevgi-balkan-RUwv-200x200.jpg\" width=\"200\" height=\"200\" class=\"wp-post-image wp-image-1291\" title=\"Do\u00e7. Dr. Sevgi Balkan-\u015eahin\" alt=\"\u00c7a\u011f \u00dcniversitesi\" srcset=\"https:\/\/conference.cag.edu.tr\/tubitak2237\/wp-content\/uploads\/2026\/01\/docdr-sevgi-balkan-RUwv-200x200.jpg 200w, https:\/\/conference.cag.edu.tr\/tubitak2237\/wp-content\/uploads\/2026\/01\/docdr-sevgi-balkan-RUwv-150x150.jpg 150w, https:\/\/conference.cag.edu.tr\/tubitak2237\/wp-content\/uploads\/2026\/01\/docdr-sevgi-balkan-RUwv.jpg 300w\" sizes=\"auto, (max-width: 200px) 100vw, 200px\" \/>    \n        <\/div>\n    <!-- \/image-wrap -->\n    \n        <div class=\"image-content\">\n                    <h3 class=\"image-title\">\n                                    Do\u00e7. Dr. Sevgi Balkan-\u015eahin                            <\/h3>\n                        <div class=\"image-caption tb_text_wrap\">\n            \u00c7a\u011f \u00dcniversitesi        <\/div>\n        <!-- \/image-caption -->\n            <\/div>\n    <!-- \/image-content -->\n        <\/div>\n<!-- \/module image -->        <\/div>\n                    <div  data-lazy=\"1\" class=\"module_column tb-column col3-1 tb_m4rj480\">\n                    <!-- module image -->\n<div  class=\"module module-image tb_8azy525 image-center rounded drop-shadow bordered circle  tf_mw\" data-lazy=\"1\">\n        <div class=\"image-wrap tf_rel tf_mw\">\n            <img loading=\"lazy\" decoding=\"async\" src=\"https:\/\/conference.cag.edu.tr\/tubitak2237\/wp-content\/uploads\/2026\/01\/Harun-Arikan-200x200.png\" width=\"200\" height=\"200\" class=\"wp-post-image wp-image-1361\" title=\"Prof. Dr. Harun Ar\u0131kan\" alt=\"\u00c7ukurova \u00dcniversitesi\" srcset=\"https:\/\/conference.cag.edu.tr\/tubitak2237\/wp-content\/uploads\/2026\/01\/Harun-Arikan-200x200.png 200w, https:\/\/conference.cag.edu.tr\/tubitak2237\/wp-content\/uploads\/2026\/01\/Harun-Arikan-150x150.png 150w\" sizes=\"auto, (max-width: 200px) 100vw, 200px\" \/>    \n        <\/div>\n    <!-- \/image-wrap -->\n    \n        <div class=\"image-content\">\n                    <h3 class=\"image-title\">\n                                    Prof. Dr. Harun Ar\u0131kan                            <\/h3>\n                        <div class=\"image-caption tb_text_wrap\">\n            \u00c7ukurova \u00dcniversitesi        <\/div>\n        <!-- \/image-caption -->\n            <\/div>\n    <!-- \/image-content -->\n        <\/div>\n<!-- \/module image -->        <\/div>\n                    <div  data-lazy=\"1\" class=\"module_column tb-column col3-1 tb_h6zu480 last\">\n                    <!-- module image -->\n<div  class=\"module module-image tb_zxfj200 image-center rounded drop-shadow bordered circle  tf_mw\" data-lazy=\"1\">\n        <div class=\"image-wrap tf_rel tf_mw\">\n            <img loading=\"lazy\" decoding=\"async\" src=\"https:\/\/conference.cag.edu.tr\/tubitak2237\/wp-content\/uploads\/2026\/01\/Prof.-Dr.-Basak-Alpan-820x1024-200x200.jpg\" width=\"200\" height=\"200\" class=\"wp-post-image wp-image-1362\" title=\"Prof. Dr. Ba\u015fak Alpan\" alt=\"Orta Do\u011fu Teknik \u00dcniversitesi\" srcset=\"https:\/\/conference.cag.edu.tr\/tubitak2237\/wp-content\/uploads\/2026\/01\/Prof.-Dr.-Basak-Alpan-820x1024-200x200.jpg 200w, https:\/\/conference.cag.edu.tr\/tubitak2237\/wp-content\/uploads\/2026\/01\/Prof.-Dr.-Basak-Alpan-150x150.jpg 150w, https:\/\/conference.cag.edu.tr\/tubitak2237\/wp-content\/uploads\/2026\/01\/Prof.-Dr.-Basak-Alpan-820x1024-162x162.jpg 162w\" sizes=\"auto, (max-width: 200px) 100vw, 200px\" \/>    \n        <\/div>\n    <!-- \/image-wrap -->\n    \n        <div class=\"image-content\">\n                    <h3 class=\"image-title\">\n                                    Prof. Dr. Ba\u015fak Alpan                            <\/h3>\n                        <div class=\"image-caption tb_text_wrap\">\n            Orta Do\u011fu Teknik \u00dcniversitesi        <\/div>\n        <!-- \/image-caption -->\n            <\/div>\n    <!-- \/image-content -->\n        <\/div>\n<!-- \/module image -->        <\/div>\n                        <\/div>\n        <\/div>\n                        <div  data-lazy=\"1\" class=\"module_row themify_builder_row tb_nybe377 tf_w\">\n                        <div class=\"row_inner col_align_top tb_col_count_3 tf_box tf_rel\">\n                        <div  data-lazy=\"1\" class=\"module_column tb-column col3-1 tb_vy9s377 first\">\n                    <!-- module image -->\n<div  class=\"module module-image tb_2o2s200 image-center rounded drop-shadow bordered circle  tf_mw\" data-lazy=\"1\">\n        <div class=\"image-wrap tf_rel tf_mw\">\n            <img loading=\"lazy\" decoding=\"async\" src=\"https:\/\/conference.cag.edu.tr\/tubitak2237\/wp-content\/uploads\/2026\/01\/Doc.-Dr.-Serdar-Altay-200x200.jpg\" width=\"200\" height=\"200\" class=\"wp-post-image wp-image-1363\" title=\"Do\u00e7. Dr. Serdar Altay\" alt=\"\u0130stanbul Teknik \u00dcniversitesi\" srcset=\"https:\/\/conference.cag.edu.tr\/tubitak2237\/wp-content\/uploads\/2026\/01\/Doc.-Dr.-Serdar-Altay-200x200.jpg 200w, https:\/\/conference.cag.edu.tr\/tubitak2237\/wp-content\/uploads\/2026\/01\/Doc.-Dr.-Serdar-Altay-150x150.jpg 150w\" sizes=\"auto, (max-width: 200px) 100vw, 200px\" \/>    \n        <\/div>\n    <!-- \/image-wrap -->\n    \n        <div class=\"image-content\">\n                    <h3 class=\"image-title\">\n                                    Do\u00e7. Dr. Serdar Altay                            <\/h3>\n                        <div class=\"image-caption tb_text_wrap\">\n            \u0130stanbul Teknik \u00dcniversitesi        <\/div>\n        <!-- \/image-caption -->\n            <\/div>\n    <!-- \/image-content -->\n        <\/div>\n<!-- \/module image -->        <\/div>\n                    <div  data-lazy=\"1\" class=\"module_column tb-column col3-1 tb_kxyl378\">\n                    <!-- module image -->\n<div  class=\"module module-image tb_4xe5526 image-center rounded drop-shadow bordered circle  tf_mw\" data-lazy=\"1\">\n        <div class=\"image-wrap tf_rel tf_mw\">\n            <img loading=\"lazy\" decoding=\"async\" src=\"https:\/\/conference.cag.edu.tr\/tubitak2237\/wp-content\/uploads\/2026\/01\/Prof.-Dr.-Belgin-Akcay-200x200.jpg\" width=\"200\" height=\"200\" class=\"wp-post-image wp-image-1418\" title=\"Prof. Dr. Belgin Ak\u00e7ay\" alt=\"Ankara \u00dcniversitesi\" srcset=\"https:\/\/conference.cag.edu.tr\/tubitak2237\/wp-content\/uploads\/2026\/01\/Prof.-Dr.-Belgin-Akcay-200x200.jpg 200w, https:\/\/conference.cag.edu.tr\/tubitak2237\/wp-content\/uploads\/2026\/01\/Prof.-Dr.-Belgin-Akcay-150x150.jpg 150w\" sizes=\"auto, (max-width: 200px) 100vw, 200px\" \/>    \n        <\/div>\n    <!-- \/image-wrap -->\n    \n        <div class=\"image-content\">\n                    <h3 class=\"image-title\">\n                                    Prof. Dr. Belgin Ak\u00e7ay                            <\/h3>\n                        <div class=\"image-caption tb_text_wrap\">\n            Ankara \u00dcniversitesi        <\/div>\n        <!-- \/image-caption -->\n            <\/div>\n    <!-- \/image-content -->\n        <\/div>\n<!-- \/module image -->        <\/div>\n                    <div  data-lazy=\"1\" class=\"module_column tb-column col3-1 tb_8ki8378 last\">\n                    <!-- module image -->\n<div  class=\"module module-image tb_7lpm176 image-center rounded drop-shadow bordered circle  tf_mw\" data-lazy=\"1\">\n        <div class=\"image-wrap tf_rel tf_mw\">\n            <img loading=\"lazy\" decoding=\"async\" src=\"https:\/\/conference.cag.edu.tr\/tubitak2237\/wp-content\/uploads\/2026\/01\/Prof.-Dr.-Ilke-Gocmen-200x200.png\" width=\"200\" height=\"200\" class=\"wp-post-image wp-image-1419\" title=\"Prof. Dr. \u0130lke G\u00f6\u00e7men\" alt=\"Ankara \u00dcniversitesi\" srcset=\"https:\/\/conference.cag.edu.tr\/tubitak2237\/wp-content\/uploads\/2026\/01\/Prof.-Dr.-Ilke-Gocmen-200x200.png 200w, https:\/\/conference.cag.edu.tr\/tubitak2237\/wp-content\/uploads\/2026\/01\/Prof.-Dr.-Ilke-Gocmen-150x150.png 150w, https:\/\/conference.cag.edu.tr\/tubitak2237\/wp-content\/uploads\/2026\/01\/Prof.-Dr.-Ilke-Gocmen.png 272w\" sizes=\"auto, (max-width: 200px) 100vw, 200px\" \/>    \n        <\/div>\n    <!-- \/image-wrap -->\n    \n        <div class=\"image-content\">\n                    <h3 class=\"image-title\">\n                                    Prof. Dr. \u0130lke G\u00f6\u00e7men                            <\/h3>\n                        <div class=\"image-caption tb_text_wrap\">\n            Ankara \u00dcniversitesi        <\/div>\n        <!-- \/image-caption -->\n            <\/div>\n    <!-- \/image-content -->\n        <\/div>\n<!-- \/module image -->        <\/div>\n                        <\/div>\n        <\/div>\n                        <div  data-lazy=\"1\" class=\"module_row themify_builder_row tb_uimz325 tf_w\">\n                        <div class=\"row_inner col_align_top tb_col_count_3 tf_box tf_rel\">\n                        <div  data-lazy=\"1\" class=\"module_column tb-column col3-1 tb_rl1f326 first\">\n                            <\/div>\n                    <div  data-lazy=\"1\" class=\"module_column tb-column col3-1 tb_hgp9326\">\n                    <!-- module image -->\n<div  class=\"module module-image tb_d68t784 image-center rounded drop-shadow bordered circle  tf_mw\" data-lazy=\"1\">\n        <div class=\"image-wrap tf_rel tf_mw\">\n            <img loading=\"lazy\" decoding=\"async\" src=\"https:\/\/conference.cag.edu.tr\/tubitak2237\/wp-content\/uploads\/2026\/01\/arsgor-ozge-cetiner-A8MJ-200x200.jpg\" width=\"200\" height=\"200\" class=\"wp-post-image wp-image-1318\" title=\"Dr. \u00d6\u011fr. \u00dcyesi \u00d6zge \u00c7etiner\" alt=\"\u00c7a\u011f \u00dcniversitesi\" srcset=\"https:\/\/conference.cag.edu.tr\/tubitak2237\/wp-content\/uploads\/2026\/01\/arsgor-ozge-cetiner-A8MJ-200x200.jpg 200w, https:\/\/conference.cag.edu.tr\/tubitak2237\/wp-content\/uploads\/2026\/01\/arsgor-ozge-cetiner-A8MJ-150x150.jpg 150w, https:\/\/conference.cag.edu.tr\/tubitak2237\/wp-content\/uploads\/2026\/01\/arsgor-ozge-cetiner-A8MJ.jpg 300w\" sizes=\"auto, (max-width: 200px) 100vw, 200px\" \/>    \n        <\/div>\n    <!-- \/image-wrap -->\n    \n        <div class=\"image-content\">\n                    <h3 class=\"image-title\">\n                                    Dr. \u00d6\u011fr. \u00dcyesi \u00d6zge \u00c7etiner                            <\/h3>\n                        <div class=\"image-caption tb_text_wrap\">\n            \u00c7a\u011f \u00dcniversitesi        <\/div>\n        <!-- \/image-caption -->\n            <\/div>\n    <!-- \/image-content -->\n        <\/div>\n<!-- \/module image -->        <\/div>\n                    <div  data-lazy=\"1\" class=\"module_column tb-column col3-1 tb_508k326 last\">\n                            <\/div>\n                        <\/div>\n        <\/div>\n        <\/div>\n<!--\/themify_builder_content-->","protected":false},"excerpt":{"rendered":"<p>E\u011fitmenler &#8211; Davetli Konu\u015fmac\u0131lar Do\u00e7. Dr. Sevgi Balkan-\u015eahin \u00c7a\u011f \u00dcniversitesi Prof. Dr. Harun Ar\u0131kan \u00c7ukurova \u00dcniversitesi Prof. Dr. Ba\u015fak Alpan Orta Do\u011fu Teknik \u00dcniversitesi Do\u00e7. Dr. Serdar Altay \u0130stanbul Teknik \u00dcniversitesi Prof. Dr. Belgin Ak\u00e7ay Ankara \u00dcniversitesi Prof. Dr. \u0130lke G\u00f6\u00e7men Ankara \u00dcniversitesi Dr. \u00d6\u011fr. \u00dcyesi \u00d6zge \u00c7etiner \u00c7a\u011f \u00dcniversitesi<\/p>\n","protected":false},"author":1,"featured_media":0,"parent":0,"menu_order":0,"comment_status":"closed","ping_status":"closed","template":"","meta":{"footnotes":""},"class_list":["post-794","page","type-page","status-publish","hentry"],"builder_content":"E\u011fitmenler - Davetli Konu\u015fmac\u0131lar\n<img src=\"https:\/\/conference.cag.edu.tr\/tubitak2237\/wp-content\/uploads\/2026\/01\/docdr-sevgi-balkan-RUwv-200x200.jpg\" width=\"200\" height=\"200\" title=\"Do\u00e7. Dr. Sevgi Balkan-\u015eahin\" alt=\"\u00c7a\u011f \u00dcniversitesi\" srcset=\"https:\/\/conference.cag.edu.tr\/tubitak2237\/wp-content\/uploads\/2026\/01\/docdr-sevgi-balkan-RUwv-200x200.jpg 200w, https:\/\/conference.cag.edu.tr\/tubitak2237\/wp-content\/uploads\/2026\/01\/docdr-sevgi-balkan-RUwv-150x150.jpg 150w, https:\/\/conference.cag.edu.tr\/tubitak2237\/wp-content\/uploads\/2026\/01\/docdr-sevgi-balkan-RUwv.jpg 300w\" sizes=\"(max-width: 200px) 100vw, 200px\" \/> <h3> Do\u00e7. Dr. Sevgi Balkan-\u015eahin <\/h3> \u00c7a\u011f \u00dcniversitesi\n<img src=\"https:\/\/conference.cag.edu.tr\/tubitak2237\/wp-content\/uploads\/2026\/01\/Harun-Arikan-200x200.png\" width=\"200\" height=\"200\" title=\"Prof. Dr. Harun Ar\u0131kan\" alt=\"\u00c7ukurova \u00dcniversitesi\" srcset=\"https:\/\/conference.cag.edu.tr\/tubitak2237\/wp-content\/uploads\/2026\/01\/Harun-Arikan-200x200.png 200w, https:\/\/conference.cag.edu.tr\/tubitak2237\/wp-content\/uploads\/2026\/01\/Harun-Arikan-150x150.png 150w\" sizes=\"(max-width: 200px) 100vw, 200px\" \/> <h3> Prof. Dr. Harun Ar\u0131kan <\/h3> \u00c7ukurova \u00dcniversitesi\n<img src=\"https:\/\/conference.cag.edu.tr\/tubitak2237\/wp-content\/uploads\/2026\/01\/Prof.-Dr.-Basak-Alpan-820x1024-200x200.jpg\" width=\"200\" height=\"200\" title=\"Prof. Dr. Ba\u015fak Alpan\" alt=\"Orta Do\u011fu Teknik \u00dcniversitesi\" srcset=\"https:\/\/conference.cag.edu.tr\/tubitak2237\/wp-content\/uploads\/2026\/01\/Prof.-Dr.-Basak-Alpan-820x1024-200x200.jpg 200w, https:\/\/conference.cag.edu.tr\/tubitak2237\/wp-content\/uploads\/2026\/01\/Prof.-Dr.-Basak-Alpan-150x150.jpg 150w, https:\/\/conference.cag.edu.tr\/tubitak2237\/wp-content\/uploads\/2026\/01\/Prof.-Dr.-Basak-Alpan-820x1024-162x162.jpg 162w\" sizes=\"(max-width: 200px) 100vw, 200px\" \/> <h3> Prof. Dr. Ba\u015fak Alpan <\/h3> Orta Do\u011fu Teknik \u00dcniversitesi\n<img src=\"https:\/\/conference.cag.edu.tr\/tubitak2237\/wp-content\/uploads\/2026\/01\/Doc.-Dr.-Serdar-Altay-200x200.jpg\" width=\"200\" height=\"200\" title=\"Do\u00e7. Dr. Serdar Altay\" alt=\"\u0130stanbul Teknik \u00dcniversitesi\" srcset=\"https:\/\/conference.cag.edu.tr\/tubitak2237\/wp-content\/uploads\/2026\/01\/Doc.-Dr.-Serdar-Altay-200x200.jpg 200w, https:\/\/conference.cag.edu.tr\/tubitak2237\/wp-content\/uploads\/2026\/01\/Doc.-Dr.-Serdar-Altay-150x150.jpg 150w\" sizes=\"(max-width: 200px) 100vw, 200px\" \/> <h3> Do\u00e7. Dr. Serdar Altay <\/h3> \u0130stanbul Teknik \u00dcniversitesi\n<img src=\"https:\/\/conference.cag.edu.tr\/tubitak2237\/wp-content\/uploads\/2026\/01\/Prof.-Dr.-Belgin-Akcay-200x200.jpg\" width=\"200\" height=\"200\" title=\"Prof. Dr. Belgin Ak\u00e7ay\" alt=\"Ankara \u00dcniversitesi\" srcset=\"https:\/\/conference.cag.edu.tr\/tubitak2237\/wp-content\/uploads\/2026\/01\/Prof.-Dr.-Belgin-Akcay-200x200.jpg 200w, https:\/\/conference.cag.edu.tr\/tubitak2237\/wp-content\/uploads\/2026\/01\/Prof.-Dr.-Belgin-Akcay-150x150.jpg 150w\" sizes=\"(max-width: 200px) 100vw, 200px\" \/> <h3> Prof. Dr. Belgin Ak\u00e7ay <\/h3> Ankara \u00dcniversitesi\n<img src=\"https:\/\/conference.cag.edu.tr\/tubitak2237\/wp-content\/uploads\/2026\/01\/Prof.-Dr.-Ilke-Gocmen-200x200.png\" width=\"200\" height=\"200\" title=\"Prof. Dr. \u0130lke G\u00f6\u00e7men\" alt=\"Ankara \u00dcniversitesi\" srcset=\"https:\/\/conference.cag.edu.tr\/tubitak2237\/wp-content\/uploads\/2026\/01\/Prof.-Dr.-Ilke-Gocmen-200x200.png 200w, https:\/\/conference.cag.edu.tr\/tubitak2237\/wp-content\/uploads\/2026\/01\/Prof.-Dr.-Ilke-Gocmen-150x150.png 150w, https:\/\/conference.cag.edu.tr\/tubitak2237\/wp-content\/uploads\/2026\/01\/Prof.-Dr.-Ilke-Gocmen.png 272w\" sizes=\"(max-width: 200px) 100vw, 200px\" \/> <h3> Prof. Dr. \u0130lke G\u00f6\u00e7men <\/h3> Ankara \u00dcniversitesi\n<img src=\"https:\/\/conference.cag.edu.tr\/tubitak2237\/wp-content\/uploads\/2026\/01\/arsgor-ozge-cetiner-A8MJ-200x200.jpg\" width=\"200\" height=\"200\" title=\"Dr. \u00d6\u011fr. \u00dcyesi \u00d6zge \u00c7etiner\" alt=\"\u00c7a\u011f \u00dcniversitesi\" srcset=\"https:\/\/conference.cag.edu.tr\/tubitak2237\/wp-content\/uploads\/2026\/01\/arsgor-ozge-cetiner-A8MJ-200x200.jpg 200w, https:\/\/conference.cag.edu.tr\/tubitak2237\/wp-content\/uploads\/2026\/01\/arsgor-ozge-cetiner-A8MJ-150x150.jpg 150w, https:\/\/conference.cag.edu.tr\/tubitak2237\/wp-content\/uploads\/2026\/01\/arsgor-ozge-cetiner-A8MJ.jpg 300w\" sizes=\"(max-width: 200px) 100vw, 200px\" \/> <h3> Dr. \u00d6\u011fr. \u00dcyesi \u00d6zge \u00c7etiner <\/h3> \u00c7a\u011f \u00dcniversitesi","_links":{"self":[{"href":"https:\/\/conference.cag.edu.tr\/tubitak2237\/wp-json\/wp\/v2\/pages\/794","targetHints":{"allow":["GET"]}}],"collection":[{"href":"https:\/\/conference.cag.edu.tr\/tubitak2237\/wp-json\/wp\/v2\/pages"}],"about":[{"href":"https:\/\/conference.cag.edu.tr\/tubitak2237\/wp-json\/wp\/v2\/types\/page"}],"author":[{"embeddable":true,"href":"https:\/\/conference.cag.edu.tr\/tubitak2237\/wp-json\/wp\/v2\/users\/1"}],"replies":[{"embeddable":true,"href":"https:\/\/conference.cag.edu.tr\/tubitak2237\/wp-json\/wp\/v2\/comments?post=794"}],"version-history":[{"count":24,"href":"https:\/\/conference.cag.edu.tr\/tubitak2237\/wp-json\/wp\/v2\/pages\/794\/revisions"}],"predecessor-version":[{"id":1429,"href":"https:\/\/conference.cag.edu.tr\/tubitak2237\/wp-json\/wp\/v2\/pages\/794\/revisions\/1429"}],"wp:attachment":[{"href":"https:\/\/conference.cag.edu.tr\/tubitak2237\/wp-json\/wp\/v2\/media?parent=794"}],"curies":[{"name":"wp","href":"https:\/\/api.w.org\/{rel}","templated":true}]}}